{"id":1146,"date":"2016-03-13T22:23:51","date_gmt":"2016-03-14T02:23:51","guid":{"rendered":"http:\/\/www.carl-abrc.ca\/fr\/?page_id=1146"},"modified":"2025-10-15T09:45:13","modified_gmt":"2025-10-15T13:45:13","slug":"information-pour-les-auteurs","status":"publish","type":"page","link":"https:\/\/www.carl-abrc.ca\/fr\/faire-avancer-la-recherche\/communication-savante\/information-pour-les-auteurs\/","title":{"rendered":"Ressources pour les auteurs"},"content":{"rendered":"\t\t<div data-elementor-type=\"wp-page\" data-elementor-id=\"1146\" class=\"elementor elementor-1146 elementor-1140\">\n\t\t\t\t<div class=\"elementor-element elementor-element-4e1031bc e-flex e-con-boxed e-con e-parent\" data-id=\"4e1031bc\" data-element_type=\"container\" data-e-type=\"container\">\n\t\t\t\t\t<div class=\"e-con-inner\">\n\t\t\t\t<div class=\"elementor-element elementor-element-5d2d3bfb elementor-widget elementor-widget-text-editor\" data-id=\"5d2d3bfb\" data-element_type=\"widget\" data-e-type=\"widget\" data-widget_type=\"text-editor.default\">\n\t\t\t\t<div class=\"elementor-widget-container\">\n\t\t\t\t\t\t\t\t\t<p>Les ressources suivantes, qui visent les chercheurs ainsi que\u00a0les biblioth\u00e9caires qui communiquent avec les chercheurs, offrent\u00a0une introduction utile \u00e0 des sujets cl\u00e9s de communication savante.<\/p><p>\u00a0<\/p><h2>Droits d&rsquo;auteur<\/h2><p>M\u00eame les personnes qui lisent les petits caract\u00e8res de leur entente de publication peuvent ne pas comprendre enti\u00e8rement la mesure dans laquelle elles conservent ou c\u00e8dent leurs droits \u00e0 titre de cr\u00e9atrices d\u2019une \u0153uvre et ne pas comprendre les avantages de conserver un certain contr\u00f4le sur leur \u0153uvre.<\/p><p>L&rsquo;ABRC a publi\u00e9 en mai 2019 le <a href=\"http:\/\/www.carl-abrc.ca\/wp-content\/uploads\/2019\/05\/Guide_ABRC_droits_auteurs_FR_2019.pdf\">Guide des droits d\u2019auteur de l\u2019ABRC<\/a>.<\/p><p>En bref :<\/p><ul><li>En tant qu\u2019auteur, vous \u00eates titulaire du droit d\u2019auteur <em>\u00e0 moins que <\/em>vous ne c\u00e9diez les droits d&rsquo;auteur \u00e0 une autre personne dans le cadre d\u2019une entente sign\u00e9e.<\/li><li>De fa\u00e7on g\u00e9n\u00e9rale, le titulaire du droit d\u2019auteur poss\u00e8de les droits exclusifs de reproduction, de diffusion, de repr\u00e9sentation publique, de pr\u00e9sentation et de modification de l&rsquo;\u0153uvre originale.<\/li><li>Un auteur qui a c\u00e9d\u00e9 les droits d&rsquo;auteurs sans conserver ses droits doit demander une permission pour r\u00e9utiliser son \u0153uvre, \u00e0 moins que l\u2019utilisation soit l\u2019une des exemptions statutaires (p. ex., utilisation \u00e9quitable et exception \u00e0 des fins p\u00e9dagogiques) pr\u00e9vues dans la loi sur le droit d&rsquo;auteur.<\/li><li>Le titulaire des droits d\u2019auteur a le contr\u00f4le ultime sur une \u0153uvre. Les d\u00e9cisions concernant l\u2019usage de l&rsquo;\u0153uvre (comme la diffusion, l\u2019acc\u00e8s, le prix, les mises \u00e0 jour et toute restriction \u00e0 l\u2019usage) sont uniquement la responsabilit\u00e9 du titulaire des droits d&rsquo;auteur.<\/li><li>Les auteurs qui ont c\u00e9d\u00e9 leurs droits d&rsquo;auteur sans conserver une partie des droits pourraient ne pas \u00eatre en mesure de diffuser leur \u0153uvre sur les sites Web destin\u00e9s \u00e0 des cours, de verser l&rsquo;\u0153uvre dans un d\u00e9p\u00f4t num\u00e9rique public ou de r\u00e9utiliser des extraits dans une \u0153uvre ult\u00e9rieure.<\/li><\/ul><p>\u00a0<\/p><h2>Addenda de l\u2019auteur<\/h2><p>Bien que les ententes traditionnelles d\u2019\u00e9dition demandent souvent que les auteurs conc\u00e8dent les droits exclusifs \u00e0 l\u2019\u00e9diteur, les auteurs n\u00e9gocient de plus en plus afin de conserver une partie de leurs droits lorsqu\u2019ils concluent une entente de publication de leur \u0153uvre.<\/p><p>L\u2019<a href=\"http:\/\/www.carl-abrc.ca\/wp-content\/uploads\/2019\/05\/Addenda_auteur_can_FR_2019.pdf\">Addenda de l\u2019auteur canadien \u00e0 l\u2019entente de publication<\/a> (mis \u00e0 jour en 2019)\u00a0permet aux auteurs de conclure une entente plus juste du fait qu\u2019ils conservent certains droits, comme les droits de reproduction, de r\u00e9utilisation et de pr\u00e9sentation publique des articles qu\u2019ils publient \u00e0 des fins autres que commerciales. Cet addenda est pratique pour les chercheurs canadiens qui doivent se conformer aux politiques d&rsquo;acc\u00e8s public des conseils subventionnaires, comme la Politique des trois organismes sur le libre acc\u00e8s aux publications. L&rsquo;addenda canadien est conforme \u00e0 la loi canadienne sur le droit d&rsquo;auteur et constitue une adaptation de la version am\u00e9ricaine originale de l&rsquo;addenda de l\u2019auteur SPARC.<\/p><ul><li>Pour obtenir de plus amples renseignements, veuillez consulter le\u00a0<a href=\"http:\/\/www.carl-abrc.ca\/wp-content\/uploads\/2019\/05\/Guide_ABRC_Addenda_can_FR_2019.pdf\">Guide de l\u2019ABRC sur l\u2019utilisation de l\u2019Addenda de l\u2019auteur canadien<\/a> (2019)<\/li><\/ul><p>\u00a0<\/p><h2>Mesures<\/h2><p>Les mesures d\u2019impact sont des calculs con\u00e7us afin de quantifier l\u2019influence de la recherche et d\u2019une activit\u00e9 savante.\u00a0 \u00c9tant donn\u00e9 qu\u2019ils ont une grande influence sur la carri\u00e8re d\u2019un membre du corps professoral (les d\u00e9cisions en mati\u00e8re d&#8217;embauche, les examens, titularisations et promotions de d\u00e9partement et les affectations de fonds), les mesures font constamment l\u2019objet de d\u00e9bats.<\/p><p>Depuis toujours, la grande majorit\u00e9 des mesures ont \u00e9t\u00e9 calcul\u00e9es \u00e0 l\u2019\u00e9chelle de la revue, tandis que de nouvelles mesures (ou mesures alternatives) sont calcul\u00e9es \u00e0 l\u2019\u00e9chelle de l\u2019article. Les mesures alternatives font \u00e9tat de l\u2019influence d\u2019une vaste gamme de produits issus de la recherche, y compris des diaporamas, des articles et des codes.<\/p><p>Les mesures alternatives sont une forme nouvelle et changeante de mesures qui causent des d\u00e9bats houleux \u00e0 beaucoup d\u2019\u00e9chelons. Les mesures traditionnelles, pour le meilleur et pour le pire, sont toujours les principaux types de mesures lorsqu\u2019il s\u2019agit des \u00e9valuations officielles des produits issus de la recherche.<\/p><ul><li>Pour obtenir de plus amples renseignements, veuillez consulter le document de l\u2019ABRC intitul\u00e9 <a href=\"http:\/\/www.carl-abrc.ca\/doc\/CARL2013-altmetrics-FR-FA2.pdf\">Les mesures d\u2019impact alternatives : mise en contexte<\/a>.<\/li><\/ul><p>\u00a0<\/p><h2>\u00c9valuation de la qualit\u00e9 des revues<\/h2><p>\u00c9tant donn\u00e9 le nombre toujours croissant de revues savantes et l&rsquo;\u00e9mergence de nouveaux mod\u00e8les et plates-formes d&rsquo;\u00e9dition, la t\u00e2che de s\u00e9lectionner une revue pour la publication est\u00a0parfois difficile. Bien que de nombreuses revues suivent des pratiques reconnues, y compris l&rsquo;examen par les pairs et les pratiques \u00e9ditoriales responsables (voir <a href=\"https:\/\/publicationethics.org\/resources\/guidelines\">les directives de COPE<\/a>), ce n&rsquo;est pas toujours le cas. Certaines revues ne sont pas\u00a0suffisamment\u00a0rigoureuses ou fiables, tandis que d&rsquo;autres encore emploient\u00a0des pratiques frauduleuses qui\u00a0d\u00e9pendent de\u00a0chercheurs qui ne prennent pas le temps de v\u00e9rifier la fiabilit\u00e9 de la revue avant d&rsquo;y soumettre leurs manuscrits.<\/p><p>Heureusement, il existe des mesures simples et des outils pratiques pour \u00e9valuer la cr\u00e9dibilit\u00e9 et la qualit\u00e9 des revues par abonnement et des revues en libre acc\u00e8s.<\/p><ul><li>Pour en savoir plus, veuillez consulter le document\u00a0de l&rsquo;ABRC intitul\u00e9 <a href=\"https:\/\/www.carl-abrc.ca\/wp-content\/uploads\/2017\/04\/ABRC_Comment_evaluer_revue_2017.pdf\">Comment \u00e9valuer une revue OU Comment \u00e9viter de publier dans une revue de faible qualit\u00e9<\/a>.<\/li><\/ul><p>\u00a0<\/p><h2>Demandes de retrait<\/h2><p>Beaucoup de chercheurs rendent leurs articles de recherche accessibles en ligne sur leurs sites Web personnels, dans le d\u00e9p\u00f4t de leur \u00e9tablissement ou sur les m\u00e9dias sociaux universitaires. Ce libre acc\u00e8s favorise un plus grand rayonnement \u00e0 leur \u0153uvre, ce qui peut mener \u00e0 un nombre accru de citations et offrir un acc\u00e8s \u00e0 un plus grand public, y compris \u00e0 des personnes qui ne peuvent pas se permettre un abonnement \u00e0 des revues.<\/p><p>Dans la plupart des cas, les \u00e9diteurs autorisent l\u2019archivage public des versions pr\u00e9impression (et parfois post-impression) d\u2019articles de cette mani\u00e8re. Toutefois, tr\u00e8s peu d\u2019\u00e9diteurs permettent \u00e0 un auteur d\u2019autoarchiver sa version ou son fichier PDF d\u00e9finitifs.<\/p><p>Les \u00e9diteurs enverront occasionnellement une demande de retrait, \u00e0 savoir une demande de retirer d\u2019un site\u00a0Web ou d\u2019un d\u00e9p\u00f4t un exemplaire contrefait d\u2019un article. Ils ont le droit de le faire \u00e0 titre de titulaires du droit d\u2019auteur de l&rsquo;\u0153uvre. Cette demande de retrait sera souvent envoy\u00e9e directement au site\u00a0Web dans lequel le contenu contrefait a \u00e9t\u00e9 vers\u00e9, sans qu&rsquo;elle passe par l\u2019auteur. Cependant, dans les situations o\u00f9 le fichier PDF a \u00e9t\u00e9 t\u00e9l\u00e9vers\u00e9 dans le site Web d\u2019une personne ou dans le d\u00e9p\u00f4t d\u2019un \u00e9tablissement, l\u2019auteur ou son \u00e9tablissement recevront cet avis.<\/p><p>\u00a0<\/p><h2>Comment r\u00e9pondre \u00e0 une demande de retrait<\/h2><p><strong>1. Remplacez la version mentionn\u00e9e dans la demande de retrait par une autre version acceptable<\/strong><\/p><p>Il suffit de v\u00e9rifier la base de donn\u00e9es <a href=\"http:\/\/www.sherpa.ac.uk\/romeo\/index.php\">SHERPA\/RoMEO<\/a>\u2019s Publisher Copyright Policies &amp; Self-Archiving (en anglais seulement) pour d\u00e9terminer quelle version de votre travail vous pouvez afficher. Bien que vous puissiez penser qu\u2019il y a de multiples versions de votre article, du point de vue des \u00e9diteurs, il n\u2019en existe vraiment que trois\u00a0: la version pr\u00e9impression, la version post\u2011impression et la version d\u00e9finitive de l\u2019\u00e9diteur.<\/p><ul><li>Version pr\u00e9impression\u00a0: le texte que vous avez d\u2019abord pr\u00e9sent\u00e9 \u00e0 la revue.<\/li><li>Version post-impression\u00a0: la version d\u00e9finitive que vous avez pr\u00e9sent\u00e9e \u00e0 la revue (apr\u00e8s l\u2019examen par les pairs, la derni\u00e8re v\u00e9rification orthographique et une autre relecture).<\/li><li>Version d\u00e9finitive de l\u2019\u00e9diteur\u00a0: la version r\u00e9sultant du travail \u00e9ditorial et de la mise en page par l\u2019\u00e9diteur\u00a0\u2013 il s&rsquo;agit de la version la plus \u00ab\u00a0soign\u00e9e\u00a0\u00bb du texte.<\/li><\/ul><p>Les r\u00e8gles varient pour chaque version, mais plusieurs contrats d\u2019\u00e9dition vous permettent d\u2019afficher la version post-impression de vos travaux sur votre propre site web ou dans le d\u00e9p\u00f4t institutionnel de votre \u00e9tablissement.<\/p><p><strong>2. \u00c0 l\u2019avenir : ne renoncez pas \u00e0 vos droits d\u2019auteur.<\/strong><\/p><p>Plusieurs \u00e9diteurs offrent maintenant d\u2019autres options comme les licences\u00a0<a href=\"http:\/\/creativecommons.org\/\">Creative Commons<\/a> (en anglais seulement). Si l&rsquo;on ne vous l\u2019offre pas, demandez-en une. Utilisez au moins l\u2019<a href=\"http:\/\/www.carl-abrc.ca\/doc\/FrePubAgree.pdf\">Addenda de l&rsquo;auteur canadien SPARC.<\/a><\/p><p><strong>3. En cas de doute, discutez-en avec votre biblioth\u00e9caire<\/strong><\/p><p>Les biblioth\u00e9caires comprennent l\u2019\u00e9cosyst\u00e8me de l\u2019\u00e9dition savante et connaissent tr\u00e8s bien les contrats d&rsquo;\u00e9dition. Ils peuvent vous aider \u00e0 mieux comprendre les droits d&rsquo;auteur, trouver un endroit o\u00f9 h\u00e9berger votre article tout en respectant les exigences de l\u2019organisme de financement en mati\u00e8re d\u2019acc\u00e8s libre, et dissiper en partie la confusion qui entoure ce processus.<\/p><p><strong>4. Prenez position contre les pratiques commerciales non coll\u00e9giales et appuyez l\u2019initiative \u00ab <a href=\"http:\/\/thecostofknowledge.com\/\">The Cost of Knowledge<\/a>\u00a0\u00bb<\/strong> (en anglais seulement)<\/p>\t\t\t\t\t\t\t\t<\/div>\n\t\t\t\t<\/div>\n\t\t\t\t\t<\/div>\n\t\t\t\t<\/div>\n\t\t\t\t<\/div>\n\t\t","protected":false},"excerpt":{"rendered":"<p>Les ressources suivantes, qui visent les chercheurs ainsi que\u00a0les biblioth\u00e9caires qui communiquent avec les chercheurs, offrent\u00a0une introduction utile \u00e0 des sujets cl\u00e9s de communication savante. \u00a0 Droits d&rsquo;auteur M\u00eame les [&hellip;]<\/p>\n","protected":false},"author":11,"featured_media":0,"parent":1115,"menu_order":0,"comment_status":"closed","ping_status":"closed","template":"","meta":{"_acf_changed":false,"_EventAllDay":false,"_EventTimezone":"","_EventStartDate":"","_EventEndDate":"","_EventStartDateUTC":"","_EventEndDateUTC":"","_EventShowMap":false,"_EventShowMapLink":false,"_EventURL":"","_EventCost":"","_EventCostDescription":"","_EventCurrencySymbol":"","_EventCurrencyCode":"","_EventCurrencyPosition":"","_EventDateTimeSeparator":"","_EventTimeRangeSeparator":"","_EventOrganizerID":[],"_EventVenueID":[],"_OrganizerEmail":"","_OrganizerPhone":"","_OrganizerWebsite":"","_VenueAddress":"","_VenueCity":"","_VenueCountry":"","_VenueProvince":"","_VenueState":"","_VenueZip":"","_VenuePhone":"","_VenueURL":"","_VenueStateProvince":"","_VenueLat":"","_VenueLng":"","_VenueShowMap":false,"_VenueShowMapLink":false,"footnotes":""},"class_list":["post-1146","page","type-page","status-publish","hentry"],"acf":[],"yoast_head":"<!-- This site is optimized with the Yoast SEO plugin v27.5 - https:\/\/yoast.com\/product\/yoast-seo-wordpress\/ -->\n<title>Ressources pour les auteurs - Association des biblioth\u00e8ques de recherche du Canada<\/title>\n<meta name=\"robots\" content=\"index, follow, max-snippet:-1, max-image-preview:large, max-video-preview:-1\" \/>\n<link rel=\"canonical\" href=\"https:\/\/www.carl-abrc.ca\/fr\/faire-avancer-la-recherche\/communication-savante\/information-pour-les-auteurs\/\" \/>\n<meta property=\"og:locale\" content=\"fr_FR\" \/>\n<meta property=\"og:type\" content=\"article\" \/>\n<meta property=\"og:title\" content=\"Ressources pour les auteurs - Association des biblioth\u00e8ques de recherche du Canada\" \/>\n<meta property=\"og:description\" content=\"Les ressources suivantes, qui visent les chercheurs ainsi que\u00a0les biblioth\u00e9caires qui communiquent avec les chercheurs, offrent\u00a0une introduction utile \u00e0 des sujets cl\u00e9s de communication savante. \u00a0 Droits d&rsquo;auteur M\u00eame les [&hellip;]\" \/>\n<meta property=\"og:url\" content=\"https:\/\/www.carl-abrc.ca\/fr\/faire-avancer-la-recherche\/communication-savante\/information-pour-les-auteurs\/\" \/>\n<meta property=\"og:site_name\" content=\"Association des biblioth\u00e8ques de recherche du Canada\" \/>\n<meta property=\"article:modified_time\" content=\"2025-10-15T13:45:13+00:00\" \/>\n<meta name=\"twitter:label1\" content=\"Dur\u00e9e de lecture estim\u00e9e\" \/>\n\t<meta name=\"twitter:data1\" content=\"7 minutes\" \/>\n<script type=\"application\/ld+json\" class=\"yoast-schema-graph\">{\"@context\":\"https:\\\/\\\/schema.org\",\"@graph\":[{\"@type\":\"WebPage\",\"@id\":\"https:\\\/\\\/www.carl-abrc.ca\\\/fr\\\/faire-avancer-la-recherche\\\/communication-savante\\\/information-pour-les-auteurs\\\/\",\"url\":\"https:\\\/\\\/www.carl-abrc.ca\\\/fr\\\/faire-avancer-la-recherche\\\/communication-savante\\\/information-pour-les-auteurs\\\/\",\"name\":\"Ressources pour les auteurs - Association des biblioth\u00e8ques de recherche du Canada\",\"isPartOf\":{\"@id\":\"https:\\\/\\\/www.carl-abrc.ca\\\/fr\\\/#website\"},\"datePublished\":\"2016-03-14T02:23:51+00:00\",\"dateModified\":\"2025-10-15T13:45:13+00:00\",\"breadcrumb\":{\"@id\":\"https:\\\/\\\/www.carl-abrc.ca\\\/fr\\\/faire-avancer-la-recherche\\\/communication-savante\\\/information-pour-les-auteurs\\\/#breadcrumb\"},\"inLanguage\":\"fr-FR\",\"potentialAction\":[{\"@type\":\"ReadAction\",\"target\":[\"https:\\\/\\\/www.carl-abrc.ca\\\/fr\\\/faire-avancer-la-recherche\\\/communication-savante\\\/information-pour-les-auteurs\\\/\"]}]},{\"@type\":\"BreadcrumbList\",\"@id\":\"https:\\\/\\\/www.carl-abrc.ca\\\/fr\\\/faire-avancer-la-recherche\\\/communication-savante\\\/information-pour-les-auteurs\\\/#breadcrumb\",\"itemListElement\":[{\"@type\":\"ListItem\",\"position\":1,\"name\":\"Accueil\",\"item\":\"https:\\\/\\\/www.carl-abrc.ca\\\/fr\\\/home-3\\\/\"},{\"@type\":\"ListItem\",\"position\":2,\"name\":\"Faire avancer la recherche\",\"item\":\"https:\\\/\\\/www.carl-abrc.ca\\\/fr\\\/faire-avancer-la-recherche\\\/\"},{\"@type\":\"ListItem\",\"position\":3,\"name\":\"Communication savante\",\"item\":\"https:\\\/\\\/www.carl-abrc.ca\\\/fr\\\/faire-avancer-la-recherche\\\/communication-savante\\\/\"},{\"@type\":\"ListItem\",\"position\":4,\"name\":\"Ressources pour les auteurs\"}]},{\"@type\":\"WebSite\",\"@id\":\"https:\\\/\\\/www.carl-abrc.ca\\\/fr\\\/#website\",\"url\":\"https:\\\/\\\/www.carl-abrc.ca\\\/fr\\\/\",\"name\":\"Association des biblioth\u00e8ques de recherche du Canada\",\"description\":\"ABRC\",\"publisher\":{\"@id\":\"https:\\\/\\\/www.carl-abrc.ca\\\/fr\\\/#organization\"},\"potentialAction\":[{\"@type\":\"SearchAction\",\"target\":{\"@type\":\"EntryPoint\",\"urlTemplate\":\"https:\\\/\\\/www.carl-abrc.ca\\\/fr\\\/?s={search_term_string}\"},\"query-input\":{\"@type\":\"PropertyValueSpecification\",\"valueRequired\":true,\"valueName\":\"search_term_string\"}}],\"inLanguage\":\"fr-FR\"},{\"@type\":\"Organization\",\"@id\":\"https:\\\/\\\/www.carl-abrc.ca\\\/fr\\\/#organization\",\"name\":\"Association des biblioth\u00e8ques de recherche du Canada\",\"url\":\"https:\\\/\\\/www.carl-abrc.ca\\\/fr\\\/\",\"logo\":{\"@type\":\"ImageObject\",\"inLanguage\":\"fr-FR\",\"@id\":\"https:\\\/\\\/www.carl-abrc.ca\\\/fr\\\/#\\\/schema\\\/logo\\\/image\\\/\",\"url\":\"https:\\\/\\\/www.carl-abrc.ca\\\/wp-content\\\/uploads\\\/2024\\\/07\\\/cropped-Stacked_Colour_L.png\",\"contentUrl\":\"https:\\\/\\\/www.carl-abrc.ca\\\/wp-content\\\/uploads\\\/2024\\\/07\\\/cropped-Stacked_Colour_L.png\",\"width\":641,\"height\":250,\"caption\":\"Association des biblioth\u00e8ques de recherche du Canada\"},\"image\":{\"@id\":\"https:\\\/\\\/www.carl-abrc.ca\\\/fr\\\/#\\\/schema\\\/logo\\\/image\\\/\"},\"sameAs\":[\"https:\\\/\\\/x.com\\\/carlabrc\"]}]}<\/script>\n<!-- \/ Yoast SEO plugin. -->","yoast_head_json":{"title":"Ressources pour les auteurs - Association des biblioth\u00e8ques de recherche du Canada","robots":{"index":"index","follow":"follow","max-snippet":"max-snippet:-1","max-image-preview":"max-image-preview:large","max-video-preview":"max-video-preview:-1"},"canonical":"https:\/\/www.carl-abrc.ca\/fr\/faire-avancer-la-recherche\/communication-savante\/information-pour-les-auteurs\/","og_locale":"fr_FR","og_type":"article","og_title":"Ressources pour les auteurs - Association des biblioth\u00e8ques de recherche du Canada","og_description":"Les ressources suivantes, qui visent les chercheurs ainsi que\u00a0les biblioth\u00e9caires qui communiquent avec les chercheurs, offrent\u00a0une introduction utile \u00e0 des sujets cl\u00e9s de communication savante. \u00a0 Droits d&rsquo;auteur M\u00eame les [&hellip;]","og_url":"https:\/\/www.carl-abrc.ca\/fr\/faire-avancer-la-recherche\/communication-savante\/information-pour-les-auteurs\/","og_site_name":"Association des biblioth\u00e8ques de recherche du Canada","article_modified_time":"2025-10-15T13:45:13+00:00","twitter_misc":{"Dur\u00e9e de lecture estim\u00e9e":"7 minutes"},"schema":{"@context":"https:\/\/schema.org","@graph":[{"@type":"WebPage","@id":"https:\/\/www.carl-abrc.ca\/fr\/faire-avancer-la-recherche\/communication-savante\/information-pour-les-auteurs\/","url":"https:\/\/www.carl-abrc.ca\/fr\/faire-avancer-la-recherche\/communication-savante\/information-pour-les-auteurs\/","name":"Ressources pour les auteurs - Association des biblioth\u00e8ques de recherche du Canada","isPartOf":{"@id":"https:\/\/www.carl-abrc.ca\/fr\/#website"},"datePublished":"2016-03-14T02:23:51+00:00","dateModified":"2025-10-15T13:45:13+00:00","breadcrumb":{"@id":"https:\/\/www.carl-abrc.ca\/fr\/faire-avancer-la-recherche\/communication-savante\/information-pour-les-auteurs\/#breadcrumb"},"inLanguage":"fr-FR","potentialAction":[{"@type":"ReadAction","target":["https:\/\/www.carl-abrc.ca\/fr\/faire-avancer-la-recherche\/communication-savante\/information-pour-les-auteurs\/"]}]},{"@type":"BreadcrumbList","@id":"https:\/\/www.carl-abrc.ca\/fr\/faire-avancer-la-recherche\/communication-savante\/information-pour-les-auteurs\/#breadcrumb","itemListElement":[{"@type":"ListItem","position":1,"name":"Accueil","item":"https:\/\/www.carl-abrc.ca\/fr\/home-3\/"},{"@type":"ListItem","position":2,"name":"Faire avancer la recherche","item":"https:\/\/www.carl-abrc.ca\/fr\/faire-avancer-la-recherche\/"},{"@type":"ListItem","position":3,"name":"Communication savante","item":"https:\/\/www.carl-abrc.ca\/fr\/faire-avancer-la-recherche\/communication-savante\/"},{"@type":"ListItem","position":4,"name":"Ressources pour les auteurs"}]},{"@type":"WebSite","@id":"https:\/\/www.carl-abrc.ca\/fr\/#website","url":"https:\/\/www.carl-abrc.ca\/fr\/","name":"Association des biblioth\u00e8ques de recherche du Canada","description":"ABRC","publisher":{"@id":"https:\/\/www.carl-abrc.ca\/fr\/#organization"},"potentialAction":[{"@type":"SearchAction","target":{"@type":"EntryPoint","urlTemplate":"https:\/\/www.carl-abrc.ca\/fr\/?s={search_term_string}"},"query-input":{"@type":"PropertyValueSpecification","valueRequired":true,"valueName":"search_term_string"}}],"inLanguage":"fr-FR"},{"@type":"Organization","@id":"https:\/\/www.carl-abrc.ca\/fr\/#organization","name":"Association des biblioth\u00e8ques de recherche du Canada","url":"https:\/\/www.carl-abrc.ca\/fr\/","logo":{"@type":"ImageObject","inLanguage":"fr-FR","@id":"https:\/\/www.carl-abrc.ca\/fr\/#\/schema\/logo\/image\/","url":"https:\/\/www.carl-abrc.ca\/wp-content\/uploads\/2024\/07\/cropped-Stacked_Colour_L.png","contentUrl":"https:\/\/www.carl-abrc.ca\/wp-content\/uploads\/2024\/07\/cropped-Stacked_Colour_L.png","width":641,"height":250,"caption":"Association des biblioth\u00e8ques de recherche du Canada"},"image":{"@id":"https:\/\/www.carl-abrc.ca\/fr\/#\/schema\/logo\/image\/"},"sameAs":["https:\/\/x.com\/carlabrc"]}]}},"_links":{"self":[{"href":"https:\/\/www.carl-abrc.ca\/fr\/wp-json\/wp\/v2\/pages\/1146","targetHints":{"allow":["GET"]}}],"collection":[{"href":"https:\/\/www.carl-abrc.ca\/fr\/wp-json\/wp\/v2\/pages"}],"about":[{"href":"https:\/\/www.carl-abrc.ca\/fr\/wp-json\/wp\/v2\/types\/page"}],"author":[{"embeddable":true,"href":"https:\/\/www.carl-abrc.ca\/fr\/wp-json\/wp\/v2\/users\/11"}],"replies":[{"embeddable":true,"href":"https:\/\/www.carl-abrc.ca\/fr\/wp-json\/wp\/v2\/comments?post=1146"}],"version-history":[{"count":0,"href":"https:\/\/www.carl-abrc.ca\/fr\/wp-json\/wp\/v2\/pages\/1146\/revisions"}],"up":[{"embeddable":true,"href":"https:\/\/www.carl-abrc.ca\/fr\/wp-json\/wp\/v2\/pages\/1115"}],"wp:attachment":[{"href":"https:\/\/www.carl-abrc.ca\/fr\/wp-json\/wp\/v2\/media?parent=1146"}],"curies":[{"name":"wp","href":"https:\/\/api.w.org\/{rel}","templated":true}]}}