{"id":1207,"date":"2016-03-14T16:15:20","date_gmt":"2016-03-14T20:15:20","guid":{"rendered":"http:\/\/www.carl-abrc.ca\/fr\/?page_id=1207"},"modified":"2025-08-20T11:14:17","modified_gmt":"2025-08-20T15:14:17","slug":"competences-bibliothecaires","status":"publish","type":"page","link":"https:\/\/www.carl-abrc.ca\/fr\/accroitre-la-capacite\/gestion-ressources-humaines\/competences-bibliothecaires\/","title":{"rendered":"Comp\u00e9tences des biblioth\u00e9caires des biblioth\u00e8ques de recherche canadiennes"},"content":{"rendered":"\t\t<div data-elementor-type=\"wp-page\" data-elementor-id=\"1207\" class=\"elementor elementor-1207 elementor-1205\">\n\t\t\t\t<div class=\"elementor-element elementor-element-3c0ed8f7 e-flex e-con-boxed e-con e-parent\" data-id=\"3c0ed8f7\" data-element_type=\"container\" data-e-type=\"container\">\n\t\t\t\t\t<div class=\"e-con-inner\">\n\t\t\t\t<div class=\"elementor-element elementor-element-4d52efda elementor-widget elementor-widget-text-editor\" data-id=\"4d52efda\" data-element_type=\"widget\" data-e-type=\"widget\" data-widget_type=\"text-editor.default\">\n\t\t\t\t<div class=\"elementor-widget-container\">\n\t\t\t\t\t\t\t\t\t<p>Relevant du Comit\u00e9 sur l\u2019accroissement de la capacit\u00e9 de l\u2019Association des biblioth\u00e8ques de recherche du Canada (ABRC), le <a href=\"https:\/\/www.carl-abrc.ca\/wp-content\/uploads\/2018\/08\/Core-Competencies-WG-TOR.pdf\">Groupe de travail sur les comp\u00e9tences de l\u2019ABRC (GTC)<\/a> (mandat en anglais seulement) a \u00e9t\u00e9 mis sur pied \u00e0 l\u2019\u00e9t\u00e9 2017 pour mettre \u00e0 jour la publication de 2010 intitul\u00e9e \u00ab Comp\u00e9tences fondamentales des biblioth\u00e9caires de l\u2019ABRC au XXIe si\u00e8cle \u00bb.<\/p><p>Le processus a \u00e9t\u00e9 hautement consultatif et les directeurs.trices et le personnel de biblioth\u00e8ques ont eu diverses occasions de formuler des commentaires. L\u2019adh\u00e9sion au groupe de travail couvre \u00e9galement diff\u00e9rents niveaux d\u2019exp\u00e9rience et comprend des directeurs.trices de l\u2019ABRC, des biblioth\u00e9caires occupant actuellement des fonctions de direction (chefs de d\u00e9partement ou directeurs.trices adjoint.e.s), des biblioth\u00e9caires ayant entre 4 et 10 ans d\u2019exp\u00e9rience, et un nouveau biblioth\u00e9caire avec moins de 4 ans d\u2019exp\u00e9rience.<\/p><p>\u00c0 la suite de demandes pour un lancement progressif, un projet de consultation a \u00e9t\u00e9 publi\u00e9 en d\u00e9cembre 2019 et plus de 35 r\u00e9ponses de la communaut\u00e9 ont \u00e9t\u00e9 re\u00e7ues. Guid\u00e9 par ces commentaires, le GTC a r\u00e9vis\u00e9 le projet de consultation pour mieux refl\u00e9ter les besoins actuels de la profession. Le groupe de travail est maintenant heureux de pr\u00e9senter la version finale des\u00a0<strong>Comp\u00e9tences des biblioth\u00e9caires issus des biblioth\u00e8ques de recherche canadiennes.<\/strong><\/p>\t\t\t\t\t\t\t\t<\/div>\n\t\t\t\t<\/div>\n\t\t\t\t<div class=\"elementor-element elementor-element-4951b52 elementor-widget elementor-widget-button\" data-id=\"4951b52\" data-element_type=\"widget\" data-e-type=\"widget\" data-widget_type=\"button.default\">\n\t\t\t\t<div class=\"elementor-widget-container\">\n\t\t\t\t\t\t\t\t\t<div class=\"elementor-button-wrapper\">\n\t\t\t\t\t<a class=\"elementor-button elementor-button-link elementor-size-sm\" href=\"https:\/\/www.carl-abrc.ca\/wp-content\/uploads\/2020\/09\/Competencies-Final-FR.pdf\">\n\t\t\t\t\t\t<span class=\"elementor-button-content-wrapper\">\n\t\t\t\t\t\t\t\t\t<span class=\"elementor-button-text\">Comp\u00e9tences des biblioth\u00e9caires issus des biblioth\u00e8ques de recherche canadiennes (PDF)<\/span>\n\t\t\t\t\t<\/span>\n\t\t\t\t\t<\/a>\n\t\t\t\t<\/div>\n\t\t\t\t\t\t\t\t<\/div>\n\t\t\t\t<\/div>\n\t\t\t\t<div class=\"elementor-element elementor-element-458f765 elementor-widget elementor-widget-text-editor\" data-id=\"458f765\" data-element_type=\"widget\" data-e-type=\"widget\" data-widget_type=\"text-editor.default\">\n\t\t\t\t<div class=\"elementor-widget-container\">\n\t\t\t\t\t\t\t\t\t<p>L\u2019ABRC aimerait profiter de cette occasion pour remercier ceux et celles qui ont pris le temps de participer \u00e0 notre enqu\u00eate et de contribuer \u00e0 cette ressource. Nous tenons \u00e9galement \u00e0 remercier les membres du GTC pour leur d\u00e9vouement et leur travail acharn\u00e9 au cours de ce processus long et hautement consultatif.<\/p><p>L\u2019ABRC a l\u2019intention de mettre \u00e0 jour p\u00e9riodiquement le document et les commentaires de la communaut\u00e9 sont les bienvenus. \u00c0 l\u2019avenir, les commentaires peuvent \u00eatre envoy\u00e9s \u00e0 Julie Morin (<a class=\"mail-link\" data-enc-email=\"whyvr.zbeva[at]pney-noep.pn\" data-wpel-link=\"ignore\"><span id=\"eeb-462410-631570\">julie.morin@carl-abrc.ca<\/span><\/a>\u00a0) pour examen par le Comit\u00e9 sur l\u2019accroissement de la capacit\u00e9 de l\u2019ABRC.<\/p>\t\t\t\t\t\t\t\t<\/div>\n\t\t\t\t<\/div>\n\t\t\t\t<div class=\"elementor-element elementor-element-cd45f53 elementor-widget elementor-widget-heading\" data-id=\"cd45f53\" data-element_type=\"widget\" data-e-type=\"widget\" data-widget_type=\"heading.default\">\n\t\t\t\t<div class=\"elementor-widget-container\">\n\t\t\t\t\t<h2 class=\"elementor-heading-title elementor-size-default\">Ressources de l'ABRC<\/h2>\t\t\t\t<\/div>\n\t\t\t\t<\/div>\n\t\t\t\t<div class=\"elementor-element elementor-element-bff5e14 elementor-widget elementor-widget-text-editor\" data-id=\"bff5e14\" data-element_type=\"widget\" data-e-type=\"widget\" data-widget_type=\"text-editor.default\">\n\t\t\t\t<div class=\"elementor-widget-container\">\n\t\t\t\t\t\t\t\t\t<ul><li><a href=\"https:\/\/www.carl-abrc.ca\/doc\/core_comp_profile-f.pdf\">Comp\u00e9tences fondamentales des biblioth\u00e9caires de l\u2019ABRC au XXI<sup>e<\/sup>\u00a0si\u00e8cle<\/a>\u00a0(2010)<\/li><li><a href=\"https:\/\/www.carl-abrc.ca\/doc\/auteurs.pdf\">Des biblioth\u00e9caires comme chercheurs et auteurs\u00a0: Priorit\u00e9s de recherche pour les biblioth\u00e8ques de recherche du Canada<\/a>\u00a0(2010)<\/li><li><a href=\"https:\/\/www.carl-abrc.ca\/doc\/0802-lewg_report-e.pdf\">Rapport du Groupe de travail sur la formation en biblioth\u00e9conomie sur les priorit\u00e9s en mati\u00e8re de capacit\u00e9 de ressources humaines<\/a>\u00a0(en anglais seulement)(2008)<\/li><li><a href=\"https:\/\/www.carl-abrc.ca\/doc\/national_research_agenda-jan2008.zip\">Sondage national des\u00a0priorit\u00e9s de la recherche<\/a>\u00a0(en anglais seulement) (2008)<\/li><li><a href=\"https:\/\/www.carl-abrc.ca\/doc\/carl_lewg_product_brief-fr.pdf\">Comp\u00e9tences en recherche pour les biblioth\u00e9caires de l\u2019ABRC<\/a>\u00a0(2007)<\/li><\/ul>\t\t\t\t\t\t\t\t<\/div>\n\t\t\t\t<\/div>\n\t\t\t\t<div class=\"elementor-element elementor-element-d56397c elementor-widget elementor-widget-heading\" data-id=\"d56397c\" data-element_type=\"widget\" data-e-type=\"widget\" data-widget_type=\"heading.default\">\n\t\t\t\t<div class=\"elementor-widget-container\">\n\t\t\t\t\t<h2 class=\"elementor-heading-title elementor-size-default\">Initiatives connexes<\/h2>\t\t\t\t<\/div>\n\t\t\t\t<\/div>\n\t\t\t\t<div class=\"elementor-element elementor-element-1d21626 elementor-widget elementor-widget-text-editor\" data-id=\"1d21626\" data-element_type=\"widget\" data-e-type=\"widget\" data-widget_type=\"text-editor.default\">\n\t\t\t\t<div class=\"elementor-widget-container\">\n\t\t\t\t\t\t\t\t\t<ul><li>Biblioth\u00e8que du congr\u00e8s\u00a0<a href=\"http:\/\/www.loc.gov\/flicc\/publications\/Lib_Compt\/2011\/2011Competencies.pdf\" target=\"_blank\" rel=\"noopener\">FLICC Comp\u00e9tences pour les biblioth\u00e9caires f\u00e9d\u00e9rale<\/a>\u00a0(2008) (en anglais seulement)<\/li><li>Association am\u00e9ricaine des biblioth\u00e8ques\u00a0<a href=\"https:\/\/www.ala.org\/educationcareers\/careers\/corecomp\/corecompetences\" target=\"_blank\" rel=\"noopener\">Les comp\u00e9tences de base de la biblioth\u00e9conomie ALA: Version finale<\/a> (en anglais seulement)<\/li><li>Webjunction\u00a0<a href=\"http:\/\/www.webjunction.org\/documents\/webjunction\/Competency_Index_for_the_Library_Field.html\">L\u2019index des comp\u00e9tences pour la domaine des biblioth\u00e8ques<\/a><\/li><\/ul>\t\t\t\t\t\t\t\t<\/div>\n\t\t\t\t<\/div>\n\t\t\t\t\t<\/div>\n\t\t\t\t<\/div>\n\t\t\t\t<\/div>\n\t\t","protected":false},"excerpt":{"rendered":"<p>Relevant du Comit\u00e9 sur l\u2019accroissement de la capacit\u00e9 de l\u2019Association des biblioth\u00e8ques de recherche du Canada (ABRC), le Groupe de travail sur les comp\u00e9tences de l\u2019ABRC (GTC) (mandat en anglais [&hellip;]<\/p>\n","protected":false},"author":11,"featured_media":0,"parent":1195,"menu_order":0,"comment_status":"closed","ping_status":"closed","template":"","meta":{"_acf_changed":false,"_EventAllDay":false,"_EventTimezone":"","_EventStartDate":"","_EventEndDate":"","_EventStartDateUTC":"","_EventEndDateUTC":"","_EventShowMap":false,"_EventShowMapLink":false,"_EventURL":"","_EventCost":"","_EventCostDescription":"","_EventCurrencySymbol":"","_EventCurrencyCode":"","_EventCurrencyPosition":"","_EventDateTimeSeparator":"","_EventTimeRangeSeparator":"","_EventOrganizerID":[],"_EventVenueID":[],"_OrganizerEmail":"","_OrganizerPhone":"","_OrganizerWebsite":"","_VenueAddress":"","_VenueCity":"","_VenueCountry":"","_VenueProvince":"","_VenueState":"","_VenueZip":"","_VenuePhone":"","_VenueURL":"","_VenueStateProvince":"","_VenueLat":"","_VenueLng":"","_VenueShowMap":false,"_VenueShowMapLink":false,"footnotes":""},"class_list":["post-1207","page","type-page","status-publish","hentry"],"acf":[],"yoast_head":"<!-- This site is optimized with the Yoast SEO plugin v27.4 - https:\/\/yoast.com\/product\/yoast-seo-wordpress\/ -->\n<title>Comp\u00e9tences des biblioth\u00e9caires des biblioth\u00e8ques de recherche canadiennes - Association des biblioth\u00e8ques de recherche du Canada<\/title>\n<meta name=\"robots\" content=\"index, follow, max-snippet:-1, max-image-preview:large, max-video-preview:-1\" \/>\n<link rel=\"canonical\" href=\"https:\/\/www.carl-abrc.ca\/fr\/accroitre-la-capacite\/gestion-ressources-humaines\/competences-bibliothecaires\/\" \/>\n<meta property=\"og:locale\" content=\"fr_FR\" \/>\n<meta property=\"og:type\" content=\"article\" \/>\n<meta property=\"og:title\" content=\"Comp\u00e9tences des biblioth\u00e9caires des biblioth\u00e8ques de recherche canadiennes - Association des biblioth\u00e8ques de recherche du Canada\" \/>\n<meta property=\"og:description\" content=\"Relevant du Comit\u00e9 sur l\u2019accroissement de la capacit\u00e9 de l\u2019Association des biblioth\u00e8ques de recherche du Canada (ABRC), le Groupe de travail sur les comp\u00e9tences de l\u2019ABRC (GTC) (mandat en anglais [&hellip;]\" \/>\n<meta property=\"og:url\" content=\"https:\/\/www.carl-abrc.ca\/fr\/accroitre-la-capacite\/gestion-ressources-humaines\/competences-bibliothecaires\/\" \/>\n<meta property=\"og:site_name\" content=\"Association des biblioth\u00e8ques de recherche du Canada\" \/>\n<meta property=\"article:modified_time\" content=\"2025-08-20T15:14:17+00:00\" \/>\n<meta name=\"twitter:label1\" content=\"Dur\u00e9e de lecture estim\u00e9e\" \/>\n\t<meta name=\"twitter:data1\" content=\"2 minutes\" \/>\n<script type=\"application\/ld+json\" class=\"yoast-schema-graph\">{\"@context\":\"https:\\\/\\\/schema.org\",\"@graph\":[{\"@type\":\"WebPage\",\"@id\":\"https:\\\/\\\/www.carl-abrc.ca\\\/fr\\\/accroitre-la-capacite\\\/gestion-ressources-humaines\\\/competences-bibliothecaires\\\/\",\"url\":\"https:\\\/\\\/www.carl-abrc.ca\\\/fr\\\/accroitre-la-capacite\\\/gestion-ressources-humaines\\\/competences-bibliothecaires\\\/\",\"name\":\"Comp\u00e9tences des biblioth\u00e9caires des biblioth\u00e8ques de recherche canadiennes - Association des biblioth\u00e8ques de recherche du Canada\",\"isPartOf\":{\"@id\":\"https:\\\/\\\/www.carl-abrc.ca\\\/fr\\\/#website\"},\"datePublished\":\"2016-03-14T20:15:20+00:00\",\"dateModified\":\"2025-08-20T15:14:17+00:00\",\"breadcrumb\":{\"@id\":\"https:\\\/\\\/www.carl-abrc.ca\\\/fr\\\/accroitre-la-capacite\\\/gestion-ressources-humaines\\\/competences-bibliothecaires\\\/#breadcrumb\"},\"inLanguage\":\"fr-FR\",\"potentialAction\":[{\"@type\":\"ReadAction\",\"target\":[\"https:\\\/\\\/www.carl-abrc.ca\\\/fr\\\/accroitre-la-capacite\\\/gestion-ressources-humaines\\\/competences-bibliothecaires\\\/\"]}]},{\"@type\":\"BreadcrumbList\",\"@id\":\"https:\\\/\\\/www.carl-abrc.ca\\\/fr\\\/accroitre-la-capacite\\\/gestion-ressources-humaines\\\/competences-bibliothecaires\\\/#breadcrumb\",\"itemListElement\":[{\"@type\":\"ListItem\",\"position\":1,\"name\":\"Accueil\",\"item\":\"https:\\\/\\\/www.carl-abrc.ca\\\/fr\\\/home-3\\\/\"},{\"@type\":\"ListItem\",\"position\":2,\"name\":\"Accro\u00eetre la capacit\u00e9\",\"item\":\"https:\\\/\\\/www.carl-abrc.ca\\\/fr\\\/accroitre-la-capacite\\\/\"},{\"@type\":\"ListItem\",\"position\":3,\"name\":\"Gestion des ressources humaines\",\"item\":\"https:\\\/\\\/www.carl-abrc.ca\\\/fr\\\/accroitre-la-capacite\\\/gestion-ressources-humaines\\\/\"},{\"@type\":\"ListItem\",\"position\":4,\"name\":\"Comp\u00e9tences des biblioth\u00e9caires des biblioth\u00e8ques de recherche canadiennes\"}]},{\"@type\":\"WebSite\",\"@id\":\"https:\\\/\\\/www.carl-abrc.ca\\\/fr\\\/#website\",\"url\":\"https:\\\/\\\/www.carl-abrc.ca\\\/fr\\\/\",\"name\":\"Association des biblioth\u00e8ques de recherche du Canada\",\"description\":\"ABRC\",\"publisher\":{\"@id\":\"https:\\\/\\\/www.carl-abrc.ca\\\/fr\\\/#organization\"},\"potentialAction\":[{\"@type\":\"SearchAction\",\"target\":{\"@type\":\"EntryPoint\",\"urlTemplate\":\"https:\\\/\\\/www.carl-abrc.ca\\\/fr\\\/?s={search_term_string}\"},\"query-input\":{\"@type\":\"PropertyValueSpecification\",\"valueRequired\":true,\"valueName\":\"search_term_string\"}}],\"inLanguage\":\"fr-FR\"},{\"@type\":\"Organization\",\"@id\":\"https:\\\/\\\/www.carl-abrc.ca\\\/fr\\\/#organization\",\"name\":\"Association des biblioth\u00e8ques de recherche du Canada\",\"url\":\"https:\\\/\\\/www.carl-abrc.ca\\\/fr\\\/\",\"logo\":{\"@type\":\"ImageObject\",\"inLanguage\":\"fr-FR\",\"@id\":\"https:\\\/\\\/www.carl-abrc.ca\\\/fr\\\/#\\\/schema\\\/logo\\\/image\\\/\",\"url\":\"https:\\\/\\\/www.carl-abrc.ca\\\/wp-content\\\/uploads\\\/2024\\\/07\\\/cropped-Stacked_Colour_L.png\",\"contentUrl\":\"https:\\\/\\\/www.carl-abrc.ca\\\/wp-content\\\/uploads\\\/2024\\\/07\\\/cropped-Stacked_Colour_L.png\",\"width\":641,\"height\":250,\"caption\":\"Association des biblioth\u00e8ques de recherche du Canada\"},\"image\":{\"@id\":\"https:\\\/\\\/www.carl-abrc.ca\\\/fr\\\/#\\\/schema\\\/logo\\\/image\\\/\"},\"sameAs\":[\"https:\\\/\\\/x.com\\\/carlabrc\"]}]}<\/script>\n<!-- \/ Yoast SEO plugin. -->","yoast_head_json":{"title":"Comp\u00e9tences des biblioth\u00e9caires des biblioth\u00e8ques de recherche canadiennes - Association des biblioth\u00e8ques de recherche du Canada","robots":{"index":"index","follow":"follow","max-snippet":"max-snippet:-1","max-image-preview":"max-image-preview:large","max-video-preview":"max-video-preview:-1"},"canonical":"https:\/\/www.carl-abrc.ca\/fr\/accroitre-la-capacite\/gestion-ressources-humaines\/competences-bibliothecaires\/","og_locale":"fr_FR","og_type":"article","og_title":"Comp\u00e9tences des biblioth\u00e9caires des biblioth\u00e8ques de recherche canadiennes - Association des biblioth\u00e8ques de recherche du Canada","og_description":"Relevant du Comit\u00e9 sur l\u2019accroissement de la capacit\u00e9 de l\u2019Association des biblioth\u00e8ques de recherche du Canada (ABRC), le Groupe de travail sur les comp\u00e9tences de l\u2019ABRC (GTC) (mandat en anglais [&hellip;]","og_url":"https:\/\/www.carl-abrc.ca\/fr\/accroitre-la-capacite\/gestion-ressources-humaines\/competences-bibliothecaires\/","og_site_name":"Association des biblioth\u00e8ques de recherche du Canada","article_modified_time":"2025-08-20T15:14:17+00:00","twitter_misc":{"Dur\u00e9e de lecture estim\u00e9e":"2 minutes"},"schema":{"@context":"https:\/\/schema.org","@graph":[{"@type":"WebPage","@id":"https:\/\/www.carl-abrc.ca\/fr\/accroitre-la-capacite\/gestion-ressources-humaines\/competences-bibliothecaires\/","url":"https:\/\/www.carl-abrc.ca\/fr\/accroitre-la-capacite\/gestion-ressources-humaines\/competences-bibliothecaires\/","name":"Comp\u00e9tences des biblioth\u00e9caires des biblioth\u00e8ques de recherche canadiennes - Association des biblioth\u00e8ques de recherche du Canada","isPartOf":{"@id":"https:\/\/www.carl-abrc.ca\/fr\/#website"},"datePublished":"2016-03-14T20:15:20+00:00","dateModified":"2025-08-20T15:14:17+00:00","breadcrumb":{"@id":"https:\/\/www.carl-abrc.ca\/fr\/accroitre-la-capacite\/gestion-ressources-humaines\/competences-bibliothecaires\/#breadcrumb"},"inLanguage":"fr-FR","potentialAction":[{"@type":"ReadAction","target":["https:\/\/www.carl-abrc.ca\/fr\/accroitre-la-capacite\/gestion-ressources-humaines\/competences-bibliothecaires\/"]}]},{"@type":"BreadcrumbList","@id":"https:\/\/www.carl-abrc.ca\/fr\/accroitre-la-capacite\/gestion-ressources-humaines\/competences-bibliothecaires\/#breadcrumb","itemListElement":[{"@type":"ListItem","position":1,"name":"Accueil","item":"https:\/\/www.carl-abrc.ca\/fr\/home-3\/"},{"@type":"ListItem","position":2,"name":"Accro\u00eetre la capacit\u00e9","item":"https:\/\/www.carl-abrc.ca\/fr\/accroitre-la-capacite\/"},{"@type":"ListItem","position":3,"name":"Gestion des ressources humaines","item":"https:\/\/www.carl-abrc.ca\/fr\/accroitre-la-capacite\/gestion-ressources-humaines\/"},{"@type":"ListItem","position":4,"name":"Comp\u00e9tences des biblioth\u00e9caires des biblioth\u00e8ques de recherche canadiennes"}]},{"@type":"WebSite","@id":"https:\/\/www.carl-abrc.ca\/fr\/#website","url":"https:\/\/www.carl-abrc.ca\/fr\/","name":"Association des biblioth\u00e8ques de recherche du Canada","description":"ABRC","publisher":{"@id":"https:\/\/www.carl-abrc.ca\/fr\/#organization"},"potentialAction":[{"@type":"SearchAction","target":{"@type":"EntryPoint","urlTemplate":"https:\/\/www.carl-abrc.ca\/fr\/?s={search_term_string}"},"query-input":{"@type":"PropertyValueSpecification","valueRequired":true,"valueName":"search_term_string"}}],"inLanguage":"fr-FR"},{"@type":"Organization","@id":"https:\/\/www.carl-abrc.ca\/fr\/#organization","name":"Association des biblioth\u00e8ques de recherche du Canada","url":"https:\/\/www.carl-abrc.ca\/fr\/","logo":{"@type":"ImageObject","inLanguage":"fr-FR","@id":"https:\/\/www.carl-abrc.ca\/fr\/#\/schema\/logo\/image\/","url":"https:\/\/www.carl-abrc.ca\/wp-content\/uploads\/2024\/07\/cropped-Stacked_Colour_L.png","contentUrl":"https:\/\/www.carl-abrc.ca\/wp-content\/uploads\/2024\/07\/cropped-Stacked_Colour_L.png","width":641,"height":250,"caption":"Association des biblioth\u00e8ques de recherche du Canada"},"image":{"@id":"https:\/\/www.carl-abrc.ca\/fr\/#\/schema\/logo\/image\/"},"sameAs":["https:\/\/x.com\/carlabrc"]}]}},"_links":{"self":[{"href":"https:\/\/www.carl-abrc.ca\/fr\/wp-json\/wp\/v2\/pages\/1207","targetHints":{"allow":["GET"]}}],"collection":[{"href":"https:\/\/www.carl-abrc.ca\/fr\/wp-json\/wp\/v2\/pages"}],"about":[{"href":"https:\/\/www.carl-abrc.ca\/fr\/wp-json\/wp\/v2\/types\/page"}],"author":[{"embeddable":true,"href":"https:\/\/www.carl-abrc.ca\/fr\/wp-json\/wp\/v2\/users\/11"}],"replies":[{"embeddable":true,"href":"https:\/\/www.carl-abrc.ca\/fr\/wp-json\/wp\/v2\/comments?post=1207"}],"version-history":[{"count":0,"href":"https:\/\/www.carl-abrc.ca\/fr\/wp-json\/wp\/v2\/pages\/1207\/revisions"}],"up":[{"embeddable":true,"href":"https:\/\/www.carl-abrc.ca\/fr\/wp-json\/wp\/v2\/pages\/1195"}],"wp:attachment":[{"href":"https:\/\/www.carl-abrc.ca\/fr\/wp-json\/wp\/v2\/media?parent=1207"}],"curies":[{"name":"wp","href":"https:\/\/api.w.org\/{rel}","templated":true}]}}