{"id":1522,"date":"2016-03-16T20:27:05","date_gmt":"2016-03-17T00:27:05","guid":{"rendered":"http:\/\/www.carl-abrc.ca\/fr\/?page_id=1522"},"modified":"2026-03-13T15:07:26","modified_gmt":"2026-03-13T19:07:26","slug":"comite-sur-laccroissement-de-la-capacite","status":"publish","type":"page","link":"https:\/\/www.carl-abrc.ca\/fr\/a-propos-de-labrc\/comites\/comite-sur-laccroissement-de-la-capacite\/","title":{"rendered":"Comit\u00e9 sur l&rsquo;accroissement de la capacit\u00e9"},"content":{"rendered":"\t\t<div data-elementor-type=\"wp-page\" data-elementor-id=\"1522\" class=\"elementor elementor-1522 elementor-1520\">\n\t\t\t\t<div class=\"elementor-element elementor-element-e747813 e-con-full e-flex e-con e-parent\" data-id=\"e747813\" data-element_type=\"container\" data-e-type=\"container\">\n\t\t<div class=\"elementor-element elementor-element-cc52ee9 e-con-full e-flex e-con e-child\" data-id=\"cc52ee9\" data-element_type=\"container\" data-e-type=\"container\">\n\t\t<div class=\"elementor-element elementor-element-6d68f88 e-con-full e-flex elementor-invisible e-con e-child\" data-id=\"6d68f88\" data-element_type=\"container\" data-e-type=\"container\" data-settings=\"{&quot;animation&quot;:&quot;slideInLeft&quot;,&quot;animation_tablet&quot;:&quot;none&quot;}\">\n\t\t\t\t<div class=\"elementor-element elementor-element-6ea3159 elementor-widget elementor-widget-heading\" data-id=\"6ea3159\" data-element_type=\"widget\" data-e-type=\"widget\" data-widget_type=\"heading.default\">\n\t\t\t\t<div class=\"elementor-widget-container\">\n\t\t\t\t\t<h2 class=\"elementor-heading-title elementor-size-default\">Mandat et responsabilit\u00e9s<\/h2>\t\t\t\t<\/div>\n\t\t\t\t<\/div>\n\t\t\t\t<div class=\"elementor-element elementor-element-5706e4a elementor-widget elementor-widget-text-editor\" data-id=\"5706e4a\" data-element_type=\"widget\" data-e-type=\"widget\" data-widget_type=\"text-editor.default\">\n\t\t\t\t<div class=\"elementor-widget-container\">\n\t\t\t\t\t\t\t\t\t<p>L\u2019effectif des biblioth\u00e8ques de recherche, tout comme leurs installations physiques, leurs collections et leurs services, doit \u00e9voluer afin de suivre le rythme des changements au chapitre de l\u2019\u00e9ducation et de la recherche que provoquent les technologies num\u00e9riques et les facteurs socio\u00e9conomiques. L\u2019ABRC repr\u00e9sente et soutient fortement les nouveaux r\u00f4les des biblioth\u00e8ques de recherche, tels que d\u00e9termin\u00e9s par ses membres.<\/p><p>Le Comit\u00e9 sur l\u2019accroissement\u00a0de la capacit\u00e9 \u00e9labore les priorit\u00e9s et les activit\u00e9s de l\u2019ABRC afin de promouvoir efficacement le r\u00f4le et les efforts de l\u2019ABRC dans ces secteurs et de s\u2019assurer que les membres de l\u2019ABRC peuvent appuyer le perfectionnement et la croissance des employ\u00e9s. Au-del\u00e0 de l\u2019accroissement\u00a0de la capacit\u00e9 de l\u2019effectif, le Comit\u00e9 examine \u00e9galement les questions relatives \u00e0 la capacit\u00e9 financi\u00e8re, technique et physique lorsqu\u2019elles sont consid\u00e9r\u00e9es comme \u00e9tant dignes de l\u2019attention ou de la collaboration des membres de l\u2019ABRC \u00e0 l\u2019\u00e9chelle nationale.<\/p><p><a href=\"https:\/\/www.carl-abrc.ca\/fr\/accroitre-la-capacite\/\">En savoir plus sur notre travail pour l&rsquo;accroissement de la capacit\u00e9<\/a><\/p>\t\t\t\t\t\t\t\t<\/div>\n\t\t\t\t<\/div>\n\t\t<div class=\"elementor-element elementor-element-70e627b e-con-full e-flex e-con e-child\" data-id=\"70e627b\" data-element_type=\"container\" data-e-type=\"container\">\n\t\t\t\t<div class=\"elementor-element elementor-element-7ecf46e elementor-widget elementor-widget-heading\" data-id=\"7ecf46e\" data-element_type=\"widget\" data-e-type=\"widget\" data-widget_type=\"heading.default\">\n\t\t\t\t<div class=\"elementor-widget-container\">\n\t\t\t\t\t<h2 class=\"elementor-heading-title elementor-size-default\">Communaut\u00e9s de pratique<\/h2>\t\t\t\t<\/div>\n\t\t\t\t<\/div>\n\t\t\t\t<div class=\"elementor-element elementor-element-4c973a8 elementor-widget elementor-widget-towngov_department_list\" data-id=\"4c973a8\" data-element_type=\"widget\" data-e-type=\"widget\" data-settings=\"{&quot;general_box_padding&quot;:{&quot;unit&quot;:&quot;px&quot;,&quot;top&quot;:&quot;0&quot;,&quot;right&quot;:&quot;0&quot;,&quot;bottom&quot;:&quot;0&quot;,&quot;left&quot;:&quot;0&quot;,&quot;isLinked&quot;:false},&quot;general_box_space&quot;:{&quot;unit&quot;:&quot;px&quot;,&quot;top&quot;:&quot;1&quot;,&quot;right&quot;:&quot;1&quot;,&quot;bottom&quot;:&quot;1&quot;,&quot;left&quot;:&quot;1&quot;,&quot;isLinked&quot;:true},&quot;general_box_space_tablet_extra&quot;:{&quot;unit&quot;:&quot;px&quot;,&quot;top&quot;:&quot;&quot;,&quot;right&quot;:&quot;&quot;,&quot;bottom&quot;:&quot;&quot;,&quot;left&quot;:&quot;&quot;,&quot;isLinked&quot;:true},&quot;general_box_space_tablet&quot;:{&quot;unit&quot;:&quot;px&quot;,&quot;top&quot;:&quot;&quot;,&quot;right&quot;:&quot;&quot;,&quot;bottom&quot;:&quot;&quot;,&quot;left&quot;:&quot;&quot;,&quot;isLinked&quot;:true},&quot;general_box_space_mobile&quot;:{&quot;unit&quot;:&quot;px&quot;,&quot;top&quot;:&quot;&quot;,&quot;right&quot;:&quot;&quot;,&quot;bottom&quot;:&quot;&quot;,&quot;left&quot;:&quot;&quot;,&quot;isLinked&quot;:true},&quot;general_box_padding_tablet_extra&quot;:{&quot;unit&quot;:&quot;px&quot;,&quot;top&quot;:&quot;&quot;,&quot;right&quot;:&quot;&quot;,&quot;bottom&quot;:&quot;&quot;,&quot;left&quot;:&quot;&quot;,&quot;isLinked&quot;:true},&quot;general_box_padding_tablet&quot;:{&quot;unit&quot;:&quot;px&quot;,&quot;top&quot;:&quot;&quot;,&quot;right&quot;:&quot;&quot;,&quot;bottom&quot;:&quot;&quot;,&quot;left&quot;:&quot;&quot;,&quot;isLinked&quot;:true},&quot;general_box_padding_mobile&quot;:{&quot;unit&quot;:&quot;px&quot;,&quot;top&quot;:&quot;&quot;,&quot;right&quot;:&quot;&quot;,&quot;bottom&quot;:&quot;&quot;,&quot;left&quot;:&quot;&quot;,&quot;isLinked&quot;:true},&quot;icon_box_space&quot;:{&quot;unit&quot;:&quot;px&quot;,&quot;top&quot;:&quot;&quot;,&quot;right&quot;:&quot;&quot;,&quot;bottom&quot;:&quot;&quot;,&quot;left&quot;:&quot;&quot;,&quot;isLinked&quot;:true},&quot;icon_box_space_tablet_extra&quot;:{&quot;unit&quot;:&quot;px&quot;,&quot;top&quot;:&quot;&quot;,&quot;right&quot;:&quot;&quot;,&quot;bottom&quot;:&quot;&quot;,&quot;left&quot;:&quot;&quot;,&quot;isLinked&quot;:true},&quot;icon_box_space_tablet&quot;:{&quot;unit&quot;:&quot;px&quot;,&quot;top&quot;:&quot;&quot;,&quot;right&quot;:&quot;&quot;,&quot;bottom&quot;:&quot;&quot;,&quot;left&quot;:&quot;&quot;,&quot;isLinked&quot;:true},&quot;icon_box_space_mobile&quot;:{&quot;unit&quot;:&quot;px&quot;,&quot;top&quot;:&quot;&quot;,&quot;right&quot;:&quot;&quot;,&quot;bottom&quot;:&quot;&quot;,&quot;left&quot;:&quot;&quot;,&quot;isLinked&quot;:true},&quot;icon_box_padding&quot;:{&quot;unit&quot;:&quot;px&quot;,&quot;top&quot;:&quot;&quot;,&quot;right&quot;:&quot;&quot;,&quot;bottom&quot;:&quot;&quot;,&quot;left&quot;:&quot;&quot;,&quot;isLinked&quot;:true},&quot;icon_box_padding_tablet_extra&quot;:{&quot;unit&quot;:&quot;px&quot;,&quot;top&quot;:&quot;&quot;,&quot;right&quot;:&quot;&quot;,&quot;bottom&quot;:&quot;&quot;,&quot;left&quot;:&quot;&quot;,&quot;isLinked&quot;:true},&quot;icon_box_padding_tablet&quot;:{&quot;unit&quot;:&quot;px&quot;,&quot;top&quot;:&quot;&quot;,&quot;right&quot;:&quot;&quot;,&quot;bottom&quot;:&quot;&quot;,&quot;left&quot;:&quot;&quot;,&quot;isLinked&quot;:true},&quot;icon_box_padding_mobile&quot;:{&quot;unit&quot;:&quot;px&quot;,&quot;top&quot;:&quot;&quot;,&quot;right&quot;:&quot;&quot;,&quot;bottom&quot;:&quot;&quot;,&quot;left&quot;:&quot;&quot;,&quot;isLinked&quot;:true},&quot;btn_padding&quot;:{&quot;unit&quot;:&quot;px&quot;,&quot;top&quot;:&quot;&quot;,&quot;right&quot;:&quot;&quot;,&quot;bottom&quot;:&quot;&quot;,&quot;left&quot;:&quot;&quot;,&quot;isLinked&quot;:true},&quot;btn_padding_tablet_extra&quot;:{&quot;unit&quot;:&quot;px&quot;,&quot;top&quot;:&quot;&quot;,&quot;right&quot;:&quot;&quot;,&quot;bottom&quot;:&quot;&quot;,&quot;left&quot;:&quot;&quot;,&quot;isLinked&quot;:true},&quot;btn_padding_tablet&quot;:{&quot;unit&quot;:&quot;px&quot;,&quot;top&quot;:&quot;&quot;,&quot;right&quot;:&quot;&quot;,&quot;bottom&quot;:&quot;&quot;,&quot;left&quot;:&quot;&quot;,&quot;isLinked&quot;:true},&quot;btn_padding_mobile&quot;:{&quot;unit&quot;:&quot;px&quot;,&quot;top&quot;:&quot;&quot;,&quot;right&quot;:&quot;&quot;,&quot;bottom&quot;:&quot;&quot;,&quot;left&quot;:&quot;&quot;,&quot;isLinked&quot;:true}}\" data-widget_type=\"towngov_department_list.default\">\n\t\t\t\t<div class=\"elementor-widget-container\">\n\t\t\t\t\t    \t\r\n                <div class=\"service-card te-general-box\">\r\n                        \r\n            <ul class=\"list-unstyled\">\r\n                                \t<li>\r\n                    \t<a class=\"te-title\" href=\"\" >\r\n                            \u00c9quit\u00e9, diversit\u00e9, inclusion                                                            <i class=\"fa-solid fa-chevron-right\"><\/i>\r\n                                                    <\/a>\r\n                    <\/li>\r\n                                \t<li>\r\n                    \t<a class=\"te-title\" href=\"\" >\r\n                            Communications [CommUNIT\u00c9]                                                            <i class=\"fa-solid fa-chevron-right\"><\/i>\r\n                                                    <\/a>\r\n                    <\/li>\r\n                                \t<li>\r\n                    \t<a class=\"te-title\" href=\"\" >\r\n                            Finances                                                            <i class=\"fa-solid fa-chevron-right\"><\/i>\r\n                                                    <\/a>\r\n                    <\/li>\r\n                            <\/ul>\r\n                    <\/div>\r\n    \t\t\t\t<\/div>\n\t\t\t\t<\/div>\n\t\t\t\t<\/div>\n\t\t<div class=\"elementor-element elementor-element-ef6758c e-con-full e-flex e-con e-child\" data-id=\"ef6758c\" data-element_type=\"container\" data-e-type=\"container\">\n\t\t\t\t<div class=\"elementor-element elementor-element-d629fc4 elementor-widget elementor-widget-heading\" data-id=\"d629fc4\" data-element_type=\"widget\" data-e-type=\"widget\" data-widget_type=\"heading.default\">\n\t\t\t\t<div class=\"elementor-widget-container\">\n\t\t\t\t\t<h2 class=\"elementor-heading-title elementor-size-default\">Sous-groupes ant\u00e9rieurs<\/h2>\t\t\t\t<\/div>\n\t\t\t\t<\/div>\n\t\t\t\t<div class=\"elementor-element elementor-element-675569c elementor-widget elementor-widget-text-editor\" data-id=\"675569c\" data-element_type=\"widget\" data-e-type=\"widget\" data-widget_type=\"text-editor.default\">\n\t\t\t\t<div class=\"elementor-widget-container\">\n\t\t\t\t\t\t\t\t\t<ul><li><a href=\"https:\/\/www.carl-abrc.ca\/fr\/accroitre-la-capacite\/edi\/gtedi\/\">Groupe de travail sur l&rsquo;\u00e9quit\u00e9, la diversit\u00e9 et l&rsquo;inclusion<\/a><\/li><li><a href=\"https:\/\/www.carl-abrc.ca\/wp-content\/uploads\/2019\/08\/Terms-of-Reference-Leadership-Program-WG.pdf\" rel=\"noopener\">Groupe de travail sur le programme de leadership pour les responsables de biblioth\u00e8ques<\/a> (mandat en anglais seulement)<\/li><li><a href=\"https:\/\/www.carl-abrc.ca\/wp-content\/uploads\/2018\/08\/Core-Competencies-WG-TOR.pdf\" rel=\"noopener\">Groupe de travail sur les comp\u00e9tences de base<\/a> (mandat en anglais seulement)<\/li><\/ul>\t\t\t\t\t\t\t\t<\/div>\n\t\t\t\t<\/div>\n\t\t\t\t<\/div>\n\t\t\t\t<\/div>\n\t\t<div class=\"elementor-element elementor-element-33e0860 e-con-full e-flex elementor-invisible e-con e-child\" data-id=\"33e0860\" data-element_type=\"container\" data-e-type=\"container\" data-settings=\"{&quot;animation&quot;:&quot;slideInRight&quot;,&quot;animation_tablet&quot;:&quot;none&quot;}\">\n\t\t\t\t<div class=\"elementor-element elementor-element-770eee2 elementor-align-justify elementor-widget elementor-widget-button\" data-id=\"770eee2\" data-element_type=\"widget\" data-e-type=\"widget\" data-widget_type=\"button.default\">\n\t\t\t\t<div class=\"elementor-widget-container\">\n\t\t\t\t\t\t\t\t\t<div class=\"elementor-button-wrapper\">\n\t\t\t\t\t<a class=\"elementor-button elementor-button-link elementor-size-sm\" href=\"https:\/\/www.carl-abrc.ca\/wp-content\/uploads\/2023\/01\/Strengthening-Capacity-Committee-Comite-sur-laccroissement-de-la-capacite-.pdf\">\n\t\t\t\t\t\t<span class=\"elementor-button-content-wrapper\">\n\t\t\t\t\t\t<span class=\"elementor-button-icon\">\n\t\t\t\t<svg aria-hidden=\"true\" class=\"e-font-icon-svg e-fas-file-download\" viewBox=\"0 0 384 512\" xmlns=\"http:\/\/www.w3.org\/2000\/svg\"><path d=\"M224 136V0H24C10.7 0 0 10.7 0 24v464c0 13.3 10.7 24 24 24h336c13.3 0 24-10.7 24-24V160H248c-13.2 0-24-10.8-24-24zm76.45 211.36l-96.42 95.7c-6.65 6.61-17.39 6.61-24.04 0l-96.42-95.7C73.42 337.29 80.54 320 94.82 320H160v-80c0-8.84 7.16-16 16-16h32c8.84 0 16 7.16 16 16v80h65.18c14.28 0 21.4 17.29 11.27 27.36zM377 105L279.1 7c-4.5-4.5-10.6-7-17-7H256v128h128v-6.1c0-6.3-2.5-12.4-7-16.9z\"><\/path><\/svg>\t\t\t<\/span>\n\t\t\t\t\t\t\t\t\t<span class=\"elementor-button-text\">Mandat du comit\u00e9<\/span>\n\t\t\t\t\t<\/span>\n\t\t\t\t\t<\/a>\n\t\t\t\t<\/div>\n\t\t\t\t\t\t\t\t<\/div>\n\t\t\t\t<\/div>\n\t\t<div class=\"elementor-element elementor-element-ac9a152 e-con-full e-flex e-con e-child\" data-id=\"ac9a152\" data-element_type=\"container\" data-e-type=\"container\" data-settings=\"{&quot;background_background&quot;:&quot;classic&quot;}\">\n\t\t\t\t<div class=\"elementor-element elementor-element-a543920 elementor-widget elementor-widget-towngov_hero_title\" data-id=\"a543920\" data-element_type=\"widget\" data-e-type=\"widget\" data-widget_type=\"towngov_hero_title.default\">\n\t\t\t\t<div class=\"elementor-widget-container\">\n\t\t\t\t\t    \r\n        <div class=\"section-title-box te-align \">\r\n        \t<div class=\"section-tagline te-subtitle\"><\/div>            <h2 class=\"section-title te-title towngov-size-default\">Membres<\/h2>                        <div class=\"sec-title__text te-text\"><ul><li>Mark Asberg (Queen\u2019s) - pr\u00e9sident<\/li><li>Jonathan Bengtson (Victoria)<\/li><li>Selinda Berg (Windsor)<\/li><li>Lori Birrell (Saskatchewan)<\/li><li>Susan Cleyle (API de l'ABRC - Initiatives de perfectionnement en leadership)<\/li><li>Julie Hannaford (Toronto)<\/li><li>Dianne Keeping (Memorial)<\/li><li>Vivian Lewis, (McMaster)<\/li><li>Lisa O'Hara (Manitoba)<\/li><\/ul><p>La pr\u00e9sidente et le directeur g\u00e9n\u00e9ral de l\u2019ABRC sont membres d\u2019office de tous les comit\u00e9s strat\u00e9giques de l\u2019ABRC.<\/p><\/div>\r\n                    <\/div><!-- section-title-box -->\r\n    \r\n    \t\t\t\t<\/div>\n\t\t\t\t<\/div>\n\t\t\t\t<\/div>\n\t\t<div class=\"elementor-element elementor-element-08db900 e-con-full e-flex e-con e-child\" data-id=\"08db900\" data-element_type=\"container\" data-e-type=\"container\" data-settings=\"{&quot;background_background&quot;:&quot;classic&quot;}\">\n\t\t\t\t<div class=\"elementor-element elementor-element-d8fe01b elementor-widget elementor-widget-icon-box\" data-id=\"d8fe01b\" data-element_type=\"widget\" data-e-type=\"widget\" data-widget_type=\"icon-box.default\">\n\t\t\t\t<div class=\"elementor-widget-container\">\n\t\t\t\t\t\t\t<div class=\"elementor-icon-box-wrapper\">\n\n\t\t\t\n\t\t\t\t\t\t<div class=\"elementor-icon-box-content\">\n\n\t\t\t\t\t\t\t\t\t<h2 class=\"elementor-icon-box-title\">\n\t\t\t\t\t\t<span  >\n\t\t\t\t\t\t\tSecr\u00e9taire du comit\u00e9\t\t\t\t\t\t<\/span>\n\t\t\t\t\t<\/h2>\n\t\t\t\t\n\t\t\t\t\t\t\t\t\t<p class=\"elementor-icon-box-description\">\n\t\t\t\t\t\tJulie Morin <br \/>\njulie.morin@carl-abrc.ca\t\t\t\t\t<\/p>\n\t\t\t\t\n\t\t\t<\/div>\n\t\t\t\n\t\t<\/div>\n\t\t\t\t\t\t<\/div>\n\t\t\t\t<\/div>\n\t\t\t\t<\/div>\n\t\t\t\t<\/div>\n\t\t\t\t<\/div>\n\t\t\t\t<\/div>\n\t\t\t\t<\/div>\n\t\t","protected":false},"excerpt":{"rendered":"<p>Mandat et responsabilit\u00e9s L\u2019effectif des biblioth\u00e8ques de recherche, tout comme leurs installations physiques, leurs collections et leurs services, doit \u00e9voluer afin de suivre le rythme des changements au chapitre de [&hellip;]<\/p>\n","protected":false},"author":11,"featured_media":0,"parent":1510,"menu_order":0,"comment_status":"closed","ping_status":"closed","template":"","meta":{"_acf_changed":false,"_EventAllDay":false,"_EventTimezone":"","_EventStartDate":"","_EventEndDate":"","_EventStartDateUTC":"","_EventEndDateUTC":"","_EventShowMap":false,"_EventShowMapLink":false,"_EventURL":"","_EventCost":"","_EventCostDescription":"","_EventCurrencySymbol":"","_EventCurrencyCode":"","_EventCurrencyPosition":"","_EventDateTimeSeparator":"","_EventTimeRangeSeparator":"","_EventOrganizerID":[],"_EventVenueID":[],"_OrganizerEmail":"","_OrganizerPhone":"","_OrganizerWebsite":"","_VenueAddress":"","_VenueCity":"","_VenueCountry":"","_VenueProvince":"","_VenueState":"","_VenueZip":"","_VenuePhone":"","_VenueURL":"","_VenueStateProvince":"","_VenueLat":"","_VenueLng":"","_VenueShowMap":false,"_VenueShowMapLink":false,"footnotes":""},"class_list":["post-1522","page","type-page","status-publish","hentry"],"acf":[],"yoast_head":"<!-- This site is optimized with the Yoast SEO plugin v27.4 - https:\/\/yoast.com\/product\/yoast-seo-wordpress\/ -->\n<title>Comit\u00e9 sur l&#039;accroissement de la capacit\u00e9 - Association des biblioth\u00e8ques de recherche du Canada<\/title>\n<meta name=\"robots\" content=\"index, follow, max-snippet:-1, max-image-preview:large, max-video-preview:-1\" \/>\n<link rel=\"canonical\" href=\"https:\/\/www.carl-abrc.ca\/fr\/a-propos-de-labrc\/comites\/comite-sur-laccroissement-de-la-capacite\/\" \/>\n<meta property=\"og:locale\" content=\"fr_FR\" \/>\n<meta property=\"og:type\" content=\"article\" \/>\n<meta property=\"og:title\" content=\"Comit\u00e9 sur l&#039;accroissement de la capacit\u00e9 - Association des biblioth\u00e8ques de recherche du Canada\" \/>\n<meta property=\"og:description\" content=\"Mandat et responsabilit\u00e9s L\u2019effectif des biblioth\u00e8ques de recherche, tout comme leurs installations physiques, leurs collections et leurs services, doit \u00e9voluer afin de suivre le rythme des changements au chapitre de [&hellip;]\" \/>\n<meta property=\"og:url\" content=\"https:\/\/www.carl-abrc.ca\/fr\/a-propos-de-labrc\/comites\/comite-sur-laccroissement-de-la-capacite\/\" \/>\n<meta property=\"og:site_name\" content=\"Association des biblioth\u00e8ques de recherche du Canada\" \/>\n<meta property=\"article:modified_time\" content=\"2026-03-13T19:07:26+00:00\" \/>\n<meta name=\"twitter:label1\" content=\"Dur\u00e9e de lecture estim\u00e9e\" \/>\n\t<meta name=\"twitter:data1\" content=\"2 minutes\" \/>\n<script type=\"application\/ld+json\" class=\"yoast-schema-graph\">{\"@context\":\"https:\\\/\\\/schema.org\",\"@graph\":[{\"@type\":\"WebPage\",\"@id\":\"https:\\\/\\\/www.carl-abrc.ca\\\/fr\\\/a-propos-de-labrc\\\/comites\\\/comite-sur-laccroissement-de-la-capacite\\\/\",\"url\":\"https:\\\/\\\/www.carl-abrc.ca\\\/fr\\\/a-propos-de-labrc\\\/comites\\\/comite-sur-laccroissement-de-la-capacite\\\/\",\"name\":\"Comit\u00e9 sur l'accroissement de la capacit\u00e9 - Association des biblioth\u00e8ques de recherche du Canada\",\"isPartOf\":{\"@id\":\"https:\\\/\\\/www.carl-abrc.ca\\\/fr\\\/#website\"},\"datePublished\":\"2016-03-17T00:27:05+00:00\",\"dateModified\":\"2026-03-13T19:07:26+00:00\",\"breadcrumb\":{\"@id\":\"https:\\\/\\\/www.carl-abrc.ca\\\/fr\\\/a-propos-de-labrc\\\/comites\\\/comite-sur-laccroissement-de-la-capacite\\\/#breadcrumb\"},\"inLanguage\":\"fr-FR\",\"potentialAction\":[{\"@type\":\"ReadAction\",\"target\":[\"https:\\\/\\\/www.carl-abrc.ca\\\/fr\\\/a-propos-de-labrc\\\/comites\\\/comite-sur-laccroissement-de-la-capacite\\\/\"]}]},{\"@type\":\"BreadcrumbList\",\"@id\":\"https:\\\/\\\/www.carl-abrc.ca\\\/fr\\\/a-propos-de-labrc\\\/comites\\\/comite-sur-laccroissement-de-la-capacite\\\/#breadcrumb\",\"itemListElement\":[{\"@type\":\"ListItem\",\"position\":1,\"name\":\"Accueil\",\"item\":\"https:\\\/\\\/www.carl-abrc.ca\\\/fr\\\/home-3\\\/\"},{\"@type\":\"ListItem\",\"position\":2,\"name\":\"\u00c0 propos de l\u2019ABRC\",\"item\":\"https:\\\/\\\/www.carl-abrc.ca\\\/fr\\\/a-propos-de-labrc\\\/\"},{\"@type\":\"ListItem\",\"position\":3,\"name\":\"Comit\u00e9s\",\"item\":\"https:\\\/\\\/www.carl-abrc.ca\\\/fr\\\/a-propos-de-labrc\\\/comites\\\/\"},{\"@type\":\"ListItem\",\"position\":4,\"name\":\"Comit\u00e9 sur l&#8217;accroissement de la capacit\u00e9\"}]},{\"@type\":\"WebSite\",\"@id\":\"https:\\\/\\\/www.carl-abrc.ca\\\/fr\\\/#website\",\"url\":\"https:\\\/\\\/www.carl-abrc.ca\\\/fr\\\/\",\"name\":\"Association des biblioth\u00e8ques de recherche du Canada\",\"description\":\"ABRC\",\"publisher\":{\"@id\":\"https:\\\/\\\/www.carl-abrc.ca\\\/fr\\\/#organization\"},\"potentialAction\":[{\"@type\":\"SearchAction\",\"target\":{\"@type\":\"EntryPoint\",\"urlTemplate\":\"https:\\\/\\\/www.carl-abrc.ca\\\/fr\\\/?s={search_term_string}\"},\"query-input\":{\"@type\":\"PropertyValueSpecification\",\"valueRequired\":true,\"valueName\":\"search_term_string\"}}],\"inLanguage\":\"fr-FR\"},{\"@type\":\"Organization\",\"@id\":\"https:\\\/\\\/www.carl-abrc.ca\\\/fr\\\/#organization\",\"name\":\"Association des biblioth\u00e8ques de recherche du Canada\",\"url\":\"https:\\\/\\\/www.carl-abrc.ca\\\/fr\\\/\",\"logo\":{\"@type\":\"ImageObject\",\"inLanguage\":\"fr-FR\",\"@id\":\"https:\\\/\\\/www.carl-abrc.ca\\\/fr\\\/#\\\/schema\\\/logo\\\/image\\\/\",\"url\":\"https:\\\/\\\/www.carl-abrc.ca\\\/wp-content\\\/uploads\\\/2024\\\/07\\\/cropped-Stacked_Colour_L.png\",\"contentUrl\":\"https:\\\/\\\/www.carl-abrc.ca\\\/wp-content\\\/uploads\\\/2024\\\/07\\\/cropped-Stacked_Colour_L.png\",\"width\":641,\"height\":250,\"caption\":\"Association des biblioth\u00e8ques de recherche du Canada\"},\"image\":{\"@id\":\"https:\\\/\\\/www.carl-abrc.ca\\\/fr\\\/#\\\/schema\\\/logo\\\/image\\\/\"},\"sameAs\":[\"https:\\\/\\\/x.com\\\/carlabrc\"]}]}<\/script>\n<!-- \/ Yoast SEO plugin. -->","yoast_head_json":{"title":"Comit\u00e9 sur l'accroissement de la capacit\u00e9 - Association des biblioth\u00e8ques de recherche du Canada","robots":{"index":"index","follow":"follow","max-snippet":"max-snippet:-1","max-image-preview":"max-image-preview:large","max-video-preview":"max-video-preview:-1"},"canonical":"https:\/\/www.carl-abrc.ca\/fr\/a-propos-de-labrc\/comites\/comite-sur-laccroissement-de-la-capacite\/","og_locale":"fr_FR","og_type":"article","og_title":"Comit\u00e9 sur l'accroissement de la capacit\u00e9 - Association des biblioth\u00e8ques de recherche du Canada","og_description":"Mandat et responsabilit\u00e9s L\u2019effectif des biblioth\u00e8ques de recherche, tout comme leurs installations physiques, leurs collections et leurs services, doit \u00e9voluer afin de suivre le rythme des changements au chapitre de [&hellip;]","og_url":"https:\/\/www.carl-abrc.ca\/fr\/a-propos-de-labrc\/comites\/comite-sur-laccroissement-de-la-capacite\/","og_site_name":"Association des biblioth\u00e8ques de recherche du Canada","article_modified_time":"2026-03-13T19:07:26+00:00","twitter_misc":{"Dur\u00e9e de lecture estim\u00e9e":"2 minutes"},"schema":{"@context":"https:\/\/schema.org","@graph":[{"@type":"WebPage","@id":"https:\/\/www.carl-abrc.ca\/fr\/a-propos-de-labrc\/comites\/comite-sur-laccroissement-de-la-capacite\/","url":"https:\/\/www.carl-abrc.ca\/fr\/a-propos-de-labrc\/comites\/comite-sur-laccroissement-de-la-capacite\/","name":"Comit\u00e9 sur l'accroissement de la capacit\u00e9 - Association des biblioth\u00e8ques de recherche du Canada","isPartOf":{"@id":"https:\/\/www.carl-abrc.ca\/fr\/#website"},"datePublished":"2016-03-17T00:27:05+00:00","dateModified":"2026-03-13T19:07:26+00:00","breadcrumb":{"@id":"https:\/\/www.carl-abrc.ca\/fr\/a-propos-de-labrc\/comites\/comite-sur-laccroissement-de-la-capacite\/#breadcrumb"},"inLanguage":"fr-FR","potentialAction":[{"@type":"ReadAction","target":["https:\/\/www.carl-abrc.ca\/fr\/a-propos-de-labrc\/comites\/comite-sur-laccroissement-de-la-capacite\/"]}]},{"@type":"BreadcrumbList","@id":"https:\/\/www.carl-abrc.ca\/fr\/a-propos-de-labrc\/comites\/comite-sur-laccroissement-de-la-capacite\/#breadcrumb","itemListElement":[{"@type":"ListItem","position":1,"name":"Accueil","item":"https:\/\/www.carl-abrc.ca\/fr\/home-3\/"},{"@type":"ListItem","position":2,"name":"\u00c0 propos de l\u2019ABRC","item":"https:\/\/www.carl-abrc.ca\/fr\/a-propos-de-labrc\/"},{"@type":"ListItem","position":3,"name":"Comit\u00e9s","item":"https:\/\/www.carl-abrc.ca\/fr\/a-propos-de-labrc\/comites\/"},{"@type":"ListItem","position":4,"name":"Comit\u00e9 sur l&#8217;accroissement de la capacit\u00e9"}]},{"@type":"WebSite","@id":"https:\/\/www.carl-abrc.ca\/fr\/#website","url":"https:\/\/www.carl-abrc.ca\/fr\/","name":"Association des biblioth\u00e8ques de recherche du Canada","description":"ABRC","publisher":{"@id":"https:\/\/www.carl-abrc.ca\/fr\/#organization"},"potentialAction":[{"@type":"SearchAction","target":{"@type":"EntryPoint","urlTemplate":"https:\/\/www.carl-abrc.ca\/fr\/?s={search_term_string}"},"query-input":{"@type":"PropertyValueSpecification","valueRequired":true,"valueName":"search_term_string"}}],"inLanguage":"fr-FR"},{"@type":"Organization","@id":"https:\/\/www.carl-abrc.ca\/fr\/#organization","name":"Association des biblioth\u00e8ques de recherche du Canada","url":"https:\/\/www.carl-abrc.ca\/fr\/","logo":{"@type":"ImageObject","inLanguage":"fr-FR","@id":"https:\/\/www.carl-abrc.ca\/fr\/#\/schema\/logo\/image\/","url":"https:\/\/www.carl-abrc.ca\/wp-content\/uploads\/2024\/07\/cropped-Stacked_Colour_L.png","contentUrl":"https:\/\/www.carl-abrc.ca\/wp-content\/uploads\/2024\/07\/cropped-Stacked_Colour_L.png","width":641,"height":250,"caption":"Association des biblioth\u00e8ques de recherche du Canada"},"image":{"@id":"https:\/\/www.carl-abrc.ca\/fr\/#\/schema\/logo\/image\/"},"sameAs":["https:\/\/x.com\/carlabrc"]}]}},"_links":{"self":[{"href":"https:\/\/www.carl-abrc.ca\/fr\/wp-json\/wp\/v2\/pages\/1522","targetHints":{"allow":["GET"]}}],"collection":[{"href":"https:\/\/www.carl-abrc.ca\/fr\/wp-json\/wp\/v2\/pages"}],"about":[{"href":"https:\/\/www.carl-abrc.ca\/fr\/wp-json\/wp\/v2\/types\/page"}],"author":[{"embeddable":true,"href":"https:\/\/www.carl-abrc.ca\/fr\/wp-json\/wp\/v2\/users\/11"}],"replies":[{"embeddable":true,"href":"https:\/\/www.carl-abrc.ca\/fr\/wp-json\/wp\/v2\/comments?post=1522"}],"version-history":[{"count":9,"href":"https:\/\/www.carl-abrc.ca\/fr\/wp-json\/wp\/v2\/pages\/1522\/revisions"}],"predecessor-version":[{"id":40391,"href":"https:\/\/www.carl-abrc.ca\/fr\/wp-json\/wp\/v2\/pages\/1522\/revisions\/40391"}],"up":[{"embeddable":true,"href":"https:\/\/www.carl-abrc.ca\/fr\/wp-json\/wp\/v2\/pages\/1510"}],"wp:attachment":[{"href":"https:\/\/www.carl-abrc.ca\/fr\/wp-json\/wp\/v2\/media?parent=1522"}],"curies":[{"name":"wp","href":"https:\/\/api.w.org\/{rel}","templated":true}]}}