{"id":1606,"date":"2016-03-17T12:14:22","date_gmt":"2016-03-17T16:14:22","guid":{"rendered":"http:\/\/www.carl-abrc.ca\/fr\/?page_id=1606"},"modified":"2025-07-30T10:49:05","modified_gmt":"2025-07-30T14:49:05","slug":"partenariats","status":"publish","type":"page","link":"https:\/\/www.carl-abrc.ca\/fr\/a-propos-de-labrc\/partenariats\/","title":{"rendered":"Partenariats"},"content":{"rendered":"\t\t<div data-elementor-type=\"wp-page\" data-elementor-id=\"1606\" class=\"elementor elementor-1606 elementor-1600\">\n\t\t\t\t<div class=\"elementor-element elementor-element-d4f75a3 e-flex e-con-boxed e-con e-parent\" data-id=\"d4f75a3\" data-element_type=\"container\" data-e-type=\"container\">\n\t\t\t\t\t<div class=\"e-con-inner\">\n\t\t\t\t<div class=\"elementor-element elementor-element-a41ce99 elementor-widget elementor-widget-text-editor\" data-id=\"a41ce99\" data-element_type=\"widget\" data-e-type=\"widget\" data-widget_type=\"text-editor.default\">\n\t\t\t\t<div class=\"elementor-widget-container\">\n\t\t\t\t\t\t\t\t\t<p>L\u2019ABRC soutient les initiatives r\u00e9gionales et nationales pertinentes \u00e0 sa mission et travaille en collaboration ou en partenariat officiel avec des organisations pertinentes au Canada et \u00e0 l\u2019\u00e9tranger.<\/p><p>Actuellement, l\u2019ABRC est repr\u00e9sent\u00e9e dans les organisations \/ initiatives externes suivantes:<\/p><ul><li>Access 2 Knowledge (A2K) Coalition \u2013 Katherine McColgan (ABRC)<\/li><li>Alliance de recherche num\u00e9rique du Canada (l\u2019Alliance) \u2013 Program Activity Advisory Committee \u2013 Susan Haigh (ABRC)<\/li><li>Association of Research Libraries \u2013 Advocacy and Public Policy Committee \u2013 Susan Haigh (ABRC)<\/li><li>Canadian Science Publishing \u2013 Susan Haigh (ABRC)<\/li><li>Coalition Publica \u2013 Amy Buckland (Concordia)<\/li><li>Confederation of Open Access Repositories (COAR) \u2013 CARL President, CARL Executive Director<\/li><li>Comit\u00e9 canadien sur le catalogage\u00a0\u2013 Susan Andrews (UBC)<\/li><li>Consortium canadien pour le recherche \u2013 Susan Haigh (ABRC), Katherine McColgan (ABRC)<\/li><li>F\u00e9d\u00e9ration canadienne des associations de biblioth\u00e8ques (FCAB) \u2013 Conseil d\u2019administration \u2013 Mary-Jo Romaniuk (Calgary)<\/li><li>Comit\u00e9 sur le droit d\u2019auteur de la FCAB \u2013\u00a0 Susan Haigh (ABRC)<\/li><li>F\u00e9d\u00e9ration des milieux documentaires \u2013 Conseil d\u2019administration \u2013 Katherine McColgan (CARL)<\/li><li>Comit\u00e9 consultatif des biblioth\u00e8ques du Programme des services de d\u00e9p\u00f4t\u00a0 \u2013 Carla Graebner (Simon Fraser) et Susan Paterson (UBC)<\/li><li>Comit\u00e9 consultatif canadien sur les identifiants p\u00e9rennes (CCCPID) \u2013 Susan\u00a0 Haigh (ABRC)<\/li><li>Conseil de direction de SPARC \u2013 St\u00e9phanie Gagnon (Montr\u00e9al)<\/li><li>IFLA Management of Library Associations Standing Committee \u2013 Susan Haigh (ABRC)<\/li><li>International Alliance of Research Library Associations \u2013 Pr\u00e9sident(e) de l\u2019ABRC, Vice-pr\u00e9sident(e) de l\u2019ABRC, Directeur\/Directrice g\u00e9n\u00e9ral(e) de l\u2019ABRC<\/li><li>Global Sustainability Coalition for Open Science Services \u2013 Conseil \u2013 Susan Haigh (ABRC)<\/li><li>North\/Nord Shared Print Network Steering Committee \u2013 Joseph Hafner (York)<\/li><\/ul><p>L\u2019ABRC entretient \u00e9galement des relations par le biais d\u2019accords, d\u2019adh\u00e9sion ou de moyens informels avec les groupes suivants:<\/p><h2><strong>Consortiums r\u00e9gionaux et nationaux de biblioth\u00e8ques universitaires canadiennes<\/strong><\/h2><ul><li><a href=\"http:\/\/www.bci-qc.ca\/\" target=\"_blank\" rel=\"noopener\">BCI<\/a>\u00a0Bureau de coop\u00e9ration interuniversitaire<\/li><li><a href=\"http:\/\/caul-cbua.ca\/\" target=\"_blank\" rel=\"noopener\">CBPA<\/a>\u00a0Conseil des biblioth\u00e8ques postsecondaires de l\u2019atlantique<\/li><li><a href=\"http:\/\/www.ocul.on.ca\/\" target=\"_blank\" rel=\"noopener\">OCUL<\/a>\u00a0Ontario Council of University Libraries<\/li><li><a href=\"http:\/\/www.coppul.ca\/\" target=\"_blank\" rel=\"noopener\">COPPUL<\/a>\u00a0Council of Prairie and Pacific University Libraries<\/li><li><a href=\"http:\/\/crkn.ca\/fr\" target=\"_blank\" rel=\"noopener\">RCDR<\/a>\u00a0R\u00e9seau canadien de documentation pour la recherche<\/li><\/ul><h2><strong>Organisations nationales de biblioth\u00e8ques canadiennes<\/strong><\/h2><ul><li><a href=\"http:\/\/www.aplic-abpac.ca\/aplic_home.html\" target=\"_blank\" rel=\"noopener\">ABPAC<\/a>\u00a0Association des biblioth\u00e8ques parlementaires au Canada<\/li><li><a href=\"https:\/\/fmdoc.org\/\" target=\"_blank\" rel=\"noopener\">FMD<\/a>\u00a0F\u00e9d\u00e9ration des milieux documentaires<\/li><li><a href=\"http:\/\/cfla-fcab.ca\/fr\/home-page-fr\/\" target=\"_blank\" rel=\"noopener\">FCAB<\/a>\u00a0F\u00e9d\u00e9ration canadienne des associations de biblioth\u00e8ques<\/li><li><a href=\"http:\/\/www.culc.ca\/\" target=\"_blank\" rel=\"noopener\">CBUC<\/a>\u00a0Conseil des biblioth\u00e8ques urbaines du Canada<\/li><\/ul><h2><strong>Organisations nationales canadiennes de recherche et d\u2019enseignement sup\u00e9rieur<\/strong><\/h2><ul><li><a href=\"http:\/\/archivists.ca\/\" target=\"_blank\" rel=\"noopener\">ACA<\/a>\u00a0Association of Canadian Archivists<\/li><li><a href=\"http:\/\/acup-apuc.ca\/fr\/accueil\/\" target=\"_blank\" rel=\"noopener\">APUC<\/a>\u00a0Association des presses universitaires canadiennes<\/li><li><a href=\"https:\/\/cags.ca\/?lang=fr\" target=\"_blank\" rel=\"noopener\">ACES<\/a>\u00a0Association canadienne pour les \u00e9tudes sup\u00e9rieures<\/li><li><a href=\"https:\/\/www.calj-acrs.ca\/#\" target=\"_blank\" rel=\"noopener\">ACRS<\/a>\u00a0Association canadienne des revues savantes<\/li><li><a href=\"https:\/\/www.acae-casa.com\/Accueil\" target=\"_blank\" rel=\"noopener\">ACAE<\/a>\u00a0Alliance canadienne des associations \u00e9tudiantes<\/li><li><a href=\"http:\/\/www.canarie.ca\/\" target=\"_blank\" rel=\"noopener\">CANARIE<\/a>\u00a0Le r\u00e9seau \u00e9volu\u00e9 de la recherche et de l\u2019innovation du Canada<\/li><li><a href=\"https:\/\/www.caut.ca\/fr\" target=\"_blank\" rel=\"noopener\">ACPPU<\/a>\u00a0Association Canadienne des professeures et professeurs d\u2019universit\u00e9<\/li><li><a href=\"https:\/\/archivescanada.ca\/fr\/\" target=\"_blank\" rel=\"noopener\">CCA<\/a>\u00a0Conseil canadien des archives<\/li><li><a href=\"http:\/\/sciencepourlepublic.ca\/fr\/default.aspx\" target=\"_blank\" rel=\"noopener\">CAC<\/a>\u00a0Conseil des acad\u00e9mies canadiennes<\/li><li><a href=\"http:\/\/fr.ccr-ccr.ca\/index.php?cmd=Home\" target=\"_blank\" rel=\"noopener\">CCR<\/a>\u00a0Consortium canadien pour la recherche<\/li><li><a href=\"http:\/\/www.ideas-idees.ca\/\" target=\"_blank\" rel=\"noopener\">FCSH<\/a>\u00a0F\u00e9d\u00e9ration canadienne des sciences humaines<\/li><li><a href=\"https:\/\/www.collegesinstitutes.ca\/fr\/\" target=\"_blank\" rel=\"noopener\">CICan<\/a>\u00a0Coll\u00e8ges et instituts Canada<\/li><li><a href=\"https:\/\/csae.com\/fr\/\" target=\"_blank\" rel=\"noopener\">SCDA<\/a>\u00a0Soci\u00e9t\u00e9 canadienne des directeurs d\u2019association<\/li><li><a href=\"http:\/\/pkp.sfu.ca\/\" target=\"_blank\" rel=\"noopener\">PKP<\/a>\u00a0Public Knowledge Project<\/li><li><a href=\"http:\/\/www.univcan.ca\/fr\/\" target=\"_blank\" rel=\"noopener\">UC<\/a>\u00a0Universit\u00e9s Canada<\/li><\/ul><h2><strong>Organisations f\u00e9d\u00e9raux canadiens<\/strong><\/h2><ul><li><a href=\"https:\/\/www.innovation.ca\/fr\" target=\"_blank\" rel=\"noopener\">FCI<\/a>\u00a0Fondation canadienne pour l\u2019innovation<\/li><li><a href=\"http:\/\/www.cihr-irsc.gc.ca\/f\/193.html\" target=\"_blank\" rel=\"noopener\">IRSC<\/a>\u00a0Instituts de recherche en sant\u00e9 du Canada<\/li><li><a href=\"http:\/\/www.cb-cda.gc.ca\/home-accueil-f.html\" target=\"_blank\" rel=\"noopener\">CDA<\/a>\u00a0Commission du droit d\u2019auteur du Canada<\/li><li><a href=\"http:\/\/publications.gc.ca\/site\/fra\/accueil.html\" target=\"_blank\" rel=\"noopener\">PSD<\/a>\u00a0Programme des services de depot (sous Publications du gouvernement de Canada)<\/li><li><a href=\"http:\/\/www.nserc-crsng.gc.ca\/Index_fra.asp\" target=\"_blank\" rel=\"noopener\">CRSNG<\/a>\u00a0Conseil de recherches en sciences naturelles et en g\u00e9nie du Canada<\/li><li><a href=\"https:\/\/science.gc.ca\/site\/science\/fr\/bureau-conseillere-scientifique-chef\">Bureau de la Conseill\u00e8re scientifique en chef<\/a><\/li><li><a href=\"http:\/\/www.sshrc-crsh.gc.ca\/home-accueil-fra.aspx\" target=\"_blank\" rel=\"noopener\">CRSH<\/a>\u00a0Conseil de recherches en sciences humaines<\/li><\/ul><h2><strong>Organisations non canadiennes et internationales<\/strong><\/h2><ul><li><a href=\"http:\/\/adbu.fr\/\" target=\"_blank\" rel=\"noopener\">ADBU<\/a>\u00a0Association des directeurs et des personnels de direction des biblioth\u00e8ques universitaires et des services documentaires de l\u2019enseignement sup\u00e9rieur et de la recherche (FR)<\/li><li><a href=\"http:\/\/www.ala.org\/index.cfm\" target=\"_blank\" rel=\"noopener\">ALA<\/a>\u00a0American Library Association<\/li><li><a href=\"https:\/\/www.arl.org\/\" target=\"_blank\" rel=\"noopener\">ARL<\/a>\u00a0Association of Research Libraries<\/li><li><a href=\"http:\/\/www.caul.edu.au\/\" target=\"_blank\" rel=\"noopener\">CAUL<\/a>\u00a0Council of Australasian University Librarians<\/li><li><a href=\"http:\/\/www.cni.org\/\" target=\"_blank\" rel=\"noopener\">CNI<\/a>\u00a0Coalition for Networked Information<\/li><li><a href=\"http:\/\/www.crl.edu\/\" target=\"_blank\" rel=\"noopener\">CRL<\/a>\u00a0Center for Research Libraries<\/li><li><a href=\"http:\/\/iarla.org\/\" target=\"_blank\" rel=\"noopener\">IARLA<\/a>\u00a0International Alliance of Research Library Associations<\/li><li><a href=\"http:\/\/www.ifla.org\/\" target=\"_blank\" rel=\"noopener\">IFLA<\/a>\u00a0International Federation of Library Associations and Institutions<\/li><li><a href=\"https:\/\/archive.org\/\" target=\"_blank\" rel=\"noopener\">Internet Archive<\/a>\u00a0Internet Archive<\/li><li><a href=\"http:\/\/www.kb.dk\/liber\/\" target=\"_blank\" rel=\"noopener\">LIBER<\/a>\u00a0Ligue des Biblioth\u00e8ques Europ\u00e9ennes de Recherche<\/li><li><a href=\"http:\/\/www.rluk.ac.uk\/\" target=\"_blank\" rel=\"noopener\">RLUK<\/a>\u00a0Research Libraries UK<\/li><li><a href=\"https:\/\/sparcopen.org\/\" target=\"_blank\" rel=\"noopener\">SPARC<\/a>\u00a0Scholarly Publishing and Academic Resources Coalition<\/li><\/ul>\t\t\t\t\t\t\t\t<\/div>\n\t\t\t\t<\/div>\n\t\t\t\t\t<\/div>\n\t\t\t\t<\/div>\n\t\t\t\t<\/div>\n\t\t","protected":false},"excerpt":{"rendered":"<p>L\u2019ABRC soutient les initiatives r\u00e9gionales et nationales pertinentes \u00e0 sa mission et travaille en collaboration ou en partenariat officiel avec des organisations pertinentes au Canada et \u00e0 l\u2019\u00e9tranger. Actuellement, l\u2019ABRC [&hellip;]<\/p>\n","protected":false},"author":11,"featured_media":0,"parent":118,"menu_order":0,"comment_status":"closed","ping_status":"closed","template":"","meta":{"_acf_changed":false,"_EventAllDay":false,"_EventTimezone":"","_EventStartDate":"","_EventEndDate":"","_EventStartDateUTC":"","_EventEndDateUTC":"","_EventShowMap":false,"_EventShowMapLink":false,"_EventURL":"","_EventCost":"","_EventCostDescription":"","_EventCurrencySymbol":"","_EventCurrencyCode":"","_EventCurrencyPosition":"","_EventDateTimeSeparator":"","_EventTimeRangeSeparator":"","_EventOrganizerID":[],"_EventVenueID":[],"_OrganizerEmail":"","_OrganizerPhone":"","_OrganizerWebsite":"","_VenueAddress":"","_VenueCity":"","_VenueCountry":"","_VenueProvince":"","_VenueState":"","_VenueZip":"","_VenuePhone":"","_VenueURL":"","_VenueStateProvince":"","_VenueLat":"","_VenueLng":"","_VenueShowMap":false,"_VenueShowMapLink":false,"footnotes":""},"class_list":["post-1606","page","type-page","status-publish","hentry"],"acf":[],"yoast_head":"<!-- This site is optimized with the Yoast SEO plugin v27.5 - https:\/\/yoast.com\/product\/yoast-seo-wordpress\/ -->\n<title>Partenariats - Association des biblioth\u00e8ques de recherche du Canada<\/title>\n<meta name=\"robots\" content=\"index, follow, max-snippet:-1, max-image-preview:large, max-video-preview:-1\" \/>\n<link rel=\"canonical\" href=\"https:\/\/www.carl-abrc.ca\/fr\/a-propos-de-labrc\/partenariats\/\" \/>\n<meta property=\"og:locale\" content=\"fr_FR\" \/>\n<meta property=\"og:type\" content=\"article\" \/>\n<meta property=\"og:title\" content=\"Partenariats - Association des biblioth\u00e8ques de recherche du Canada\" \/>\n<meta property=\"og:description\" content=\"L\u2019ABRC soutient les initiatives r\u00e9gionales et nationales pertinentes \u00e0 sa mission et travaille en collaboration ou en partenariat officiel avec des organisations pertinentes au Canada et \u00e0 l\u2019\u00e9tranger. Actuellement, l\u2019ABRC [&hellip;]\" \/>\n<meta property=\"og:url\" content=\"https:\/\/www.carl-abrc.ca\/fr\/a-propos-de-labrc\/partenariats\/\" \/>\n<meta property=\"og:site_name\" content=\"Association des biblioth\u00e8ques de recherche du Canada\" \/>\n<meta property=\"article:modified_time\" content=\"2025-07-30T14:49:05+00:00\" \/>\n<meta name=\"twitter:label1\" content=\"Dur\u00e9e de lecture estim\u00e9e\" \/>\n\t<meta name=\"twitter:data1\" content=\"3 minutes\" \/>\n<script type=\"application\/ld+json\" class=\"yoast-schema-graph\">{\"@context\":\"https:\\\/\\\/schema.org\",\"@graph\":[{\"@type\":\"WebPage\",\"@id\":\"https:\\\/\\\/www.carl-abrc.ca\\\/fr\\\/a-propos-de-labrc\\\/partenariats\\\/\",\"url\":\"https:\\\/\\\/www.carl-abrc.ca\\\/fr\\\/a-propos-de-labrc\\\/partenariats\\\/\",\"name\":\"Partenariats - Association des biblioth\u00e8ques de recherche du Canada\",\"isPartOf\":{\"@id\":\"https:\\\/\\\/www.carl-abrc.ca\\\/fr\\\/#website\"},\"datePublished\":\"2016-03-17T16:14:22+00:00\",\"dateModified\":\"2025-07-30T14:49:05+00:00\",\"breadcrumb\":{\"@id\":\"https:\\\/\\\/www.carl-abrc.ca\\\/fr\\\/a-propos-de-labrc\\\/partenariats\\\/#breadcrumb\"},\"inLanguage\":\"fr-FR\",\"potentialAction\":[{\"@type\":\"ReadAction\",\"target\":[\"https:\\\/\\\/www.carl-abrc.ca\\\/fr\\\/a-propos-de-labrc\\\/partenariats\\\/\"]}]},{\"@type\":\"BreadcrumbList\",\"@id\":\"https:\\\/\\\/www.carl-abrc.ca\\\/fr\\\/a-propos-de-labrc\\\/partenariats\\\/#breadcrumb\",\"itemListElement\":[{\"@type\":\"ListItem\",\"position\":1,\"name\":\"Accueil\",\"item\":\"https:\\\/\\\/www.carl-abrc.ca\\\/fr\\\/home-3\\\/\"},{\"@type\":\"ListItem\",\"position\":2,\"name\":\"\u00c0 propos de l\u2019ABRC\",\"item\":\"https:\\\/\\\/www.carl-abrc.ca\\\/fr\\\/a-propos-de-labrc\\\/\"},{\"@type\":\"ListItem\",\"position\":3,\"name\":\"Partenariats\"}]},{\"@type\":\"WebSite\",\"@id\":\"https:\\\/\\\/www.carl-abrc.ca\\\/fr\\\/#website\",\"url\":\"https:\\\/\\\/www.carl-abrc.ca\\\/fr\\\/\",\"name\":\"Association des biblioth\u00e8ques de recherche du Canada\",\"description\":\"ABRC\",\"publisher\":{\"@id\":\"https:\\\/\\\/www.carl-abrc.ca\\\/fr\\\/#organization\"},\"potentialAction\":[{\"@type\":\"SearchAction\",\"target\":{\"@type\":\"EntryPoint\",\"urlTemplate\":\"https:\\\/\\\/www.carl-abrc.ca\\\/fr\\\/?s={search_term_string}\"},\"query-input\":{\"@type\":\"PropertyValueSpecification\",\"valueRequired\":true,\"valueName\":\"search_term_string\"}}],\"inLanguage\":\"fr-FR\"},{\"@type\":\"Organization\",\"@id\":\"https:\\\/\\\/www.carl-abrc.ca\\\/fr\\\/#organization\",\"name\":\"Association des biblioth\u00e8ques de recherche du Canada\",\"url\":\"https:\\\/\\\/www.carl-abrc.ca\\\/fr\\\/\",\"logo\":{\"@type\":\"ImageObject\",\"inLanguage\":\"fr-FR\",\"@id\":\"https:\\\/\\\/www.carl-abrc.ca\\\/fr\\\/#\\\/schema\\\/logo\\\/image\\\/\",\"url\":\"https:\\\/\\\/www.carl-abrc.ca\\\/wp-content\\\/uploads\\\/2024\\\/07\\\/cropped-Stacked_Colour_L.png\",\"contentUrl\":\"https:\\\/\\\/www.carl-abrc.ca\\\/wp-content\\\/uploads\\\/2024\\\/07\\\/cropped-Stacked_Colour_L.png\",\"width\":641,\"height\":250,\"caption\":\"Association des biblioth\u00e8ques de recherche du Canada\"},\"image\":{\"@id\":\"https:\\\/\\\/www.carl-abrc.ca\\\/fr\\\/#\\\/schema\\\/logo\\\/image\\\/\"},\"sameAs\":[\"https:\\\/\\\/x.com\\\/carlabrc\"]}]}<\/script>\n<!-- \/ Yoast SEO plugin. -->","yoast_head_json":{"title":"Partenariats - Association des biblioth\u00e8ques de recherche du Canada","robots":{"index":"index","follow":"follow","max-snippet":"max-snippet:-1","max-image-preview":"max-image-preview:large","max-video-preview":"max-video-preview:-1"},"canonical":"https:\/\/www.carl-abrc.ca\/fr\/a-propos-de-labrc\/partenariats\/","og_locale":"fr_FR","og_type":"article","og_title":"Partenariats - Association des biblioth\u00e8ques de recherche du Canada","og_description":"L\u2019ABRC soutient les initiatives r\u00e9gionales et nationales pertinentes \u00e0 sa mission et travaille en collaboration ou en partenariat officiel avec des organisations pertinentes au Canada et \u00e0 l\u2019\u00e9tranger. Actuellement, l\u2019ABRC [&hellip;]","og_url":"https:\/\/www.carl-abrc.ca\/fr\/a-propos-de-labrc\/partenariats\/","og_site_name":"Association des biblioth\u00e8ques de recherche du Canada","article_modified_time":"2025-07-30T14:49:05+00:00","twitter_misc":{"Dur\u00e9e de lecture estim\u00e9e":"3 minutes"},"schema":{"@context":"https:\/\/schema.org","@graph":[{"@type":"WebPage","@id":"https:\/\/www.carl-abrc.ca\/fr\/a-propos-de-labrc\/partenariats\/","url":"https:\/\/www.carl-abrc.ca\/fr\/a-propos-de-labrc\/partenariats\/","name":"Partenariats - Association des biblioth\u00e8ques de recherche du Canada","isPartOf":{"@id":"https:\/\/www.carl-abrc.ca\/fr\/#website"},"datePublished":"2016-03-17T16:14:22+00:00","dateModified":"2025-07-30T14:49:05+00:00","breadcrumb":{"@id":"https:\/\/www.carl-abrc.ca\/fr\/a-propos-de-labrc\/partenariats\/#breadcrumb"},"inLanguage":"fr-FR","potentialAction":[{"@type":"ReadAction","target":["https:\/\/www.carl-abrc.ca\/fr\/a-propos-de-labrc\/partenariats\/"]}]},{"@type":"BreadcrumbList","@id":"https:\/\/www.carl-abrc.ca\/fr\/a-propos-de-labrc\/partenariats\/#breadcrumb","itemListElement":[{"@type":"ListItem","position":1,"name":"Accueil","item":"https:\/\/www.carl-abrc.ca\/fr\/home-3\/"},{"@type":"ListItem","position":2,"name":"\u00c0 propos de l\u2019ABRC","item":"https:\/\/www.carl-abrc.ca\/fr\/a-propos-de-labrc\/"},{"@type":"ListItem","position":3,"name":"Partenariats"}]},{"@type":"WebSite","@id":"https:\/\/www.carl-abrc.ca\/fr\/#website","url":"https:\/\/www.carl-abrc.ca\/fr\/","name":"Association des biblioth\u00e8ques de recherche du Canada","description":"ABRC","publisher":{"@id":"https:\/\/www.carl-abrc.ca\/fr\/#organization"},"potentialAction":[{"@type":"SearchAction","target":{"@type":"EntryPoint","urlTemplate":"https:\/\/www.carl-abrc.ca\/fr\/?s={search_term_string}"},"query-input":{"@type":"PropertyValueSpecification","valueRequired":true,"valueName":"search_term_string"}}],"inLanguage":"fr-FR"},{"@type":"Organization","@id":"https:\/\/www.carl-abrc.ca\/fr\/#organization","name":"Association des biblioth\u00e8ques de recherche du Canada","url":"https:\/\/www.carl-abrc.ca\/fr\/","logo":{"@type":"ImageObject","inLanguage":"fr-FR","@id":"https:\/\/www.carl-abrc.ca\/fr\/#\/schema\/logo\/image\/","url":"https:\/\/www.carl-abrc.ca\/wp-content\/uploads\/2024\/07\/cropped-Stacked_Colour_L.png","contentUrl":"https:\/\/www.carl-abrc.ca\/wp-content\/uploads\/2024\/07\/cropped-Stacked_Colour_L.png","width":641,"height":250,"caption":"Association des biblioth\u00e8ques de recherche du Canada"},"image":{"@id":"https:\/\/www.carl-abrc.ca\/fr\/#\/schema\/logo\/image\/"},"sameAs":["https:\/\/x.com\/carlabrc"]}]}},"_links":{"self":[{"href":"https:\/\/www.carl-abrc.ca\/fr\/wp-json\/wp\/v2\/pages\/1606","targetHints":{"allow":["GET"]}}],"collection":[{"href":"https:\/\/www.carl-abrc.ca\/fr\/wp-json\/wp\/v2\/pages"}],"about":[{"href":"https:\/\/www.carl-abrc.ca\/fr\/wp-json\/wp\/v2\/types\/page"}],"author":[{"embeddable":true,"href":"https:\/\/www.carl-abrc.ca\/fr\/wp-json\/wp\/v2\/users\/11"}],"replies":[{"embeddable":true,"href":"https:\/\/www.carl-abrc.ca\/fr\/wp-json\/wp\/v2\/comments?post=1606"}],"version-history":[{"count":0,"href":"https:\/\/www.carl-abrc.ca\/fr\/wp-json\/wp\/v2\/pages\/1606\/revisions"}],"up":[{"embeddable":true,"href":"https:\/\/www.carl-abrc.ca\/fr\/wp-json\/wp\/v2\/pages\/118"}],"wp:attachment":[{"href":"https:\/\/www.carl-abrc.ca\/fr\/wp-json\/wp\/v2\/media?parent=1606"}],"curies":[{"name":"wp","href":"https:\/\/api.w.org\/{rel}","templated":true}]}}