{"id":2043,"date":"2016-03-30T22:25:44","date_gmt":"2016-03-31T02:25:44","guid":{"rendered":"http:\/\/www.carl-abrc.ca\/fr\/?page_id=2043"},"modified":"2025-11-05T08:19:25","modified_gmt":"2025-11-05T13:19:25","slug":"precisions-et-exceptions","status":"publish","type":"page","link":"https:\/\/www.carl-abrc.ca\/fr\/precisions-et-exceptions\/","title":{"rendered":"Pr\u00e9cisions et exceptions"},"content":{"rendered":"\t\t<div data-elementor-type=\"wp-page\" data-elementor-id=\"2043\" class=\"elementor elementor-2043 elementor-2041\">\n\t\t\t\t<div class=\"elementor-element elementor-element-25b9754b e-flex e-con-boxed e-con e-parent\" data-id=\"25b9754b\" data-element_type=\"container\" data-e-type=\"container\">\n\t\t\t\t\t<div class=\"e-con-inner\">\n\t\t\t\t<div class=\"elementor-element elementor-element-515e99f elementor-widget elementor-widget-text-editor\" data-id=\"515e99f\" data-element_type=\"widget\" data-e-type=\"widget\" data-widget_type=\"text-editor.default\">\n\t\t\t\t<div class=\"elementor-widget-container\">\n\t\t\t\t\t\t\t\t\t<p>\u00c0 l\u2019exception des exclusions \u00e9nonc\u00e9es ci-apr\u00e8s, et sauf indication contraire, le contenu de ce site web est accessible sous licence Creative Commons (CC BY-NC-SA 4.0).<\/p><h2><span style=\"line-height: 1.6471;\">Modalit\u00e9s<\/span><\/h2><p>Libre \u00e0 vous de partager et d\u2019adapter la documentation du site web de l\u2019Association des biblioth\u00e8ques de recherche du Canada (ABRC) tant que ce n\u2019est pas \u00e0 des fins commerciales. Vous devez mentionner la source appropri\u00e9e et fournir le lien vers la licence. Si vous remixez, transformez ou adaptez la documentation, vous devez distribuer vos contributions sous la m\u00eame licence que l\u2019original. Vous devez indiquer que des changements ont \u00e9t\u00e9 apport\u00e9s \u00e0 l\u2019original. Ces changements ne doivent en aucun cas laisser entendre que l\u2019ABRC vous appuie et qu\u2019elle soutient votre utilisation. Pour en savoir plus au sujet de cette\u00a0<a href=\"http:\/\/creativecommons.org\/licenses\/by-nc-sa\/4.0\/\" target=\"_blank\" rel=\"noopener\">licence\u00a0<\/a>\u00a0et sur Creative Commons, consultez le site Web de l\u2019organisme\u00a0(en anglais).<\/p><h2>Inclusions<\/h2><ul><li>Tout le texte du site Web (www.carl-abrc.ca) ayant \u00e9t\u00e9 r\u00e9dig\u00e9 par le personnel, les comit\u00e9s et les groupes de travail de l\u2019ABRC, ainsi que par toute personne mandat\u00e9e par l\u2019ABRC.<\/li><li>Presque toutes les photos du site (www.carl-abrc.ca) d\u00e9pos\u00e9es aupr\u00e8s de l\u2019ABRC par les biblioth\u00e8ques membres. Les exceptions sont indiqu\u00e9es.<\/li><\/ul><h2>Exclusions<\/h2><ul><li>Les photographies portant une licence diff\u00e9rente. Veuillez communiquer avec nous si vous d\u00e9sirez utiliser ces photos.<\/li><li>Les photographies de profil des membres du personnel.<\/li><li>Les diapositives, les images, les enregistrements sonores et d\u2019autres documents pr\u00e9sent\u00e9s lors d\u2019\u00e9v\u00e9nements organis\u00e9s par l\u2019ABRC (mais qui ne sont pas pr\u00e9sent\u00e9s par le personnel, par les comit\u00e9s ou par les groupes de travail de l\u2019ABRC).<\/li><li>Les rapports, les documents et toute autre documentation provenant de sites externes auxquels l\u2019ABRC fournit un hyperlien ou une copie.<\/li><\/ul><p>Si vous avez des interrogations au sujet de la licence des documents que vous souhaitez utiliser, veuillez communiquer avec nous par courriel au\u00a0<a class=\"mail-link\" data-enc-email=\"vasb[at]pney-noep.pn\" data-wpel-link=\"ignore\"><span id=\"eeb-990595-239358\">info@carl-abrc.ca<\/span><\/a>\u00a0ou veuillez obtenir la permission du titulaire des droits d\u2019auteur, si ce renseignement est accessible.<\/p>\t\t\t\t\t\t\t\t<\/div>\n\t\t\t\t<\/div>\n\t\t\t\t\t<\/div>\n\t\t\t\t<\/div>\n\t\t\t\t<\/div>\n\t\t","protected":false},"excerpt":{"rendered":"<p>\u00c0 l\u2019exception des exclusions \u00e9nonc\u00e9es ci-apr\u00e8s, et sauf indication contraire, le contenu de ce site web est accessible sous licence Creative Commons (CC BY-NC-SA 4.0). Modalit\u00e9s Libre \u00e0 vous de [&hellip;]<\/p>\n","protected":false},"author":11,"featured_media":0,"parent":0,"menu_order":0,"comment_status":"closed","ping_status":"closed","template":"","meta":{"_acf_changed":false,"_EventAllDay":false,"_EventTimezone":"","_EventStartDate":"","_EventEndDate":"","_EventStartDateUTC":"","_EventEndDateUTC":"","_EventShowMap":false,"_EventShowMapLink":false,"_EventURL":"","_EventCost":"","_EventCostDescription":"","_EventCurrencySymbol":"","_EventCurrencyCode":"","_EventCurrencyPosition":"","_EventDateTimeSeparator":"","_EventTimeRangeSeparator":"","_EventOrganizerID":[],"_EventVenueID":[],"_OrganizerEmail":"","_OrganizerPhone":"","_OrganizerWebsite":"","_VenueAddress":"","_VenueCity":"","_VenueCountry":"","_VenueProvince":"","_VenueState":"","_VenueZip":"","_VenuePhone":"","_VenueURL":"","_VenueStateProvince":"","_VenueLat":"","_VenueLng":"","_VenueShowMap":false,"_VenueShowMapLink":false,"footnotes":""},"class_list":["post-2043","page","type-page","status-publish","hentry"],"acf":[],"yoast_head":"<!-- This site is optimized with the Yoast SEO plugin v27.5 - https:\/\/yoast.com\/product\/yoast-seo-wordpress\/ -->\n<title>Pr\u00e9cisions et exceptions - Association des biblioth\u00e8ques de recherche du Canada<\/title>\n<meta name=\"robots\" content=\"index, follow, max-snippet:-1, max-image-preview:large, max-video-preview:-1\" \/>\n<link rel=\"canonical\" href=\"https:\/\/www.carl-abrc.ca\/fr\/precisions-et-exceptions\/\" \/>\n<meta property=\"og:locale\" content=\"fr_FR\" \/>\n<meta property=\"og:type\" content=\"article\" \/>\n<meta property=\"og:title\" content=\"Pr\u00e9cisions et exceptions - Association des biblioth\u00e8ques de recherche du Canada\" \/>\n<meta property=\"og:description\" content=\"\u00c0 l\u2019exception des exclusions \u00e9nonc\u00e9es ci-apr\u00e8s, et sauf indication contraire, le contenu de ce site web est accessible sous licence Creative Commons (CC BY-NC-SA 4.0). Modalit\u00e9s Libre \u00e0 vous de [&hellip;]\" \/>\n<meta property=\"og:url\" content=\"https:\/\/www.carl-abrc.ca\/fr\/precisions-et-exceptions\/\" \/>\n<meta property=\"og:site_name\" content=\"Association des biblioth\u00e8ques de recherche du Canada\" \/>\n<meta property=\"article:modified_time\" content=\"2025-11-05T13:19:25+00:00\" \/>\n<meta name=\"twitter:label1\" content=\"Dur\u00e9e de lecture estim\u00e9e\" \/>\n\t<meta name=\"twitter:data1\" content=\"2 minutes\" \/>\n<script type=\"application\/ld+json\" class=\"yoast-schema-graph\">{\"@context\":\"https:\\\/\\\/schema.org\",\"@graph\":[{\"@type\":\"WebPage\",\"@id\":\"https:\\\/\\\/www.carl-abrc.ca\\\/fr\\\/precisions-et-exceptions\\\/\",\"url\":\"https:\\\/\\\/www.carl-abrc.ca\\\/fr\\\/precisions-et-exceptions\\\/\",\"name\":\"Pr\u00e9cisions et exceptions - Association des biblioth\u00e8ques de recherche du Canada\",\"isPartOf\":{\"@id\":\"https:\\\/\\\/www.carl-abrc.ca\\\/fr\\\/#website\"},\"datePublished\":\"2016-03-31T02:25:44+00:00\",\"dateModified\":\"2025-11-05T13:19:25+00:00\",\"breadcrumb\":{\"@id\":\"https:\\\/\\\/www.carl-abrc.ca\\\/fr\\\/precisions-et-exceptions\\\/#breadcrumb\"},\"inLanguage\":\"fr-FR\",\"potentialAction\":[{\"@type\":\"ReadAction\",\"target\":[\"https:\\\/\\\/www.carl-abrc.ca\\\/fr\\\/precisions-et-exceptions\\\/\"]}]},{\"@type\":\"BreadcrumbList\",\"@id\":\"https:\\\/\\\/www.carl-abrc.ca\\\/fr\\\/precisions-et-exceptions\\\/#breadcrumb\",\"itemListElement\":[{\"@type\":\"ListItem\",\"position\":1,\"name\":\"Accueil\",\"item\":\"https:\\\/\\\/www.carl-abrc.ca\\\/fr\\\/home-3\\\/\"},{\"@type\":\"ListItem\",\"position\":2,\"name\":\"Pr\u00e9cisions et exceptions\"}]},{\"@type\":\"WebSite\",\"@id\":\"https:\\\/\\\/www.carl-abrc.ca\\\/fr\\\/#website\",\"url\":\"https:\\\/\\\/www.carl-abrc.ca\\\/fr\\\/\",\"name\":\"Association des biblioth\u00e8ques de recherche du Canada\",\"description\":\"ABRC\",\"publisher\":{\"@id\":\"https:\\\/\\\/www.carl-abrc.ca\\\/fr\\\/#organization\"},\"potentialAction\":[{\"@type\":\"SearchAction\",\"target\":{\"@type\":\"EntryPoint\",\"urlTemplate\":\"https:\\\/\\\/www.carl-abrc.ca\\\/fr\\\/?s={search_term_string}\"},\"query-input\":{\"@type\":\"PropertyValueSpecification\",\"valueRequired\":true,\"valueName\":\"search_term_string\"}}],\"inLanguage\":\"fr-FR\"},{\"@type\":\"Organization\",\"@id\":\"https:\\\/\\\/www.carl-abrc.ca\\\/fr\\\/#organization\",\"name\":\"Association des biblioth\u00e8ques de recherche du Canada\",\"url\":\"https:\\\/\\\/www.carl-abrc.ca\\\/fr\\\/\",\"logo\":{\"@type\":\"ImageObject\",\"inLanguage\":\"fr-FR\",\"@id\":\"https:\\\/\\\/www.carl-abrc.ca\\\/fr\\\/#\\\/schema\\\/logo\\\/image\\\/\",\"url\":\"https:\\\/\\\/www.carl-abrc.ca\\\/wp-content\\\/uploads\\\/2024\\\/07\\\/cropped-Stacked_Colour_L.png\",\"contentUrl\":\"https:\\\/\\\/www.carl-abrc.ca\\\/wp-content\\\/uploads\\\/2024\\\/07\\\/cropped-Stacked_Colour_L.png\",\"width\":641,\"height\":250,\"caption\":\"Association des biblioth\u00e8ques de recherche du Canada\"},\"image\":{\"@id\":\"https:\\\/\\\/www.carl-abrc.ca\\\/fr\\\/#\\\/schema\\\/logo\\\/image\\\/\"},\"sameAs\":[\"https:\\\/\\\/x.com\\\/carlabrc\"]}]}<\/script>\n<!-- \/ Yoast SEO plugin. -->","yoast_head_json":{"title":"Pr\u00e9cisions et exceptions - Association des biblioth\u00e8ques de recherche du Canada","robots":{"index":"index","follow":"follow","max-snippet":"max-snippet:-1","max-image-preview":"max-image-preview:large","max-video-preview":"max-video-preview:-1"},"canonical":"https:\/\/www.carl-abrc.ca\/fr\/precisions-et-exceptions\/","og_locale":"fr_FR","og_type":"article","og_title":"Pr\u00e9cisions et exceptions - Association des biblioth\u00e8ques de recherche du Canada","og_description":"\u00c0 l\u2019exception des exclusions \u00e9nonc\u00e9es ci-apr\u00e8s, et sauf indication contraire, le contenu de ce site web est accessible sous licence Creative Commons (CC BY-NC-SA 4.0). Modalit\u00e9s Libre \u00e0 vous de [&hellip;]","og_url":"https:\/\/www.carl-abrc.ca\/fr\/precisions-et-exceptions\/","og_site_name":"Association des biblioth\u00e8ques de recherche du Canada","article_modified_time":"2025-11-05T13:19:25+00:00","twitter_misc":{"Dur\u00e9e de lecture estim\u00e9e":"2 minutes"},"schema":{"@context":"https:\/\/schema.org","@graph":[{"@type":"WebPage","@id":"https:\/\/www.carl-abrc.ca\/fr\/precisions-et-exceptions\/","url":"https:\/\/www.carl-abrc.ca\/fr\/precisions-et-exceptions\/","name":"Pr\u00e9cisions et exceptions - Association des biblioth\u00e8ques de recherche du Canada","isPartOf":{"@id":"https:\/\/www.carl-abrc.ca\/fr\/#website"},"datePublished":"2016-03-31T02:25:44+00:00","dateModified":"2025-11-05T13:19:25+00:00","breadcrumb":{"@id":"https:\/\/www.carl-abrc.ca\/fr\/precisions-et-exceptions\/#breadcrumb"},"inLanguage":"fr-FR","potentialAction":[{"@type":"ReadAction","target":["https:\/\/www.carl-abrc.ca\/fr\/precisions-et-exceptions\/"]}]},{"@type":"BreadcrumbList","@id":"https:\/\/www.carl-abrc.ca\/fr\/precisions-et-exceptions\/#breadcrumb","itemListElement":[{"@type":"ListItem","position":1,"name":"Accueil","item":"https:\/\/www.carl-abrc.ca\/fr\/home-3\/"},{"@type":"ListItem","position":2,"name":"Pr\u00e9cisions et exceptions"}]},{"@type":"WebSite","@id":"https:\/\/www.carl-abrc.ca\/fr\/#website","url":"https:\/\/www.carl-abrc.ca\/fr\/","name":"Association des biblioth\u00e8ques de recherche du Canada","description":"ABRC","publisher":{"@id":"https:\/\/www.carl-abrc.ca\/fr\/#organization"},"potentialAction":[{"@type":"SearchAction","target":{"@type":"EntryPoint","urlTemplate":"https:\/\/www.carl-abrc.ca\/fr\/?s={search_term_string}"},"query-input":{"@type":"PropertyValueSpecification","valueRequired":true,"valueName":"search_term_string"}}],"inLanguage":"fr-FR"},{"@type":"Organization","@id":"https:\/\/www.carl-abrc.ca\/fr\/#organization","name":"Association des biblioth\u00e8ques de recherche du Canada","url":"https:\/\/www.carl-abrc.ca\/fr\/","logo":{"@type":"ImageObject","inLanguage":"fr-FR","@id":"https:\/\/www.carl-abrc.ca\/fr\/#\/schema\/logo\/image\/","url":"https:\/\/www.carl-abrc.ca\/wp-content\/uploads\/2024\/07\/cropped-Stacked_Colour_L.png","contentUrl":"https:\/\/www.carl-abrc.ca\/wp-content\/uploads\/2024\/07\/cropped-Stacked_Colour_L.png","width":641,"height":250,"caption":"Association des biblioth\u00e8ques de recherche du Canada"},"image":{"@id":"https:\/\/www.carl-abrc.ca\/fr\/#\/schema\/logo\/image\/"},"sameAs":["https:\/\/x.com\/carlabrc"]}]}},"_links":{"self":[{"href":"https:\/\/www.carl-abrc.ca\/fr\/wp-json\/wp\/v2\/pages\/2043","targetHints":{"allow":["GET"]}}],"collection":[{"href":"https:\/\/www.carl-abrc.ca\/fr\/wp-json\/wp\/v2\/pages"}],"about":[{"href":"https:\/\/www.carl-abrc.ca\/fr\/wp-json\/wp\/v2\/types\/page"}],"author":[{"embeddable":true,"href":"https:\/\/www.carl-abrc.ca\/fr\/wp-json\/wp\/v2\/users\/11"}],"replies":[{"embeddable":true,"href":"https:\/\/www.carl-abrc.ca\/fr\/wp-json\/wp\/v2\/comments?post=2043"}],"version-history":[{"count":0,"href":"https:\/\/www.carl-abrc.ca\/fr\/wp-json\/wp\/v2\/pages\/2043\/revisions"}],"wp:attachment":[{"href":"https:\/\/www.carl-abrc.ca\/fr\/wp-json\/wp\/v2\/media?parent=2043"}],"curies":[{"name":"wp","href":"https:\/\/api.w.org\/{rel}","templated":true}]}}