{"id":28150,"date":"2021-06-22T15:08:48","date_gmt":"2021-06-22T19:08:48","guid":{"rendered":"https:\/\/www.carl-abrc.ca\/?page_id=28150"},"modified":"2025-11-07T12:10:37","modified_gmt":"2025-11-07T17:10:37","slug":"accessibilite","status":"publish","type":"page","link":"https:\/\/www.carl-abrc.ca\/fr\/influencer-les-politiques\/accessibilite\/","title":{"rendered":"Accessibilit\u00e9"},"content":{"rendered":"\t\t<div data-elementor-type=\"wp-page\" data-elementor-id=\"28150\" class=\"elementor elementor-28150 elementor-27635\">\n\t\t\t\t<div class=\"elementor-element elementor-element-b96d5aa e-flex e-con-boxed e-con e-parent\" data-id=\"b96d5aa\" data-element_type=\"container\" data-e-type=\"container\">\n\t\t\t\t\t<div class=\"e-con-inner\">\n\t\t\t\t<div class=\"elementor-element elementor-element-1381730 elementor-widget elementor-widget-text-editor\" data-id=\"1381730\" data-element_type=\"widget\" data-e-type=\"widget\" data-widget_type=\"text-editor.default\">\n\t\t\t\t<div class=\"elementor-widget-container\">\n\t\t\t\t\t\t\t\t\t<p>Fournir un acc\u00e8s large et \u00e9quitable \u00e0 l\u2019information et aux connaissances scientifiques est la mission principale des biblioth\u00e8ques. Les personnes incapables de lire les imprim\u00e9s doivent toutefois surmonter une myriade d\u2019obstacles pour acc\u00e9der \u00e0 l\u2019information savante. L\u2019ABRC est engag\u00e9e dans des travaux visant \u00e0 d\u00e9velopper un acc\u00e8s plus large et plus \u00e9quitable pour ces personnes et \u00e0 contribuer \u00e0 l\u2019engagement du Canada \u00e0 l\u2019\u00e9gard des Objectifs de d\u00e9veloppement durable 2030.<\/p>\t\t\t\t\t\t\t\t<\/div>\n\t\t\t\t<\/div>\n\t\t\t\t<div class=\"elementor-element elementor-element-f596976 elementor-widget elementor-widget-heading\" data-id=\"f596976\" data-element_type=\"widget\" data-e-type=\"widget\" data-widget_type=\"heading.default\">\n\t\t\t\t<div class=\"elementor-widget-container\">\n\t\t\t\t\t<h2 class=\"elementor-heading-title elementor-size-default\">Le trait\u00e9 de Marrakesh<\/h2>\t\t\t\t<\/div>\n\t\t\t\t<\/div>\n\t\t\t\t<div class=\"elementor-element elementor-element-d3bddf5 elementor-widget elementor-widget-text-editor\" data-id=\"d3bddf5\" data-element_type=\"widget\" data-e-type=\"widget\" data-widget_type=\"text-editor.default\">\n\t\t\t\t<div class=\"elementor-widget-container\">\n\t\t\t\t\t\t\t\t\t<p>De 2021 \u00e0 2024, l\u2019ABRC a particip\u00e9 \u00e0 un projet conjoint avec l\u2019Association of Research Libraries (ARL) sur la mise en \u0153uvre du <strong><a href=\"https:\/\/www.wipo.int\/treaties\/fr\/ip\/marrakesh\/index.html\" target=\"_blank\" rel=\"noopener\">Trait\u00e9 de Marrakech visant \u00e0 faciliter l&rsquo;acc\u00e8s des aveugles, des d\u00e9ficients visuels et des personnes ayant d&rsquo;autres difficult\u00e9s de lecture des textes imprim\u00e9s aux \u0153uvres publi\u00e9es<\/a><\/strong> dans les biblioth\u00e8ques au Canada et aux \u00c9tats-Unis. Le projet a \u00e9t\u00e9 vis\u00e9 \u00e0 guider la communaut\u00e9 des biblioth\u00e8ques universitaires et de recherche vers un acc\u00e8s universel aux 760 millions de livres que d\u00e9tiennent collectivement les biblioth\u00e8ques membres aux \u00c9tats-Unis et au Canada.<\/p><p>Le travail a \u00e9t\u00e9 effectu\u00e9 sous la direction du <a href=\"https:\/\/www.carl-abrc.ca\/wp-content\/uploads\/2020\/06\/Marrakech-GT-Mandat.pdf\">Groupe de travail de l\u2019ARL et l\u2019ABRC sur la mise en \u0153uvre du Trait\u00e9 de Marrakesh<\/a> (PDF) et a men\u00e9 ses travaux par l\u2019interm\u00e9diaire de quatre groupes de travail charg\u00e9s d\u2019\u00e9tudier les besoins des b\u00e9n\u00e9ficiaires, les exigences et les normes en mati\u00e8re de m\u00e9tadonn\u00e9es, la mise en \u0153uvre des syst\u00e8mes et la strat\u00e9gie globale du projet.<\/p>\t\t\t\t\t\t\t\t<\/div>\n\t\t\t\t<\/div>\n\t\t\t\t<div class=\"elementor-element elementor-element-3bc1ee8 elementor-widget elementor-widget-button\" data-id=\"3bc1ee8\" data-element_type=\"widget\" data-e-type=\"widget\" data-widget_type=\"button.default\">\n\t\t\t\t<div class=\"elementor-widget-container\">\n\t\t\t\t\t\t\t\t\t<div class=\"elementor-button-wrapper\">\n\t\t\t\t\t<a class=\"elementor-button elementor-button-link elementor-size-sm\" href=\"https:\/\/www.carl-abrc.ca\/wp-content\/uploads\/2020\/06\/Guide_demarrage_trait%C3%A9_Marrakech_personnes_ayant_difficult%C3%A9s_lecture_imprim%C3%A9s_guide_pratique_biblioth%C3%A9caires_Canada_2019-1.pdf\">\n\t\t\t\t\t\t<span class=\"elementor-button-content-wrapper\">\n\t\t\t\t\t\t<span class=\"elementor-button-icon\">\n\t\t\t\t<svg aria-hidden=\"true\" class=\"e-font-icon-svg e-fas-file-pdf\" viewBox=\"0 0 384 512\" xmlns=\"http:\/\/www.w3.org\/2000\/svg\"><path d=\"M181.9 256.1c-5-16-4.9-46.9-2-46.9 8.4 0 7.6 36.9 2 46.9zm-1.7 47.2c-7.7 20.2-17.3 43.3-28.4 62.7 18.3-7 39-17.2 62.9-21.9-12.7-9.6-24.9-23.4-34.5-40.8zM86.1 428.1c0 .8 13.2-5.4 34.9-40.2-6.7 6.3-29.1 24.5-34.9 40.2zM248 160h136v328c0 13.3-10.7 24-24 24H24c-13.3 0-24-10.7-24-24V24C0 10.7 10.7 0 24 0h200v136c0 13.2 10.8 24 24 24zm-8 171.8c-20-12.2-33.3-29-42.7-53.8 4.5-18.5 11.6-46.6 6.2-64.2-4.7-29.4-42.4-26.5-47.8-6.8-5 18.3-.4 44.1 8.1 77-11.6 27.6-28.7 64.6-40.8 85.8-.1 0-.1.1-.2.1-27.1 13.9-73.6 44.5-54.5 68 5.6 6.9 16 10 21.5 10 17.9 0 35.7-18 61.1-61.8 25.8-8.5 54.1-19.1 79-23.2 21.7 11.8 47.1 19.5 64 19.5 29.2 0 31.2-32 19.7-43.4-13.9-13.6-54.3-9.7-73.6-7.2zM377 105L279 7c-4.5-4.5-10.6-7-17-7h-6v128h128v-6.1c0-6.3-2.5-12.4-7-16.9zm-74.1 255.3c4.1-2.7-2.5-11.9-42.8-9 37.1 15.8 42.8 9 42.8 9z\"><\/path><\/svg>\t\t\t<\/span>\n\t\t\t\t\t\t\t\t\t<span class=\"elementor-button-text\">Guide de d\u00e9marrage : Mise en \u0153uvre du Trait\u00e9 de Marrakech pour les personnes ayant des difficult\u00e9s \u00e0 la lecture des caract\u00e8res imprim\u00e9s (2019) PDF<\/span>\n\t\t\t\t\t<\/span>\n\t\t\t\t\t<\/a>\n\t\t\t\t<\/div>\n\t\t\t\t\t\t\t\t<\/div>\n\t\t\t\t<\/div>\n\t\t\t\t<div class=\"elementor-element elementor-element-fd500aa elementor-align-left elementor-widget elementor-widget-button\" data-id=\"fd500aa\" data-element_type=\"widget\" data-e-type=\"widget\" data-widget_type=\"button.default\">\n\t\t\t\t<div class=\"elementor-widget-container\">\n\t\t\t\t\t\t\t\t\t<div class=\"elementor-button-wrapper\">\n\t\t\t\t\t<a class=\"elementor-button elementor-button-link elementor-size-sm\" href=\"https:\/\/www.carl-abrc.ca\/wp-content\/uploads\/2020\/06\/Guide_demarrage_trait%C3%A9_Marrakech_personnes_ayant_difficult%C3%A9s_lecture_imprim%C3%A9s_guide_pratique_biblioth%C3%A9caires_Canada_2019.docx\">\n\t\t\t\t\t\t<span class=\"elementor-button-content-wrapper\">\n\t\t\t\t\t\t<span class=\"elementor-button-icon\">\n\t\t\t\t<svg aria-hidden=\"true\" class=\"e-font-icon-svg e-fas-file-word\" viewBox=\"0 0 384 512\" xmlns=\"http:\/\/www.w3.org\/2000\/svg\"><path d=\"M224 136V0H24C10.7 0 0 10.7 0 24v464c0 13.3 10.7 24 24 24h336c13.3 0 24-10.7 24-24V160H248c-13.2 0-24-10.8-24-24zm57.1 120H305c7.7 0 13.4 7.1 11.7 14.7l-38 168c-1.2 5.5-6.1 9.3-11.7 9.3h-38c-5.5 0-10.3-3.8-11.6-9.1-25.8-103.5-20.8-81.2-25.6-110.5h-.5c-1.1 14.3-2.4 17.4-25.6 110.5-1.3 5.3-6.1 9.1-11.6 9.1H117c-5.6 0-10.5-3.9-11.7-9.4l-37.8-168c-1.7-7.5 4-14.6 11.7-14.6h24.5c5.7 0 10.7 4 11.8 9.7 15.6 78 20.1 109.5 21 122.2 1.6-10.2 7.3-32.7 29.4-122.7 1.3-5.4 6.1-9.1 11.7-9.1h29.1c5.6 0 10.4 3.8 11.7 9.2 24 100.4 28.8 124 29.6 129.4-.2-11.2-2.6-17.8 21.6-129.2 1-5.6 5.9-9.5 11.5-9.5zM384 121.9v6.1H256V0h6.1c6.4 0 12.5 2.5 17 7l97.9 98c4.5 4.5 7 10.6 7 16.9z\"><\/path><\/svg>\t\t\t<\/span>\n\t\t\t\t\t\t\t\t\t<span class=\"elementor-button-text\">Guide de d\u00e9marrage : Mise en \u0153uvre du Trait\u00e9 de Marrakech pour les personnes ayant des difficult\u00e9s \u00e0 la lecture des caract\u00e8res imprim\u00e9s (2019) WORD<\/span>\n\t\t\t\t\t<\/span>\n\t\t\t\t\t<\/a>\n\t\t\t\t<\/div>\n\t\t\t\t\t\t\t\t<\/div>\n\t\t\t\t<\/div>\n\t\t\t\t<div class=\"elementor-element elementor-element-45de042 elementor-widget elementor-widget-spacer\" data-id=\"45de042\" data-element_type=\"widget\" data-e-type=\"widget\" data-widget_type=\"spacer.default\">\n\t\t\t\t<div class=\"elementor-widget-container\">\n\t\t\t\t\t\t\t<div class=\"elementor-spacer\">\n\t\t\t<div class=\"elementor-spacer-inner\"><\/div>\n\t\t<\/div>\n\t\t\t\t\t\t<\/div>\n\t\t\t\t<\/div>\n\t\t\t\t<div class=\"elementor-element elementor-element-189727f elementor-widget elementor-widget-heading\" data-id=\"189727f\" data-element_type=\"widget\" data-e-type=\"widget\" data-widget_type=\"heading.default\">\n\t\t\t\t<div class=\"elementor-widget-container\">\n\t\t\t\t\t<h2 class=\"elementor-heading-title elementor-size-default\">Ressources et webinaires<\/h2>\t\t\t\t<\/div>\n\t\t\t\t<\/div>\n\t\t\t\t<div class=\"elementor-element elementor-element-586ea5d elementor-widget elementor-widget-text-editor\" data-id=\"586ea5d\" data-element_type=\"widget\" data-e-type=\"widget\" data-widget_type=\"text-editor.default\">\n\t\t\t\t<div class=\"elementor-widget-container\">\n\t\t\t\t\t\t\t\t\t<ul><li><a href=\"https:\/\/www.carl-abrc.ca\/wp-content\/uploads\/2025\/09\/ContenuAccessible_FR.pdf\">Contenu accessible : Un guide de la loi canadienne sur le droit d\u2019auteur concernant la recherche de formats accessibles et la production et la distribution de formats de substitution (PDF)<\/a> (2025)<\/li><li><a href=\"https:\/\/www.carl-abrc.ca\/wp-content\/uploads\/2025\/09\/ContenuAccessible_FR.epub\">Contenu accessible : Un guide de la loi canadienne sur le droit d\u2019auteur concernant la recherche de formats accessibles et la production et la distribution de formats de substitution (EPUB)<\/a> (2025)<\/li><li><a href=\"https:\/\/www.carl-abrc.ca\/wp-content\/uploads\/2025\/05\/Repository-table.pdf\">D\u00e9pots des ressources savantes accessibles<\/a>\u00a0(2025)<\/li><li><a href=\"https:\/\/www.carl-abrc.ca\/wp-content\/uploads\/2025\/03\/Rowan_Meredith-CARL_presentation-Fair_Dealing_Week_2025.pdf\">Beyond Marrakesh: Fair Dealing and Creating Accessible Copies of Works for Disabled Persons<\/a>\u00a0(2025)\u00a0<em>en anglais seulement<\/em><\/li><li>Les lettres de l\u2019ABRC sur trait\u00e9 de Marrakesh :\u00a0<a href=\"https:\/\/www.carl-abrc.ca\/doc\/CARL%20Comments%20on%20Marrakesh%20Treaty%20alignment%20with%20Copyright%20Act-Final.pdf\">Industrie Canada<\/a>\u00a0(2014),\u00a0<a href=\"https:\/\/www.carl-abrc.ca\/doc\/CARL%20Comments%20on%20MarrakeshTreaty%20alignment%20with%20Copyright%20Act.pdf\">Patrimoine canadien<\/a>\u00a0(2013)\u00a0<em>en anglais seulement<\/em><\/li><li><a href=\"https:\/\/www.carl-abrc.ca\/fr\/nouvelles\/labrc-rejouit-maintien-financement-caeb-rnseb\/\" rel=\"noopener\">L\u2019ABRC se r\u00e9jouit de l\u2019annonce du gouvernement f\u00e9d\u00e9ral concernant le maintien du financement du CA\u00c9B et du RNSEB<\/a>\u00a0(2021)<\/li><li><a href=\"https:\/\/laws-lois.justice.gc.ca\/fra\/const\/page-12.html\" target=\"_blank\" rel=\"external noopener\">Charte canadienne des droits et libert\u00e9s<\/a><\/li><li><a href=\"http:\/\/laws-lois.justice.gc.ca\/fra\/lois\/H-6\/index.html\" target=\"_blank\" rel=\"external noopener\">Loi canadienne sur les droits de la personne<\/a><\/li><li><a href=\"http:\/\/laws-lois.justice.gc.ca\/fra\/lois\/C-46\/\" target=\"_blank\" rel=\"external noopener\">Code criminel<\/a><\/li><\/ul>\t\t\t\t\t\t\t\t<\/div>\n\t\t\t\t<\/div>\n\t\t\t\t<div class=\"elementor-element elementor-element-f2d6f1d elementor-widget elementor-widget-heading\" data-id=\"f2d6f1d\" data-element_type=\"widget\" data-e-type=\"widget\" data-widget_type=\"heading.default\">\n\t\t\t\t<div class=\"elementor-widget-container\">\n\t\t\t\t\t<h2 class=\"elementor-heading-title elementor-size-default\">Activit\u00e9s du groupe de travail<\/h2>\t\t\t\t<\/div>\n\t\t\t\t<\/div>\n\t\t\t\t<div class=\"elementor-element elementor-element-7525c27 elementor-widget elementor-widget-text-editor\" data-id=\"7525c27\" data-element_type=\"widget\" data-e-type=\"widget\" data-widget_type=\"text-editor.default\">\n\t\t\t\t<div class=\"elementor-widget-container\">\n\t\t\t\t\t\t\t\t\t<ul><li><a href=\"https:\/\/doi.org\/10.29242\/report.marrakesh2023\" target=\"_blank\" rel=\"noopener\">Rapport final du Groupe de travail de l\u2019ARL-ABRC sur la mise en oeuvre du Trait\u00e9 de Marrakech<\/a>\u00a0(d\u00e9cembre 2023)<\/li><li><a href=\"https:\/\/www.youtube.com\/watch?v=I1izfxgtL4k&amp;list=PLjev6DgUn5W8WwA52nVMsvW6qMc0h-kKD&amp;index=18&amp;t=6s\" target=\"_blank\" rel=\"noopener\">Addressing the 7% Problem: The FRAME Project and the CARL-ARL Marrakesh Treaty Implementation Project<\/a><\/li><li>\u201c<a href=\"https:\/\/leddy.uwindsor.ca\/blog\/if-it%E2%80%99s-open-it-accessible\" target=\"_blank\" rel=\"noopener\">If It\u2019s Open, Is It Accessible?<\/a>,\u201d article de blog de Pascal Calarco<\/li><li><i>ARL Views<\/i>\u00a0<a href=\"https:\/\/www.arl.org\/blog\/podcast-victoria-owen-on-libraries-and-the-marrakesh-treaty\/\" target=\"_blank\" rel=\"noopener\">balado avec Victoria Owen sur le biblioth\u00e8ques et le Trait\u00e9 Marrakech<\/a>\u00a0(en anglais)<\/li><\/ul>\t\t\t\t\t\t\t\t<\/div>\n\t\t\t\t<\/div>\n\t\t\t\t\t<\/div>\n\t\t\t\t<\/div>\n\t\t\t\t<\/div>\n\t\t","protected":false},"excerpt":{"rendered":"<p>Fournir un acc\u00e8s large et \u00e9quitable \u00e0 l\u2019information et aux connaissances scientifiques est la mission principale des biblioth\u00e8ques. Les personnes incapables de lire les imprim\u00e9s doivent toutefois surmonter une myriade [&hellip;]<\/p>\n","protected":false},"author":5,"featured_media":0,"parent":88,"menu_order":0,"comment_status":"closed","ping_status":"closed","template":"","meta":{"_acf_changed":false,"_EventAllDay":false,"_EventTimezone":"","_EventStartDate":"","_EventEndDate":"","_EventStartDateUTC":"","_EventEndDateUTC":"","_EventShowMap":false,"_EventShowMapLink":false,"_EventURL":"","_EventCost":"","_EventCostDescription":"","_EventCurrencySymbol":"","_EventCurrencyCode":"","_EventCurrencyPosition":"","_EventDateTimeSeparator":"","_EventTimeRangeSeparator":"","_EventOrganizerID":[],"_EventVenueID":[],"_OrganizerEmail":"","_OrganizerPhone":"","_OrganizerWebsite":"","_VenueAddress":"","_VenueCity":"","_VenueCountry":"","_VenueProvince":"","_VenueState":"","_VenueZip":"","_VenuePhone":"","_VenueURL":"","_VenueStateProvince":"","_VenueLat":"","_VenueLng":"","_VenueShowMap":false,"_VenueShowMapLink":false,"footnotes":""},"class_list":["post-28150","page","type-page","status-publish","hentry"],"acf":[],"yoast_head":"<!-- This site is optimized with the Yoast SEO plugin v27.6 - https:\/\/yoast.com\/product\/yoast-seo-wordpress\/ -->\n<title>Accessibilit\u00e9 - Association des biblioth\u00e8ques de recherche du Canada<\/title>\n<meta name=\"robots\" content=\"index, follow, max-snippet:-1, max-image-preview:large, max-video-preview:-1\" \/>\n<link rel=\"canonical\" href=\"https:\/\/www.carl-abrc.ca\/fr\/influencer-les-politiques\/accessibilite\/\" \/>\n<meta property=\"og:locale\" content=\"fr_FR\" \/>\n<meta property=\"og:type\" content=\"article\" \/>\n<meta property=\"og:title\" content=\"Accessibilit\u00e9 - Association des biblioth\u00e8ques de recherche du Canada\" \/>\n<meta property=\"og:description\" content=\"Fournir un acc\u00e8s large et \u00e9quitable \u00e0 l\u2019information et aux connaissances scientifiques est la mission principale des biblioth\u00e8ques. Les personnes incapables de lire les imprim\u00e9s doivent toutefois surmonter une myriade [&hellip;]\" \/>\n<meta property=\"og:url\" content=\"https:\/\/www.carl-abrc.ca\/fr\/influencer-les-politiques\/accessibilite\/\" \/>\n<meta property=\"og:site_name\" content=\"Association des biblioth\u00e8ques de recherche du Canada\" \/>\n<meta property=\"article:modified_time\" content=\"2025-11-07T17:10:37+00:00\" \/>\n<meta name=\"twitter:label1\" content=\"Dur\u00e9e de lecture estim\u00e9e\" \/>\n\t<meta name=\"twitter:data1\" content=\"3 minutes\" \/>\n<script type=\"application\/ld+json\" class=\"yoast-schema-graph\">{\"@context\":\"https:\\\/\\\/schema.org\",\"@graph\":[{\"@type\":\"WebPage\",\"@id\":\"https:\\\/\\\/www.carl-abrc.ca\\\/fr\\\/influencer-les-politiques\\\/accessibilite\\\/\",\"url\":\"https:\\\/\\\/www.carl-abrc.ca\\\/fr\\\/influencer-les-politiques\\\/accessibilite\\\/\",\"name\":\"Accessibilit\u00e9 - Association des biblioth\u00e8ques de recherche du Canada\",\"isPartOf\":{\"@id\":\"https:\\\/\\\/www.carl-abrc.ca\\\/fr\\\/#website\"},\"datePublished\":\"2021-06-22T19:08:48+00:00\",\"dateModified\":\"2025-11-07T17:10:37+00:00\",\"breadcrumb\":{\"@id\":\"https:\\\/\\\/www.carl-abrc.ca\\\/fr\\\/influencer-les-politiques\\\/accessibilite\\\/#breadcrumb\"},\"inLanguage\":\"fr-FR\",\"potentialAction\":[{\"@type\":\"ReadAction\",\"target\":[\"https:\\\/\\\/www.carl-abrc.ca\\\/fr\\\/influencer-les-politiques\\\/accessibilite\\\/\"]}]},{\"@type\":\"BreadcrumbList\",\"@id\":\"https:\\\/\\\/www.carl-abrc.ca\\\/fr\\\/influencer-les-politiques\\\/accessibilite\\\/#breadcrumb\",\"itemListElement\":[{\"@type\":\"ListItem\",\"position\":1,\"name\":\"Accueil\",\"item\":\"https:\\\/\\\/www.carl-abrc.ca\\\/fr\\\/\"},{\"@type\":\"ListItem\",\"position\":2,\"name\":\"Influencer les politiques\",\"item\":\"https:\\\/\\\/www.carl-abrc.ca\\\/fr\\\/influencer-les-politiques\\\/\"},{\"@type\":\"ListItem\",\"position\":3,\"name\":\"Accessibilit\u00e9\"}]},{\"@type\":\"WebSite\",\"@id\":\"https:\\\/\\\/www.carl-abrc.ca\\\/fr\\\/#website\",\"url\":\"https:\\\/\\\/www.carl-abrc.ca\\\/fr\\\/\",\"name\":\"Association des biblioth\u00e8ques de recherche du Canada\",\"description\":\"ABRC\",\"publisher\":{\"@id\":\"https:\\\/\\\/www.carl-abrc.ca\\\/fr\\\/#organization\"},\"potentialAction\":[{\"@type\":\"SearchAction\",\"target\":{\"@type\":\"EntryPoint\",\"urlTemplate\":\"https:\\\/\\\/www.carl-abrc.ca\\\/fr\\\/?s={search_term_string}\"},\"query-input\":{\"@type\":\"PropertyValueSpecification\",\"valueRequired\":true,\"valueName\":\"search_term_string\"}}],\"inLanguage\":\"fr-FR\"},{\"@type\":\"Organization\",\"@id\":\"https:\\\/\\\/www.carl-abrc.ca\\\/fr\\\/#organization\",\"name\":\"Association des biblioth\u00e8ques de recherche du Canada\",\"url\":\"https:\\\/\\\/www.carl-abrc.ca\\\/fr\\\/\",\"logo\":{\"@type\":\"ImageObject\",\"inLanguage\":\"fr-FR\",\"@id\":\"https:\\\/\\\/www.carl-abrc.ca\\\/fr\\\/#\\\/schema\\\/logo\\\/image\\\/\",\"url\":\"https:\\\/\\\/www.carl-abrc.ca\\\/wp-content\\\/uploads\\\/2024\\\/07\\\/cropped-Stacked_Colour_L.png\",\"contentUrl\":\"https:\\\/\\\/www.carl-abrc.ca\\\/wp-content\\\/uploads\\\/2024\\\/07\\\/cropped-Stacked_Colour_L.png\",\"width\":641,\"height\":250,\"caption\":\"Association des biblioth\u00e8ques de recherche du Canada\"},\"image\":{\"@id\":\"https:\\\/\\\/www.carl-abrc.ca\\\/fr\\\/#\\\/schema\\\/logo\\\/image\\\/\"},\"sameAs\":[\"https:\\\/\\\/x.com\\\/carlabrc\"]}]}<\/script>\n<!-- \/ Yoast SEO plugin. -->","yoast_head_json":{"title":"Accessibilit\u00e9 - Association des biblioth\u00e8ques de recherche du Canada","robots":{"index":"index","follow":"follow","max-snippet":"max-snippet:-1","max-image-preview":"max-image-preview:large","max-video-preview":"max-video-preview:-1"},"canonical":"https:\/\/www.carl-abrc.ca\/fr\/influencer-les-politiques\/accessibilite\/","og_locale":"fr_FR","og_type":"article","og_title":"Accessibilit\u00e9 - Association des biblioth\u00e8ques de recherche du Canada","og_description":"Fournir un acc\u00e8s large et \u00e9quitable \u00e0 l\u2019information et aux connaissances scientifiques est la mission principale des biblioth\u00e8ques. Les personnes incapables de lire les imprim\u00e9s doivent toutefois surmonter une myriade [&hellip;]","og_url":"https:\/\/www.carl-abrc.ca\/fr\/influencer-les-politiques\/accessibilite\/","og_site_name":"Association des biblioth\u00e8ques de recherche du Canada","article_modified_time":"2025-11-07T17:10:37+00:00","twitter_misc":{"Dur\u00e9e de lecture estim\u00e9e":"3 minutes"},"schema":{"@context":"https:\/\/schema.org","@graph":[{"@type":"WebPage","@id":"https:\/\/www.carl-abrc.ca\/fr\/influencer-les-politiques\/accessibilite\/","url":"https:\/\/www.carl-abrc.ca\/fr\/influencer-les-politiques\/accessibilite\/","name":"Accessibilit\u00e9 - Association des biblioth\u00e8ques de recherche du Canada","isPartOf":{"@id":"https:\/\/www.carl-abrc.ca\/fr\/#website"},"datePublished":"2021-06-22T19:08:48+00:00","dateModified":"2025-11-07T17:10:37+00:00","breadcrumb":{"@id":"https:\/\/www.carl-abrc.ca\/fr\/influencer-les-politiques\/accessibilite\/#breadcrumb"},"inLanguage":"fr-FR","potentialAction":[{"@type":"ReadAction","target":["https:\/\/www.carl-abrc.ca\/fr\/influencer-les-politiques\/accessibilite\/"]}]},{"@type":"BreadcrumbList","@id":"https:\/\/www.carl-abrc.ca\/fr\/influencer-les-politiques\/accessibilite\/#breadcrumb","itemListElement":[{"@type":"ListItem","position":1,"name":"Accueil","item":"https:\/\/www.carl-abrc.ca\/fr\/"},{"@type":"ListItem","position":2,"name":"Influencer les politiques","item":"https:\/\/www.carl-abrc.ca\/fr\/influencer-les-politiques\/"},{"@type":"ListItem","position":3,"name":"Accessibilit\u00e9"}]},{"@type":"WebSite","@id":"https:\/\/www.carl-abrc.ca\/fr\/#website","url":"https:\/\/www.carl-abrc.ca\/fr\/","name":"Association des biblioth\u00e8ques de recherche du Canada","description":"ABRC","publisher":{"@id":"https:\/\/www.carl-abrc.ca\/fr\/#organization"},"potentialAction":[{"@type":"SearchAction","target":{"@type":"EntryPoint","urlTemplate":"https:\/\/www.carl-abrc.ca\/fr\/?s={search_term_string}"},"query-input":{"@type":"PropertyValueSpecification","valueRequired":true,"valueName":"search_term_string"}}],"inLanguage":"fr-FR"},{"@type":"Organization","@id":"https:\/\/www.carl-abrc.ca\/fr\/#organization","name":"Association des biblioth\u00e8ques de recherche du Canada","url":"https:\/\/www.carl-abrc.ca\/fr\/","logo":{"@type":"ImageObject","inLanguage":"fr-FR","@id":"https:\/\/www.carl-abrc.ca\/fr\/#\/schema\/logo\/image\/","url":"https:\/\/www.carl-abrc.ca\/wp-content\/uploads\/2024\/07\/cropped-Stacked_Colour_L.png","contentUrl":"https:\/\/www.carl-abrc.ca\/wp-content\/uploads\/2024\/07\/cropped-Stacked_Colour_L.png","width":641,"height":250,"caption":"Association des biblioth\u00e8ques de recherche du Canada"},"image":{"@id":"https:\/\/www.carl-abrc.ca\/fr\/#\/schema\/logo\/image\/"},"sameAs":["https:\/\/x.com\/carlabrc"]}]}},"_links":{"self":[{"href":"https:\/\/www.carl-abrc.ca\/fr\/wp-json\/wp\/v2\/pages\/28150","targetHints":{"allow":["GET"]}}],"collection":[{"href":"https:\/\/www.carl-abrc.ca\/fr\/wp-json\/wp\/v2\/pages"}],"about":[{"href":"https:\/\/www.carl-abrc.ca\/fr\/wp-json\/wp\/v2\/types\/page"}],"author":[{"embeddable":true,"href":"https:\/\/www.carl-abrc.ca\/fr\/wp-json\/wp\/v2\/users\/5"}],"replies":[{"embeddable":true,"href":"https:\/\/www.carl-abrc.ca\/fr\/wp-json\/wp\/v2\/comments?post=28150"}],"version-history":[{"count":0,"href":"https:\/\/www.carl-abrc.ca\/fr\/wp-json\/wp\/v2\/pages\/28150\/revisions"}],"up":[{"embeddable":true,"href":"https:\/\/www.carl-abrc.ca\/fr\/wp-json\/wp\/v2\/pages\/88"}],"wp:attachment":[{"href":"https:\/\/www.carl-abrc.ca\/fr\/wp-json\/wp\/v2\/media?parent=28150"}],"curies":[{"name":"wp","href":"https:\/\/api.w.org\/{rel}","templated":true}]}}