{"id":30456,"date":"2022-10-05T12:24:56","date_gmt":"2022-10-05T16:24:56","guid":{"rendered":"https:\/\/www.carl-abrc.ca\/?page_id=30456"},"modified":"2025-08-20T11:20:21","modified_gmt":"2025-08-20T15:20:21","slug":"banque-de-descriptions-de-poste-des-bibliotheques-de-recherche","status":"publish","type":"page","link":"https:\/\/www.carl-abrc.ca\/fr\/accroitre-la-capacite\/gestion-ressources-humaines\/banque-de-descriptions-de-poste-des-bibliotheques-de-recherche\/","title":{"rendered":"Banque de descriptions de poste des biblioth\u00e8ques de recherche"},"content":{"rendered":"\t\t<div data-elementor-type=\"wp-page\" data-elementor-id=\"30456\" class=\"elementor elementor-30456 elementor-30454\">\n\t\t\t\t<div class=\"elementor-element elementor-element-4f3de2e e-flex e-con-boxed e-con e-parent\" data-id=\"4f3de2e\" data-element_type=\"container\" data-e-type=\"container\">\n\t\t\t\t\t<div class=\"e-con-inner\">\n\t\t\t\t<div class=\"elementor-element elementor-element-20aa82f5 elementor-widget elementor-widget-text-editor\" data-id=\"20aa82f5\" data-element_type=\"widget\" data-e-type=\"widget\" data-widget_type=\"text-editor.default\">\n\t\t\t\t<div class=\"elementor-widget-container\">\n\t\t\t\t\t\t\t\t\t<p>La\u00a0<strong><a href=\"https:\/\/rlpdbank.domains.uflib.ufl.edu\/\" target=\"_blank\" rel=\"noopener\">Banque de descriptions de poste des biblioth\u00e8ques de recherche<\/a><\/strong> (RL PD Bank &#8211; en anglais seulement) est une collection de descriptions de poste (DP) des principales biblioth\u00e8ques universitaires et de recherche. La banque RL PD favorise le partage d\u2019informations par le biais d\u2019une base de donn\u00e9es navigable et interrogeable qui donne acc\u00e8s \u00e0 une collection nationale (ou banque) de DP. La RL PD Bank prend en charge la gestion des PD pour les institutions individuelles, en fournissant une m\u00e9thode et un syst\u00e8me organisationnels efficaces qui prennent en charge la trouvabilit\u00e9 ainsi que l\u2019archivage pour la pr\u00e9servation num\u00e9rique \u00e0 long terme.<\/p><p><strong>Historique<\/strong>\u00a0: En 2012, le conseil d\u2019administration de l\u2019ARL (Association des biblioth\u00e8ques de recherche) a autoris\u00e9 la cr\u00e9ation de la banque ARL PD (Position Description). Le syst\u00e8me a \u00e9t\u00e9 d\u00e9velopp\u00e9 par une \u00e9quipe des biblioth\u00e8ques Smathers de l\u2019Universit\u00e9 de Floride, avec une large contribution d\u2019autres institutions, dont plus de 20 institutions membres de l\u2019ARL, via des enqu\u00eates, des groupes de discussion et des tests b\u00eata. En 2013, l\u2019ARL PD Bank a \u00e9t\u00e9 officiellement lanc\u00e9e. Au d\u00e9part, la PD Bank n\u2019\u00e9tait accessible qu\u2019aux membres de l\u2019ARL. Afin de soutenir la communaut\u00e9, de maximiser l\u2019utilisation de la collection et de cr\u00e9er une collection encore plus compl\u00e8te, l\u2019acc\u00e8s a \u00e9t\u00e9 \u00e9largi. \u00c0 partir de 2014, les consortiums de biblioth\u00e8ques qui comprenaient au moins une institution membre de l\u2019ARL ont \u00e9t\u00e9 autoris\u00e9s \u00e0 rejoindre l\u2019ARL PD Bank en tant que groupe et, par cons\u00e9quent, \u00e0 \u00e9tendre l\u2019acc\u00e8s \u00e0 leurs non-membres de l\u2019ARL. Le premier consortium \u00e0 s\u2019y joindre a \u00e9t\u00e9 l\u2019Association of Southeastern Research Libraries (ASERL). L\u2019Association des biblioth\u00e8ques de recherche du Canada (ABRC) a embo\u00eet\u00e9 le pas en 2015. En 2021, les Research Libraries UK (RLUK) se sont \u00e9galement jointes en tant que consortium partenaire. En 2022, la direction de ces associations et les biblioth\u00e8ques Smathers ont cr\u00e9\u00e9 un protocole d\u2019accord de gouvernance, et le nom du syst\u00e8me a \u00e9t\u00e9 chang\u00e9 en RL (Research Libraries) PD Bank.<\/p><p><strong>Acc\u00e8s<\/strong>\u00a0: les directeurs et directrices de biblioth\u00e8ques de recherche ont \u00e9t\u00e9 contact\u00e9s et invit\u00e9s \u00e0 identifier un responsable de l\u2019orientation de leur institution vers la banque RL PD et un point de contact pour l\u2019\u00e9quipe du projet. Ces personnes aideront \u00e0 identifier ou peuvent servir d\u2019administrateur institutionnel pour la banque RL PD et ont la capacit\u00e9 d\u2019approuver d\u2019autres utilisateurs et d\u2019attribuer des droits \u00e0 des personnes de leur institution. L\u2019acc\u00e8s \u00e0 la banque RL PD est actuellement limit\u00e9 aux personnes identifi\u00e9es comme responsables de leur institution.<\/p><p>Pour plus d\u2019informations sur la banque RL PD et comment y acc\u00e9der, veuillez contacter la responsable du consortium de l\u2019ABRC, Julie Morin (<a class=\"mail-link\" data-enc-email=\"whyvr.zbeva[at]pney-noep.pn\" data-wpel-link=\"ignore\"><span id=\"eeb-8760-16219\">julie.morin@carl-abrc.ca<\/span><\/a>).<\/p>\t\t\t\t\t\t\t\t<\/div>\n\t\t\t\t<\/div>\n\t\t\t\t\t<\/div>\n\t\t\t\t<\/div>\n\t\t\t\t<\/div>\n\t\t","protected":false},"excerpt":{"rendered":"<p>La\u00a0Banque de descriptions de poste des biblioth\u00e8ques de recherche (RL PD Bank &#8211; en anglais seulement) est une collection de descriptions de poste (DP) des principales biblioth\u00e8ques universitaires et de [&hellip;]<\/p>\n","protected":false},"author":63,"featured_media":0,"parent":1195,"menu_order":0,"comment_status":"closed","ping_status":"closed","template":"","meta":{"_acf_changed":false,"_EventAllDay":false,"_EventTimezone":"","_EventStartDate":"","_EventEndDate":"","_EventStartDateUTC":"","_EventEndDateUTC":"","_EventShowMap":false,"_EventShowMapLink":false,"_EventURL":"","_EventCost":"","_EventCostDescription":"","_EventCurrencySymbol":"","_EventCurrencyCode":"","_EventCurrencyPosition":"","_EventDateTimeSeparator":"","_EventTimeRangeSeparator":"","_EventOrganizerID":[],"_EventVenueID":[],"_OrganizerEmail":"","_OrganizerPhone":"","_OrganizerWebsite":"","_VenueAddress":"","_VenueCity":"","_VenueCountry":"","_VenueProvince":"","_VenueState":"","_VenueZip":"","_VenuePhone":"","_VenueURL":"","_VenueStateProvince":"","_VenueLat":"","_VenueLng":"","_VenueShowMap":false,"_VenueShowMapLink":false,"footnotes":""},"class_list":["post-30456","page","type-page","status-publish","hentry"],"acf":[],"yoast_head":"<!-- This site is optimized with the Yoast SEO plugin v27.4 - https:\/\/yoast.com\/product\/yoast-seo-wordpress\/ -->\n<title>Banque de descriptions de poste des biblioth\u00e8ques de recherche - Association des biblioth\u00e8ques de recherche du Canada<\/title>\n<meta name=\"robots\" content=\"index, follow, max-snippet:-1, max-image-preview:large, max-video-preview:-1\" \/>\n<link rel=\"canonical\" href=\"https:\/\/www.carl-abrc.ca\/fr\/accroitre-la-capacite\/gestion-ressources-humaines\/banque-de-descriptions-de-poste-des-bibliotheques-de-recherche\/\" \/>\n<meta property=\"og:locale\" content=\"fr_FR\" \/>\n<meta property=\"og:type\" content=\"article\" \/>\n<meta property=\"og:title\" content=\"Banque de descriptions de poste des biblioth\u00e8ques de recherche - Association des biblioth\u00e8ques de recherche du Canada\" \/>\n<meta property=\"og:description\" content=\"La\u00a0Banque de descriptions de poste des biblioth\u00e8ques de recherche (RL PD Bank &#8211; en anglais seulement) est une collection de descriptions de poste (DP) des principales biblioth\u00e8ques universitaires et de [&hellip;]\" \/>\n<meta property=\"og:url\" content=\"https:\/\/www.carl-abrc.ca\/fr\/accroitre-la-capacite\/gestion-ressources-humaines\/banque-de-descriptions-de-poste-des-bibliotheques-de-recherche\/\" \/>\n<meta property=\"og:site_name\" content=\"Association des biblioth\u00e8ques de recherche du Canada\" \/>\n<meta property=\"article:modified_time\" content=\"2025-08-20T15:20:21+00:00\" \/>\n<meta name=\"twitter:label1\" content=\"Dur\u00e9e de lecture estim\u00e9e\" \/>\n\t<meta name=\"twitter:data1\" content=\"3 minutes\" \/>\n<script type=\"application\/ld+json\" class=\"yoast-schema-graph\">{\"@context\":\"https:\\\/\\\/schema.org\",\"@graph\":[{\"@type\":\"WebPage\",\"@id\":\"https:\\\/\\\/www.carl-abrc.ca\\\/fr\\\/accroitre-la-capacite\\\/gestion-ressources-humaines\\\/banque-de-descriptions-de-poste-des-bibliotheques-de-recherche\\\/\",\"url\":\"https:\\\/\\\/www.carl-abrc.ca\\\/fr\\\/accroitre-la-capacite\\\/gestion-ressources-humaines\\\/banque-de-descriptions-de-poste-des-bibliotheques-de-recherche\\\/\",\"name\":\"Banque de descriptions de poste des biblioth\u00e8ques de recherche - Association des biblioth\u00e8ques de recherche du Canada\",\"isPartOf\":{\"@id\":\"https:\\\/\\\/www.carl-abrc.ca\\\/fr\\\/#website\"},\"datePublished\":\"2022-10-05T16:24:56+00:00\",\"dateModified\":\"2025-08-20T15:20:21+00:00\",\"breadcrumb\":{\"@id\":\"https:\\\/\\\/www.carl-abrc.ca\\\/fr\\\/accroitre-la-capacite\\\/gestion-ressources-humaines\\\/banque-de-descriptions-de-poste-des-bibliotheques-de-recherche\\\/#breadcrumb\"},\"inLanguage\":\"fr-FR\",\"potentialAction\":[{\"@type\":\"ReadAction\",\"target\":[\"https:\\\/\\\/www.carl-abrc.ca\\\/fr\\\/accroitre-la-capacite\\\/gestion-ressources-humaines\\\/banque-de-descriptions-de-poste-des-bibliotheques-de-recherche\\\/\"]}]},{\"@type\":\"BreadcrumbList\",\"@id\":\"https:\\\/\\\/www.carl-abrc.ca\\\/fr\\\/accroitre-la-capacite\\\/gestion-ressources-humaines\\\/banque-de-descriptions-de-poste-des-bibliotheques-de-recherche\\\/#breadcrumb\",\"itemListElement\":[{\"@type\":\"ListItem\",\"position\":1,\"name\":\"Accueil\",\"item\":\"https:\\\/\\\/www.carl-abrc.ca\\\/fr\\\/home-3\\\/\"},{\"@type\":\"ListItem\",\"position\":2,\"name\":\"Accro\u00eetre la capacit\u00e9\",\"item\":\"https:\\\/\\\/www.carl-abrc.ca\\\/fr\\\/accroitre-la-capacite\\\/\"},{\"@type\":\"ListItem\",\"position\":3,\"name\":\"Gestion des ressources humaines\",\"item\":\"https:\\\/\\\/www.carl-abrc.ca\\\/fr\\\/accroitre-la-capacite\\\/gestion-ressources-humaines\\\/\"},{\"@type\":\"ListItem\",\"position\":4,\"name\":\"Banque de descriptions de poste des biblioth\u00e8ques de recherche\"}]},{\"@type\":\"WebSite\",\"@id\":\"https:\\\/\\\/www.carl-abrc.ca\\\/fr\\\/#website\",\"url\":\"https:\\\/\\\/www.carl-abrc.ca\\\/fr\\\/\",\"name\":\"Association des biblioth\u00e8ques de recherche du Canada\",\"description\":\"ABRC\",\"publisher\":{\"@id\":\"https:\\\/\\\/www.carl-abrc.ca\\\/fr\\\/#organization\"},\"potentialAction\":[{\"@type\":\"SearchAction\",\"target\":{\"@type\":\"EntryPoint\",\"urlTemplate\":\"https:\\\/\\\/www.carl-abrc.ca\\\/fr\\\/?s={search_term_string}\"},\"query-input\":{\"@type\":\"PropertyValueSpecification\",\"valueRequired\":true,\"valueName\":\"search_term_string\"}}],\"inLanguage\":\"fr-FR\"},{\"@type\":\"Organization\",\"@id\":\"https:\\\/\\\/www.carl-abrc.ca\\\/fr\\\/#organization\",\"name\":\"Association des biblioth\u00e8ques de recherche du Canada\",\"url\":\"https:\\\/\\\/www.carl-abrc.ca\\\/fr\\\/\",\"logo\":{\"@type\":\"ImageObject\",\"inLanguage\":\"fr-FR\",\"@id\":\"https:\\\/\\\/www.carl-abrc.ca\\\/fr\\\/#\\\/schema\\\/logo\\\/image\\\/\",\"url\":\"https:\\\/\\\/www.carl-abrc.ca\\\/wp-content\\\/uploads\\\/2024\\\/07\\\/cropped-Stacked_Colour_L.png\",\"contentUrl\":\"https:\\\/\\\/www.carl-abrc.ca\\\/wp-content\\\/uploads\\\/2024\\\/07\\\/cropped-Stacked_Colour_L.png\",\"width\":641,\"height\":250,\"caption\":\"Association des biblioth\u00e8ques de recherche du Canada\"},\"image\":{\"@id\":\"https:\\\/\\\/www.carl-abrc.ca\\\/fr\\\/#\\\/schema\\\/logo\\\/image\\\/\"},\"sameAs\":[\"https:\\\/\\\/x.com\\\/carlabrc\"]}]}<\/script>\n<!-- \/ Yoast SEO plugin. -->","yoast_head_json":{"title":"Banque de descriptions de poste des biblioth\u00e8ques de recherche - Association des biblioth\u00e8ques de recherche du Canada","robots":{"index":"index","follow":"follow","max-snippet":"max-snippet:-1","max-image-preview":"max-image-preview:large","max-video-preview":"max-video-preview:-1"},"canonical":"https:\/\/www.carl-abrc.ca\/fr\/accroitre-la-capacite\/gestion-ressources-humaines\/banque-de-descriptions-de-poste-des-bibliotheques-de-recherche\/","og_locale":"fr_FR","og_type":"article","og_title":"Banque de descriptions de poste des biblioth\u00e8ques de recherche - Association des biblioth\u00e8ques de recherche du Canada","og_description":"La\u00a0Banque de descriptions de poste des biblioth\u00e8ques de recherche (RL PD Bank &#8211; en anglais seulement) est une collection de descriptions de poste (DP) des principales biblioth\u00e8ques universitaires et de [&hellip;]","og_url":"https:\/\/www.carl-abrc.ca\/fr\/accroitre-la-capacite\/gestion-ressources-humaines\/banque-de-descriptions-de-poste-des-bibliotheques-de-recherche\/","og_site_name":"Association des biblioth\u00e8ques de recherche du Canada","article_modified_time":"2025-08-20T15:20:21+00:00","twitter_misc":{"Dur\u00e9e de lecture estim\u00e9e":"3 minutes"},"schema":{"@context":"https:\/\/schema.org","@graph":[{"@type":"WebPage","@id":"https:\/\/www.carl-abrc.ca\/fr\/accroitre-la-capacite\/gestion-ressources-humaines\/banque-de-descriptions-de-poste-des-bibliotheques-de-recherche\/","url":"https:\/\/www.carl-abrc.ca\/fr\/accroitre-la-capacite\/gestion-ressources-humaines\/banque-de-descriptions-de-poste-des-bibliotheques-de-recherche\/","name":"Banque de descriptions de poste des biblioth\u00e8ques de recherche - Association des biblioth\u00e8ques de recherche du Canada","isPartOf":{"@id":"https:\/\/www.carl-abrc.ca\/fr\/#website"},"datePublished":"2022-10-05T16:24:56+00:00","dateModified":"2025-08-20T15:20:21+00:00","breadcrumb":{"@id":"https:\/\/www.carl-abrc.ca\/fr\/accroitre-la-capacite\/gestion-ressources-humaines\/banque-de-descriptions-de-poste-des-bibliotheques-de-recherche\/#breadcrumb"},"inLanguage":"fr-FR","potentialAction":[{"@type":"ReadAction","target":["https:\/\/www.carl-abrc.ca\/fr\/accroitre-la-capacite\/gestion-ressources-humaines\/banque-de-descriptions-de-poste-des-bibliotheques-de-recherche\/"]}]},{"@type":"BreadcrumbList","@id":"https:\/\/www.carl-abrc.ca\/fr\/accroitre-la-capacite\/gestion-ressources-humaines\/banque-de-descriptions-de-poste-des-bibliotheques-de-recherche\/#breadcrumb","itemListElement":[{"@type":"ListItem","position":1,"name":"Accueil","item":"https:\/\/www.carl-abrc.ca\/fr\/home-3\/"},{"@type":"ListItem","position":2,"name":"Accro\u00eetre la capacit\u00e9","item":"https:\/\/www.carl-abrc.ca\/fr\/accroitre-la-capacite\/"},{"@type":"ListItem","position":3,"name":"Gestion des ressources humaines","item":"https:\/\/www.carl-abrc.ca\/fr\/accroitre-la-capacite\/gestion-ressources-humaines\/"},{"@type":"ListItem","position":4,"name":"Banque de descriptions de poste des biblioth\u00e8ques de recherche"}]},{"@type":"WebSite","@id":"https:\/\/www.carl-abrc.ca\/fr\/#website","url":"https:\/\/www.carl-abrc.ca\/fr\/","name":"Association des biblioth\u00e8ques de recherche du Canada","description":"ABRC","publisher":{"@id":"https:\/\/www.carl-abrc.ca\/fr\/#organization"},"potentialAction":[{"@type":"SearchAction","target":{"@type":"EntryPoint","urlTemplate":"https:\/\/www.carl-abrc.ca\/fr\/?s={search_term_string}"},"query-input":{"@type":"PropertyValueSpecification","valueRequired":true,"valueName":"search_term_string"}}],"inLanguage":"fr-FR"},{"@type":"Organization","@id":"https:\/\/www.carl-abrc.ca\/fr\/#organization","name":"Association des biblioth\u00e8ques de recherche du Canada","url":"https:\/\/www.carl-abrc.ca\/fr\/","logo":{"@type":"ImageObject","inLanguage":"fr-FR","@id":"https:\/\/www.carl-abrc.ca\/fr\/#\/schema\/logo\/image\/","url":"https:\/\/www.carl-abrc.ca\/wp-content\/uploads\/2024\/07\/cropped-Stacked_Colour_L.png","contentUrl":"https:\/\/www.carl-abrc.ca\/wp-content\/uploads\/2024\/07\/cropped-Stacked_Colour_L.png","width":641,"height":250,"caption":"Association des biblioth\u00e8ques de recherche du Canada"},"image":{"@id":"https:\/\/www.carl-abrc.ca\/fr\/#\/schema\/logo\/image\/"},"sameAs":["https:\/\/x.com\/carlabrc"]}]}},"_links":{"self":[{"href":"https:\/\/www.carl-abrc.ca\/fr\/wp-json\/wp\/v2\/pages\/30456","targetHints":{"allow":["GET"]}}],"collection":[{"href":"https:\/\/www.carl-abrc.ca\/fr\/wp-json\/wp\/v2\/pages"}],"about":[{"href":"https:\/\/www.carl-abrc.ca\/fr\/wp-json\/wp\/v2\/types\/page"}],"author":[{"embeddable":true,"href":"https:\/\/www.carl-abrc.ca\/fr\/wp-json\/wp\/v2\/users\/63"}],"replies":[{"embeddable":true,"href":"https:\/\/www.carl-abrc.ca\/fr\/wp-json\/wp\/v2\/comments?post=30456"}],"version-history":[{"count":0,"href":"https:\/\/www.carl-abrc.ca\/fr\/wp-json\/wp\/v2\/pages\/30456\/revisions"}],"up":[{"embeddable":true,"href":"https:\/\/www.carl-abrc.ca\/fr\/wp-json\/wp\/v2\/pages\/1195"}],"wp:attachment":[{"href":"https:\/\/www.carl-abrc.ca\/fr\/wp-json\/wp\/v2\/media?parent=30456"}],"curies":[{"name":"wp","href":"https:\/\/api.w.org\/{rel}","templated":true}]}}