{"id":31018,"date":"2023-02-22T11:29:56","date_gmt":"2023-02-22T16:29:56","guid":{"rendered":"https:\/\/www.carl-abrc.ca\/?page_id=31018"},"modified":"2025-09-15T12:10:23","modified_gmt":"2025-09-15T16:10:23","slug":"strategie-nationale-en-matiere-de-ressources-educatives-libres-rel","status":"publish","type":"page","link":"https:\/\/www.carl-abrc.ca\/fr\/faire-avancer-lenseignement-et-lapprentissage\/education-ouverte\/strategie-nationale-en-matiere-de-ressources-educatives-libres-rel\/","title":{"rendered":"Strat\u00e9gie nationale en mati\u00e8re de ressources \u00e9ducatives libres (REL)"},"content":{"rendered":"\t\t<div data-elementor-type=\"wp-page\" data-elementor-id=\"31018\" class=\"elementor elementor-31018 elementor-31008\">\n\t\t\t\t<div class=\"elementor-element elementor-element-4f10029c e-flex e-con-boxed e-con e-parent\" data-id=\"4f10029c\" data-element_type=\"container\" data-e-type=\"container\">\n\t\t\t\t\t<div class=\"e-con-inner\">\n\t\t\t\t<div class=\"elementor-element elementor-element-79f3b317 elementor-widget elementor-widget-text-editor\" data-id=\"79f3b317\" data-element_type=\"widget\" data-e-type=\"widget\" data-widget_type=\"text-editor.default\">\n\t\t\t\t<div class=\"elementor-widget-container\">\n\t\t\t\t\t\t\t\t\t<p>Le groupe de travail sur la strat\u00e9gie nationale en mati\u00e8re de ressources \u00e9ducatives libres (REL) a \u00e9t\u00e9 cr\u00e9\u00e9 en juin 2021 et est facilit\u00e9 par l&rsquo;Association des biblioth\u00e8ques de recherche du Canada (ABRC), qui a mobilis\u00e9 divers intervenants, y compris des groupes d\u2019\u00e9tudiants nationaux, des repr\u00e9sentants d\u2019organismes provinciaux d\u2019\u00e9ducation ouverte, des universitaires et des d\u00e9fenseurs de l\u2019\u00e9ducation ouverte, ainsi que des personnes et des groupes repr\u00e9sentant des \u00e9tablissements d\u2019enseignement sup\u00e9rieur, afin d&rsquo;\u00e9laborer une strat\u00e9gie pour les ressources \u00e9ducatives libres au Canada.<\/p>\t\t\t\t\t\t\t\t<\/div>\n\t\t\t\t<\/div>\n\t\t\t\t<div class=\"elementor-element elementor-element-5d23deb elementor-widget elementor-widget-heading\" data-id=\"5d23deb\" data-element_type=\"widget\" data-e-type=\"widget\" data-widget_type=\"heading.default\">\n\t\t\t\t<div class=\"elementor-widget-container\">\n\t\t\t\t\t<h2 class=\"elementor-heading-title elementor-size-default\">Membres Institutionnels<\/h2>\t\t\t\t<\/div>\n\t\t\t\t<\/div>\n\t\t\t\t<div class=\"elementor-element elementor-element-6d05788 elementor-widget elementor-widget-text-editor\" data-id=\"6d05788\" data-element_type=\"widget\" data-e-type=\"widget\" data-widget_type=\"text-editor.default\">\n\t\t\t\t<div class=\"elementor-widget-container\">\n\t\t\t\t\t\t\t\t\t<ul><li aria-level=\"1\">BCcampus<\/li><li>Alliance canadienne des associations \u00e9tudiantes (ACAE)<\/li><li>Association des biblioth\u00e8ques de recherche du Canada (ABRC)<\/li><li>Association canadienne des professeures et professeurs universitaires (ACPPU)<\/li><li>Campus Manitoba<\/li><li>Campus Stores Canada<\/li><li>Coll\u00e8ges et Instituts Canada (CICan)<\/li><li>Consortium national en d\u00e9veloppement de ressources p\u00e9dagogiques en fran\u00e7ais au coll\u00e9gial<\/li><li>Conseil des biblioth\u00e8ques postsecondaires atlantiques (CBPA)<\/li><li>eCampusOntario<\/li><li>F\u00e9d\u00e9ration canadienne des \u00e9tudiantes et \u00e9tudiants (FCEE)<\/li><li class=\"fancy-heading tf_textc\"><span class=\"main-head tf_block\">Ouverture\/Technologies en \u00e9ducation, dans la soci\u00e9t\u00e9 et pour l\u2019avancement des savoirs (OTESSA)<br \/><\/span><\/li><li class=\"fancy-heading tf_textc\">SPARC<\/li><li>Student Union \u00c9tudiante<\/li><li>Universit\u00e9s Canada<\/li><li>Vice-Presidents Teaching &amp; Learning Table Canada (VPTL Canada)<\/li><\/ul>\t\t\t\t\t\t\t\t<\/div>\n\t\t\t\t<\/div>\n\t\t\t\t<div class=\"elementor-element elementor-element-12f6890 elementor-widget elementor-widget-heading\" data-id=\"12f6890\" data-element_type=\"widget\" data-e-type=\"widget\" data-widget_type=\"heading.default\">\n\t\t\t\t<div class=\"elementor-widget-container\">\n\t\t\t\t\t<h2 class=\"elementor-heading-title elementor-size-default\">Rapports et autres documents<\/h2>\t\t\t\t<\/div>\n\t\t\t\t<\/div>\n\t\t\t\t<div class=\"elementor-element elementor-element-4c40cbe elementor-widget elementor-widget-text-editor\" data-id=\"4c40cbe\" data-element_type=\"widget\" data-e-type=\"widget\" data-widget_type=\"text-editor.default\">\n\t\t\t\t<div class=\"elementor-widget-container\">\n\t\t\t\t\t\t\t\t\t<ul><li><a href=\"https:\/\/www.carl-abrc.ca\/wp-content\/uploads\/2024\/05\/OER_Summit_Report_2022_FR.pdf\">Rapport du Sommet sur les politiques et l\u2019infrastructure en mati\u00e8re de REL<\/a>\u00a0(2024)<\/li><li><a href=\"https:\/\/www.carl-abrc.ca\/wp-content\/uploads\/2023\/12\/Rapport-sommet-REL-francophone-FR.pdf\">Rapport sommet REL francophone<\/a>\u00a0(2023)<\/li><li><a href=\"https:\/\/www.carl-abrc.ca\/wp-content\/uploads\/2023\/06\/Cadre-national-de-revendication-pour-les-ressources-educatives-libres-au-Canada.pdf\">Cadre national de revendication pour les ressources \u00e9ducatives libres au Canada <\/a>(2023)<\/li><\/ul>\t\t\t\t\t\t\t\t<\/div>\n\t\t\t\t<\/div>\n\t\t\t\t<div class=\"elementor-element elementor-element-4f6529d elementor-widget elementor-widget-heading\" data-id=\"4f6529d\" data-element_type=\"widget\" data-e-type=\"widget\" data-widget_type=\"heading.default\">\n\t\t\t\t<div class=\"elementor-widget-container\">\n\t\t\t\t\t<h2 class=\"elementor-heading-title elementor-size-default\">Webinaires et \u00e9v\u00e9nements<\/h2>\t\t\t\t<\/div>\n\t\t\t\t<\/div>\n\t\t\t\t<div class=\"elementor-element elementor-element-6c806fe elementor-widget elementor-widget-text-editor\" data-id=\"6c806fe\" data-element_type=\"widget\" data-e-type=\"widget\" data-widget_type=\"text-editor.default\">\n\t\t\t\t<div class=\"elementor-widget-container\">\n\t\t\t\t\t\t\t\t\t<ul><li><strong>Sommet de l\u2019\u00e9ducation ouverte : Exploration des savoirs autochtones et de l\u2019\u00e9ducation ouverte\u00a0<\/strong>(University of British Columbia, 22 f\u00e9vrier, 2024) &gt; <a href=\"https:\/\/www.carl-abrc.ca\/fr\/nouvelles\/annonce-de-la-serie-de-webinaires-sur-les-savoirs-autochtones-et-leducation-ouverte\/\">Details<\/a><\/li><li><strong>La s\u00e9rie de webinaires sur les savoirs autochtones et l\u2019\u00e9ducation ouverte : Une question de valeurs : les perspectives de la communaut\u00e9 \u00e9tudiante autochtone sur l\u2019\u00e9ducation ouverte<\/strong>\u00a0(12 f\u00e9vrier 2024) &gt;\u00a0<a href=\"https:\/\/www.carl-abrc.ca\/fr\/event\/la-serie-de-webinaires-sur-les-savoirs-autochtones-et-leducation-ouverte-une-question-de-valeurs-les-perspectives-de-la-communaute-etudiante-autochtone-sur-leducation-ouverte\/\">description<\/a><\/li><li><strong>La s\u00e9rie de webinaires sur les savoirs autochtones et l\u2019\u00e9ducation ouverte : Les ressources \u00e9ducatives libres autochtones en pratique<\/strong>\u00a0(7 f\u00e9vrier, 2024) &gt;\u00a0<a href=\"https:\/\/www.carl-abrc.ca\/fr\/event\/la-serie-de-webinaires-sur-les-savoirs-autochtones-et-leducation-ouverte-les-ressources-educatives-libres-autochtones-en-pratique\/\">description<\/a>\u00a0&gt;\u00a0<a href=\"https:\/\/youtu.be\/R9GvpcxYtjQ\">enregistrement<\/a><\/li><li><strong>La s\u00e9rie de webinaires sur les savoirs autochtones et l\u2019\u00e9ducation ouverte : Les pratiques des savoirs autochtones dans les ressources \u00e9ducatives libres<\/strong>\u00a0(29 janvier, 2024) &gt;\u00a0<a href=\"https:\/\/www.carl-abrc.ca\/fr\/event\/la-serie-de-webinaires-sur-les-savoirs-autochtones-et-leducation-ouverte-les-pratiques-des-savoirs-autochtones-dans-les-ressources-educatives-libres\/\">description<\/a>\u00a0 &gt;\u00a0<a href=\"https:\/\/youtu.be\/vU_HAJJ2whk\">enregistrement<\/a>\u00a0 &gt;\u00a0<a href=\"https:\/\/www.carl-abrc.ca\/wp-content\/uploads\/2024\/02\/Jan-2924-UBCO-Practices-of-IK-in-OERs_.pdf\">diapositives<\/a>\u00a0(en anglais)<\/li><li><strong>Sommet sur la strat\u00e9gie nationale pour l\u2019\u00e9ducation ouverte<\/strong>\u00a0(York University, 9 et 10 novembre 2022) &gt;\u00a0<a href=\"https:\/\/docs.google.com\/document\/d\/1Qkhf9qbcLCgplTOGwcTx-73DJ8ieKDkM0-c4PPrNfus\/edit\">Ordre du jour (en anglais seulement)<\/a>\u00a0&gt;\u00a0<a href=\"https:\/\/youtu.be\/LJ5l6NAaGm8\">Pl\u00e9ni\u00e8re<\/a>\u00a0&gt;\u00a0<a href=\"https:\/\/www.youtube.com\/watch?v=r8Pe-grJj2A\">Panel<\/a><\/li><li><b>Sommet REL francophone<\/b>\u00a0(Universit\u00e9 d\u2019Ottawa, 27 avril 2023) &gt;\u00a0<a href=\"https:\/\/docs.google.com\/document\/d\/1eofP7XHwckE7A1J9swchNf7ZGE7vg-PGlT-ohc67Cxg\/edit\">Ordre du jour<\/a><\/li><li class=\"entry-title\"><strong>Appel \u00ab pause-caf\u00e9 \u00bb du mois de mars de la communaut\u00e9 des ressources \u00e9ducatives libres du Canada : Le cadre national pour la revendication en mati\u00e8re de REL<\/strong>\u00a0(23 mars 2023) &gt;\u00a0<a href=\"https:\/\/www.carl-abrc.ca\/fr\/event\/soyez-des-notres-pour-lappel-pause-cafe-du-mois-de-mars-de-la-communaute-des-ressources-educatives-libres-du-canada-open-education-cross-canada-coffee-chat-oecccc-2\/\">D\u00e9tails<\/a><\/li><li><strong>Webinaire: How Can We Successfully Collaborate to Advance National Capacity for OER in Canada?<\/strong>\u00a0(ABRC, 22 avril 2021) (en anglais) &gt;\u00a0<a href=\"https:\/\/www.carl-abrc.ca\/event\/webinar-how-can-we-successfully-collaborate-to-advance-national-capacity-for-oer-in-canada\/\">D\u00e9tails<\/a><\/li><li><strong>Toward a National Strategy for OER<\/strong>\u00a0(J. Kirchner and A. Ludbrook, OLA Super Conference 2022) &gt;\u00a0<a href=\"https:\/\/docs.google.com\/presentation\/d\/1ypdWTIYDsZfOTKAygmwc6UOdmNLhq7SP2K8Zef-pKXE\/edit?usp=sharing\">D\u00e9tails<\/a><\/li><\/ul>\t\t\t\t\t\t\t\t<\/div>\n\t\t\t\t<\/div>\n\t\t\t\t\t<\/div>\n\t\t\t\t<\/div>\n\t\t\t\t<\/div>\n\t\t","protected":false},"excerpt":{"rendered":"<p>Le groupe de travail sur la strat\u00e9gie nationale en mati\u00e8re de ressources \u00e9ducatives libres (REL) a \u00e9t\u00e9 cr\u00e9\u00e9 en juin 2021 et est facilit\u00e9 par l&rsquo;Association des biblioth\u00e8ques de recherche [&hellip;]<\/p>\n","protected":false},"author":11,"featured_media":0,"parent":31748,"menu_order":0,"comment_status":"closed","ping_status":"closed","template":"","meta":{"_acf_changed":false,"_EventAllDay":false,"_EventTimezone":"","_EventStartDate":"","_EventEndDate":"","_EventStartDateUTC":"","_EventEndDateUTC":"","_EventShowMap":false,"_EventShowMapLink":false,"_EventURL":"","_EventCost":"","_EventCostDescription":"","_EventCurrencySymbol":"","_EventCurrencyCode":"","_EventCurrencyPosition":"","_EventDateTimeSeparator":"","_EventTimeRangeSeparator":"","_EventOrganizerID":[],"_EventVenueID":[],"_OrganizerEmail":"","_OrganizerPhone":"","_OrganizerWebsite":"","_VenueAddress":"","_VenueCity":"","_VenueCountry":"","_VenueProvince":"","_VenueState":"","_VenueZip":"","_VenuePhone":"","_VenueURL":"","_VenueStateProvince":"","_VenueLat":"","_VenueLng":"","_VenueShowMap":false,"_VenueShowMapLink":false,"footnotes":""},"class_list":["post-31018","page","type-page","status-publish","hentry"],"acf":[],"yoast_head":"<!-- This site is optimized with the Yoast SEO plugin v27.4 - https:\/\/yoast.com\/product\/yoast-seo-wordpress\/ -->\n<title>Strat\u00e9gie nationale en mati\u00e8re de ressources \u00e9ducatives libres (REL) - Association des biblioth\u00e8ques de recherche du Canada<\/title>\n<meta name=\"robots\" content=\"index, follow, max-snippet:-1, max-image-preview:large, max-video-preview:-1\" \/>\n<link rel=\"canonical\" href=\"https:\/\/www.carl-abrc.ca\/fr\/faire-avancer-lenseignement-et-lapprentissage\/education-ouverte\/strategie-nationale-en-matiere-de-ressources-educatives-libres-rel\/\" \/>\n<meta property=\"og:locale\" content=\"fr_FR\" \/>\n<meta property=\"og:type\" content=\"article\" \/>\n<meta property=\"og:title\" content=\"Strat\u00e9gie nationale en mati\u00e8re de ressources \u00e9ducatives libres (REL) - Association des biblioth\u00e8ques de recherche du Canada\" \/>\n<meta property=\"og:description\" content=\"Le groupe de travail sur la strat\u00e9gie nationale en mati\u00e8re de ressources \u00e9ducatives libres (REL) a \u00e9t\u00e9 cr\u00e9\u00e9 en juin 2021 et est facilit\u00e9 par l&rsquo;Association des biblioth\u00e8ques de recherche [&hellip;]\" \/>\n<meta property=\"og:url\" content=\"https:\/\/www.carl-abrc.ca\/fr\/faire-avancer-lenseignement-et-lapprentissage\/education-ouverte\/strategie-nationale-en-matiere-de-ressources-educatives-libres-rel\/\" \/>\n<meta property=\"og:site_name\" content=\"Association des biblioth\u00e8ques de recherche du Canada\" \/>\n<meta property=\"article:modified_time\" content=\"2025-09-15T16:10:23+00:00\" \/>\n<meta name=\"twitter:label1\" content=\"Dur\u00e9e de lecture estim\u00e9e\" \/>\n\t<meta name=\"twitter:data1\" content=\"3 minutes\" \/>\n<script type=\"application\/ld+json\" class=\"yoast-schema-graph\">{\"@context\":\"https:\\\/\\\/schema.org\",\"@graph\":[{\"@type\":\"WebPage\",\"@id\":\"https:\\\/\\\/www.carl-abrc.ca\\\/fr\\\/faire-avancer-lenseignement-et-lapprentissage\\\/education-ouverte\\\/strategie-nationale-en-matiere-de-ressources-educatives-libres-rel\\\/\",\"url\":\"https:\\\/\\\/www.carl-abrc.ca\\\/fr\\\/faire-avancer-lenseignement-et-lapprentissage\\\/education-ouverte\\\/strategie-nationale-en-matiere-de-ressources-educatives-libres-rel\\\/\",\"name\":\"Strat\u00e9gie nationale en mati\u00e8re de ressources \u00e9ducatives libres (REL) - Association des biblioth\u00e8ques de recherche du Canada\",\"isPartOf\":{\"@id\":\"https:\\\/\\\/www.carl-abrc.ca\\\/fr\\\/#website\"},\"datePublished\":\"2023-02-22T16:29:56+00:00\",\"dateModified\":\"2025-09-15T16:10:23+00:00\",\"breadcrumb\":{\"@id\":\"https:\\\/\\\/www.carl-abrc.ca\\\/fr\\\/faire-avancer-lenseignement-et-lapprentissage\\\/education-ouverte\\\/strategie-nationale-en-matiere-de-ressources-educatives-libres-rel\\\/#breadcrumb\"},\"inLanguage\":\"fr-FR\",\"potentialAction\":[{\"@type\":\"ReadAction\",\"target\":[\"https:\\\/\\\/www.carl-abrc.ca\\\/fr\\\/faire-avancer-lenseignement-et-lapprentissage\\\/education-ouverte\\\/strategie-nationale-en-matiere-de-ressources-educatives-libres-rel\\\/\"]}]},{\"@type\":\"BreadcrumbList\",\"@id\":\"https:\\\/\\\/www.carl-abrc.ca\\\/fr\\\/faire-avancer-lenseignement-et-lapprentissage\\\/education-ouverte\\\/strategie-nationale-en-matiere-de-ressources-educatives-libres-rel\\\/#breadcrumb\",\"itemListElement\":[{\"@type\":\"ListItem\",\"position\":1,\"name\":\"Accueil\",\"item\":\"https:\\\/\\\/www.carl-abrc.ca\\\/fr\\\/home-3\\\/\"},{\"@type\":\"ListItem\",\"position\":2,\"name\":\"Faire avancer l\u2019enseignement et l&#8217;apprentissage\",\"item\":\"https:\\\/\\\/www.carl-abrc.ca\\\/fr\\\/faire-avancer-lenseignement-et-lapprentissage\\\/\"},{\"@type\":\"ListItem\",\"position\":3,\"name\":\"\u00c9ducation ouverte\",\"item\":\"https:\\\/\\\/www.carl-abrc.ca\\\/fr\\\/faire-avancer-lenseignement-et-lapprentissage\\\/education-ouverte\\\/\"},{\"@type\":\"ListItem\",\"position\":4,\"name\":\"Strat\u00e9gie nationale en mati\u00e8re de ressources \u00e9ducatives libres (REL)\"}]},{\"@type\":\"WebSite\",\"@id\":\"https:\\\/\\\/www.carl-abrc.ca\\\/fr\\\/#website\",\"url\":\"https:\\\/\\\/www.carl-abrc.ca\\\/fr\\\/\",\"name\":\"Association des biblioth\u00e8ques de recherche du Canada\",\"description\":\"ABRC\",\"publisher\":{\"@id\":\"https:\\\/\\\/www.carl-abrc.ca\\\/fr\\\/#organization\"},\"potentialAction\":[{\"@type\":\"SearchAction\",\"target\":{\"@type\":\"EntryPoint\",\"urlTemplate\":\"https:\\\/\\\/www.carl-abrc.ca\\\/fr\\\/?s={search_term_string}\"},\"query-input\":{\"@type\":\"PropertyValueSpecification\",\"valueRequired\":true,\"valueName\":\"search_term_string\"}}],\"inLanguage\":\"fr-FR\"},{\"@type\":\"Organization\",\"@id\":\"https:\\\/\\\/www.carl-abrc.ca\\\/fr\\\/#organization\",\"name\":\"Association des biblioth\u00e8ques de recherche du Canada\",\"url\":\"https:\\\/\\\/www.carl-abrc.ca\\\/fr\\\/\",\"logo\":{\"@type\":\"ImageObject\",\"inLanguage\":\"fr-FR\",\"@id\":\"https:\\\/\\\/www.carl-abrc.ca\\\/fr\\\/#\\\/schema\\\/logo\\\/image\\\/\",\"url\":\"https:\\\/\\\/www.carl-abrc.ca\\\/wp-content\\\/uploads\\\/2024\\\/07\\\/cropped-Stacked_Colour_L.png\",\"contentUrl\":\"https:\\\/\\\/www.carl-abrc.ca\\\/wp-content\\\/uploads\\\/2024\\\/07\\\/cropped-Stacked_Colour_L.png\",\"width\":641,\"height\":250,\"caption\":\"Association des biblioth\u00e8ques de recherche du Canada\"},\"image\":{\"@id\":\"https:\\\/\\\/www.carl-abrc.ca\\\/fr\\\/#\\\/schema\\\/logo\\\/image\\\/\"},\"sameAs\":[\"https:\\\/\\\/x.com\\\/carlabrc\"]}]}<\/script>\n<!-- \/ Yoast SEO plugin. -->","yoast_head_json":{"title":"Strat\u00e9gie nationale en mati\u00e8re de ressources \u00e9ducatives libres (REL) - Association des biblioth\u00e8ques de recherche du Canada","robots":{"index":"index","follow":"follow","max-snippet":"max-snippet:-1","max-image-preview":"max-image-preview:large","max-video-preview":"max-video-preview:-1"},"canonical":"https:\/\/www.carl-abrc.ca\/fr\/faire-avancer-lenseignement-et-lapprentissage\/education-ouverte\/strategie-nationale-en-matiere-de-ressources-educatives-libres-rel\/","og_locale":"fr_FR","og_type":"article","og_title":"Strat\u00e9gie nationale en mati\u00e8re de ressources \u00e9ducatives libres (REL) - Association des biblioth\u00e8ques de recherche du Canada","og_description":"Le groupe de travail sur la strat\u00e9gie nationale en mati\u00e8re de ressources \u00e9ducatives libres (REL) a \u00e9t\u00e9 cr\u00e9\u00e9 en juin 2021 et est facilit\u00e9 par l&rsquo;Association des biblioth\u00e8ques de recherche [&hellip;]","og_url":"https:\/\/www.carl-abrc.ca\/fr\/faire-avancer-lenseignement-et-lapprentissage\/education-ouverte\/strategie-nationale-en-matiere-de-ressources-educatives-libres-rel\/","og_site_name":"Association des biblioth\u00e8ques de recherche du Canada","article_modified_time":"2025-09-15T16:10:23+00:00","twitter_misc":{"Dur\u00e9e de lecture estim\u00e9e":"3 minutes"},"schema":{"@context":"https:\/\/schema.org","@graph":[{"@type":"WebPage","@id":"https:\/\/www.carl-abrc.ca\/fr\/faire-avancer-lenseignement-et-lapprentissage\/education-ouverte\/strategie-nationale-en-matiere-de-ressources-educatives-libres-rel\/","url":"https:\/\/www.carl-abrc.ca\/fr\/faire-avancer-lenseignement-et-lapprentissage\/education-ouverte\/strategie-nationale-en-matiere-de-ressources-educatives-libres-rel\/","name":"Strat\u00e9gie nationale en mati\u00e8re de ressources \u00e9ducatives libres (REL) - Association des biblioth\u00e8ques de recherche du Canada","isPartOf":{"@id":"https:\/\/www.carl-abrc.ca\/fr\/#website"},"datePublished":"2023-02-22T16:29:56+00:00","dateModified":"2025-09-15T16:10:23+00:00","breadcrumb":{"@id":"https:\/\/www.carl-abrc.ca\/fr\/faire-avancer-lenseignement-et-lapprentissage\/education-ouverte\/strategie-nationale-en-matiere-de-ressources-educatives-libres-rel\/#breadcrumb"},"inLanguage":"fr-FR","potentialAction":[{"@type":"ReadAction","target":["https:\/\/www.carl-abrc.ca\/fr\/faire-avancer-lenseignement-et-lapprentissage\/education-ouverte\/strategie-nationale-en-matiere-de-ressources-educatives-libres-rel\/"]}]},{"@type":"BreadcrumbList","@id":"https:\/\/www.carl-abrc.ca\/fr\/faire-avancer-lenseignement-et-lapprentissage\/education-ouverte\/strategie-nationale-en-matiere-de-ressources-educatives-libres-rel\/#breadcrumb","itemListElement":[{"@type":"ListItem","position":1,"name":"Accueil","item":"https:\/\/www.carl-abrc.ca\/fr\/home-3\/"},{"@type":"ListItem","position":2,"name":"Faire avancer l\u2019enseignement et l&#8217;apprentissage","item":"https:\/\/www.carl-abrc.ca\/fr\/faire-avancer-lenseignement-et-lapprentissage\/"},{"@type":"ListItem","position":3,"name":"\u00c9ducation ouverte","item":"https:\/\/www.carl-abrc.ca\/fr\/faire-avancer-lenseignement-et-lapprentissage\/education-ouverte\/"},{"@type":"ListItem","position":4,"name":"Strat\u00e9gie nationale en mati\u00e8re de ressources \u00e9ducatives libres (REL)"}]},{"@type":"WebSite","@id":"https:\/\/www.carl-abrc.ca\/fr\/#website","url":"https:\/\/www.carl-abrc.ca\/fr\/","name":"Association des biblioth\u00e8ques de recherche du Canada","description":"ABRC","publisher":{"@id":"https:\/\/www.carl-abrc.ca\/fr\/#organization"},"potentialAction":[{"@type":"SearchAction","target":{"@type":"EntryPoint","urlTemplate":"https:\/\/www.carl-abrc.ca\/fr\/?s={search_term_string}"},"query-input":{"@type":"PropertyValueSpecification","valueRequired":true,"valueName":"search_term_string"}}],"inLanguage":"fr-FR"},{"@type":"Organization","@id":"https:\/\/www.carl-abrc.ca\/fr\/#organization","name":"Association des biblioth\u00e8ques de recherche du Canada","url":"https:\/\/www.carl-abrc.ca\/fr\/","logo":{"@type":"ImageObject","inLanguage":"fr-FR","@id":"https:\/\/www.carl-abrc.ca\/fr\/#\/schema\/logo\/image\/","url":"https:\/\/www.carl-abrc.ca\/wp-content\/uploads\/2024\/07\/cropped-Stacked_Colour_L.png","contentUrl":"https:\/\/www.carl-abrc.ca\/wp-content\/uploads\/2024\/07\/cropped-Stacked_Colour_L.png","width":641,"height":250,"caption":"Association des biblioth\u00e8ques de recherche du Canada"},"image":{"@id":"https:\/\/www.carl-abrc.ca\/fr\/#\/schema\/logo\/image\/"},"sameAs":["https:\/\/x.com\/carlabrc"]}]}},"_links":{"self":[{"href":"https:\/\/www.carl-abrc.ca\/fr\/wp-json\/wp\/v2\/pages\/31018","targetHints":{"allow":["GET"]}}],"collection":[{"href":"https:\/\/www.carl-abrc.ca\/fr\/wp-json\/wp\/v2\/pages"}],"about":[{"href":"https:\/\/www.carl-abrc.ca\/fr\/wp-json\/wp\/v2\/types\/page"}],"author":[{"embeddable":true,"href":"https:\/\/www.carl-abrc.ca\/fr\/wp-json\/wp\/v2\/users\/11"}],"replies":[{"embeddable":true,"href":"https:\/\/www.carl-abrc.ca\/fr\/wp-json\/wp\/v2\/comments?post=31018"}],"version-history":[{"count":0,"href":"https:\/\/www.carl-abrc.ca\/fr\/wp-json\/wp\/v2\/pages\/31018\/revisions"}],"up":[{"embeddable":true,"href":"https:\/\/www.carl-abrc.ca\/fr\/wp-json\/wp\/v2\/pages\/31748"}],"wp:attachment":[{"href":"https:\/\/www.carl-abrc.ca\/fr\/wp-json\/wp\/v2\/media?parent=31018"}],"curies":[{"name":"wp","href":"https:\/\/api.w.org\/{rel}","templated":true}]}}