{"id":31412,"date":"2023-05-03T14:47:35","date_gmt":"2023-05-03T18:47:35","guid":{"rendered":"https:\/\/www.carl-abrc.ca\/?page_id=31412"},"modified":"2026-02-03T12:08:03","modified_gmt":"2026-02-03T17:08:03","slug":"groupe-de-lecture-sur-la-bibliometrie-et-limpact-de-la-recherche","status":"publish","type":"page","link":"https:\/\/www.carl-abrc.ca\/fr\/faire-avancer-la-recherche\/communication-savante\/bibliometrie-et-limpact-de-la-recherche\/groupe-de-lecture-sur-la-bibliometrie-et-limpact-de-la-recherche\/","title":{"rendered":"Groupe de lecture sur la bibliom\u00e9trie et l&rsquo;impact de la recherche"},"content":{"rendered":"\t\t<div data-elementor-type=\"wp-page\" data-elementor-id=\"31412\" class=\"elementor elementor-31412 elementor-31403\">\n\t\t\t\t<div class=\"elementor-element elementor-element-24d55760 e-flex e-con-boxed e-con e-parent\" data-id=\"24d55760\" data-element_type=\"container\" data-e-type=\"container\">\n\t\t\t\t\t<div class=\"e-con-inner\">\n\t\t\t\t<div class=\"elementor-element elementor-element-1569d603 elementor-widget elementor-widget-text-editor\" data-id=\"1569d603\" data-element_type=\"widget\" data-e-type=\"widget\" data-widget_type=\"text-editor.default\">\n\t\t\t\t<div class=\"elementor-widget-container\">\n\t\t\t\t\t\t\t\t\t<p>Le groupe de lecture de la Communaut\u00e9 de pratique sur la bibliom\u00e9trie et l&rsquo;impact de la recherche se consacre \u00e0 l&rsquo;exploration d&rsquo;ouvrages cl\u00e9s dans les domaines de la bibliom\u00e9trie, de la scientom\u00e9trie et de l&rsquo;impact de la recherche. \u00c0 chaque r\u00e9union, les participants se r\u00e9unissent pour une discussion informelle et coll\u00e9giale autour d&rsquo;un article ou d&rsquo;un document s\u00e9lectionn\u00e9 pour sa pertinence et son int\u00e9r\u00eat. Les participants sont encourag\u00e9s \u00e0 lire le texte \u00e0 l&rsquo;avance, ce qui permet un \u00e9change plus approfondi et un apprentissage commun sur des sujets souvent complexes. Pour recevoir les invitations aux prochaines r\u00e9unions du groupe de lecture et les communications connexes, veuillez contacter Philippe Boisvert \u00e0 <a href=\"mailto:philippe.boisvert@bibl.ulaval.ca\">philippe.boisvert@bibl.ulaval.ca<\/a>. Les articles pr\u00e9sent\u00e9s lors des r\u00e9unions pr\u00e9c\u00e9dentes sont disponibles dans la <a href=\"https:\/\/www.zotero.org\/groups\/6176968\/carl_bri_cop_reading_club\">biblioth\u00e8que Zotero partag\u00e9e<\/a> de la communaut\u00e9.<\/p>\t\t\t\t\t\t\t\t<\/div>\n\t\t\t\t<\/div>\n\t\t\t\t<div class=\"elementor-element elementor-element-ce7b28a elementor-widget elementor-widget-heading\" data-id=\"ce7b28a\" data-element_type=\"widget\" data-e-type=\"widget\" data-widget_type=\"heading.default\">\n\t\t\t\t<div class=\"elementor-widget-container\">\n\t\t\t\t\t<h2 class=\"elementor-heading-title elementor-size-default\">Prochaines rencontres<\/h2>\t\t\t\t<\/div>\n\t\t\t\t<\/div>\n\t\t\t\t<div class=\"elementor-element elementor-element-e6933d3 elementor-widget elementor-widget-tecs_widget\" data-id=\"e6933d3\" data-element_type=\"widget\" data-e-type=\"widget\" data-widget_type=\"tecs_widget.default\">\n\t\t\t\t<div class=\"elementor-widget-container\">\n\t\t\t\t\t<ul class=\"ecs-event-list\"><li class=\"ecs-event bibliometrie_ecs_category groupe-lecture_ecs_category\"><h4 class=\"entry-title summary\"><a href=\"https:\/\/www.carl-abrc.ca\/fr\/evenement\/groupe-de-lecture-communaute-de-pratique-sur-la-bibliometrie-et-limpact-de-la-recherche-mai2026\/\" rel=\"bookmark\">Groupe de lecture &#8211; Communaut\u00e9 de pratique sur la bibliom\u00e9trie et l&rsquo;impact de la recherche<\/a><\/h4><p class=\"ecs-excerpt\">L&rsquo;article du mois : Nowakowska, M. (2025). A comprehensive approach to preprocessing data for bibliometric analysis.\u00a0Scientometrics,\u00a0130(9), 5191\u20135225.\u00a0https:\/\/doi.org\/10.1007\/s11192-025-05415-x Date: 5 m...<\/p><span class=\"duration time\"><span class=\"tribe-event-date-start\">5 mai \u2013  13:00<\/span><span class=\"tribe-event-time\"><\/span> <span class='timezone'> EDT <\/span><\/span><\/li><li class=\"ecs-event bibliometrie_ecs_category groupe-lecture_ecs_category\"><h4 class=\"entry-title summary\"><a href=\"https:\/\/www.carl-abrc.ca\/fr\/evenement\/groupe-de-lecture-communaute-de-pratique-sur-la-bibliometrie-et-limpact-de-la-recherche-juin2026\/\" rel=\"bookmark\">Groupe de lecture &#8211; Communaut\u00e9 de pratique sur la bibliom\u00e9trie et l&rsquo;impact de la recherche<\/a><\/h4><p class=\"ecs-excerpt\">L&rsquo;article du mois : Arabi, S., Ni, C., &amp; Hutchins, B. (2025).\u00a0Most researchers would receive more recognition if assessed by article-level metrics than by journal-level metrics.\u00a0Plos Biology,\u00a023(12), 18...<\/p><span class=\"duration time\"><span class=\"tribe-event-date-start\">16 juin \u2013  13:00<\/span><span class=\"tribe-event-time\"><\/span> <span class='timezone'> EDT <\/span><\/span><\/li><li class=\"ecs-event bibliometrie_ecs_category groupe-lecture_ecs_category\"><h4 class=\"entry-title summary\"><a href=\"https:\/\/www.carl-abrc.ca\/fr\/evenement\/groupe-de-lecture-communaute-de-pratique-sur-la-bibliometrie-et-limpact-de-la-recherche-aout2026\/\" rel=\"bookmark\">Groupe de lecture &#8211; Communaut\u00e9 de pratique sur la bibliom\u00e9trie et l&rsquo;impact de la recherche<\/a><\/h4><p class=\"ecs-excerpt\">L&rsquo;article du mois : Conix, S., Vignero, L., Lemeire, O., Chi, P., &amp; Lin, L. (2025).\u00a0Using peer review to evaluate the societal relevance of humanities research.\u00a0Quantitative Science Studies,\u00a06, 1107\u20131...<\/p><span class=\"duration time\"><span class=\"tribe-event-date-start\">26 ao\u00fbt \u2013  13:00<\/span><span class=\"tribe-event-time\"><\/span> <span class='timezone'> EDT <\/span><\/span><\/li><\/ul><script type=\"application\/ld+json\">\r\n[{\"@context\":\"http:\/\/schema.org\",\"@type\":\"Event\",\"name\":\"Groupe de lecture &#8211; Communaut\\u00e9 de pratique sur la bibliom\\u00e9trie et l&rsquo;impact de la recherche\",\"description\":\"&lt;p&gt;L\\\\'article du mois : Nowakowska, M. (2025). A comprehensive approach to preprocessing data for bibliometric analysis.\\u00a0Scientometrics,\\u00a0130(9), 5191\\u20135225.\\u00a0https:\/\/doi.org\/10.1007\/s11192-025-05415-x Date: 5 mai\\u00a02026 Heure: 13h00-14h00 HE Le groupe de lecture de la Communaut\\u00e9 [&hellip;]&lt;\/p&gt;\\\\n\",\"image\":\"https:\/\/www.carl-abrc.ca\/wp-content\/uploads\/2026\/01\/BRI-CoP-Article-Club.jpg\",\"url\":\"https:\/\/www.carl-abrc.ca\/fr\/evenement\/groupe-de-lecture-communaute-de-pratique-sur-la-bibliometrie-et-limpact-de-la-recherche-mai2026\/\",\"eventAttendanceMode\":\"https:\/\/schema.org\/OfflineEventAttendanceMode\",\"eventStatus\":\"https:\/\/schema.org\/EventScheduled\",\"startDate\":\"2026-05-05T13:00:00-04:00\",\"endDate\":\"2026-05-05T14:00:00-04:00\",\"location\":{\"@type\":\"Place\",\"name\":\"\\u00c9v\\u00e9nement virtuel\",\"description\":\"\",\"url\":\"\",\"address\":{\"@type\":\"PostalAddress\"},\"telephone\":\"\",\"sameAs\":\"\"},\"organizer\":{\"@type\":\"Person\",\"name\":\"Communaut\\u00e9 de pratique sur la bibliom\\u00e9trie et l&rsquo;impact de la recherche\",\"description\":\"\",\"url\":\"\",\"telephone\":\"\",\"email\":\"\",\"sameAs\":\"\"},\"performer\":\"Organization\"},{\"@context\":\"http:\/\/schema.org\",\"@type\":\"Event\",\"name\":\"Groupe de lecture &#8211; Communaut\\u00e9 de pratique sur la bibliom\\u00e9trie et l&rsquo;impact de la recherche\",\"description\":\"&lt;p&gt;L\\\\'article du mois : Arabi, S., Ni, C., &amp; Hutchins, B. (2025).\\u00a0Most researchers would receive more recognition if assessed by article-level metrics than by journal-level metrics.\\u00a0Plos Biology,\\u00a023(12), 18, Article e3003532.\\u00a0https:\/\/doi.org\/10.1371\/journal.pbio.3003532 [&hellip;]&lt;\/p&gt;\\\\n\",\"image\":\"https:\/\/www.carl-abrc.ca\/wp-content\/uploads\/2026\/01\/BRI-CoP-Article-Club.jpg\",\"url\":\"https:\/\/www.carl-abrc.ca\/fr\/evenement\/groupe-de-lecture-communaute-de-pratique-sur-la-bibliometrie-et-limpact-de-la-recherche-juin2026\/\",\"eventAttendanceMode\":\"https:\/\/schema.org\/OfflineEventAttendanceMode\",\"eventStatus\":\"https:\/\/schema.org\/EventScheduled\",\"startDate\":\"2026-06-16T13:00:00-04:00\",\"endDate\":\"2026-06-16T14:00:00-04:00\",\"location\":{\"@type\":\"Place\",\"name\":\"\\u00c9v\\u00e9nement virtuel\",\"description\":\"\",\"url\":\"\",\"address\":{\"@type\":\"PostalAddress\"},\"telephone\":\"\",\"sameAs\":\"\"},\"organizer\":{\"@type\":\"Person\",\"name\":\"Communaut\\u00e9 de pratique sur la bibliom\\u00e9trie et l&rsquo;impact de la recherche\",\"description\":\"\",\"url\":\"\",\"telephone\":\"\",\"email\":\"\",\"sameAs\":\"\"},\"performer\":\"Organization\"},{\"@context\":\"http:\/\/schema.org\",\"@type\":\"Event\",\"name\":\"Groupe de lecture &#8211; Communaut\\u00e9 de pratique sur la bibliom\\u00e9trie et l&rsquo;impact de la recherche\",\"description\":\"&lt;p&gt;L\\\\'article du mois : Conix, S., Vignero, L., Lemeire, O., Chi, P., &amp; Lin, L. (2025).\\u00a0Using peer review to evaluate the societal relevance of humanities research.\\u00a0Quantitative Science Studies,\\u00a06, 1107\\u20131128.\\u00a0https:\/\/doi.org\/10.1162\/QSS.a.19\\u00a0 Date: [&hellip;]&lt;\/p&gt;\\\\n\",\"image\":\"https:\/\/www.carl-abrc.ca\/wp-content\/uploads\/2026\/01\/BRI-CoP-Article-Club.jpg\",\"url\":\"https:\/\/www.carl-abrc.ca\/fr\/evenement\/groupe-de-lecture-communaute-de-pratique-sur-la-bibliometrie-et-limpact-de-la-recherche-aout2026\/\",\"eventAttendanceMode\":\"https:\/\/schema.org\/OfflineEventAttendanceMode\",\"eventStatus\":\"https:\/\/schema.org\/EventScheduled\",\"startDate\":\"2026-08-26T13:00:00-04:00\",\"endDate\":\"2026-08-26T14:00:00-04:00\",\"location\":{\"@type\":\"Place\",\"name\":\"\\u00c9v\\u00e9nement virtuel\",\"description\":\"\",\"url\":\"\",\"address\":{\"@type\":\"PostalAddress\"},\"telephone\":\"\",\"sameAs\":\"\"},\"organizer\":{\"@type\":\"Person\",\"name\":\"Communaut\\u00e9 de pratique sur la bibliom\\u00e9trie et l&rsquo;impact de la recherche\",\"description\":\"\",\"url\":\"\",\"telephone\":\"\",\"email\":\"\",\"sameAs\":\"\"},\"performer\":\"Organization\"}]\r\n<\/script><!--\n Event listing powered by The Events Calendar Shortcode\n https:\/\/eventcalendarnewsletter.com\/the-events-calendar-shortcode\/ \n-->\t\t\t\t<\/div>\n\t\t\t\t<\/div>\n\t\t\t\t\t<\/div>\n\t\t\t\t<\/div>\n\t\t\t\t<\/div>\n\t\t","protected":false},"excerpt":{"rendered":"<p>Le groupe de lecture de la Communaut\u00e9 de pratique sur la bibliom\u00e9trie et l&rsquo;impact de la recherche se consacre \u00e0 l&rsquo;exploration d&rsquo;ouvrages cl\u00e9s dans les domaines de la bibliom\u00e9trie, de [&hellip;]<\/p>\n","protected":false},"author":129,"featured_media":0,"parent":31135,"menu_order":0,"comment_status":"closed","ping_status":"closed","template":"","meta":{"_acf_changed":false,"_EventAllDay":false,"_EventTimezone":"","_EventStartDate":"","_EventEndDate":"","_EventStartDateUTC":"","_EventEndDateUTC":"","_EventShowMap":false,"_EventShowMapLink":false,"_EventURL":"","_EventCost":"","_EventCostDescription":"","_EventCurrencySymbol":"","_EventCurrencyCode":"","_EventCurrencyPosition":"","_EventDateTimeSeparator":"","_EventTimeRangeSeparator":"","_EventOrganizerID":[],"_EventVenueID":[],"_OrganizerEmail":"","_OrganizerPhone":"","_OrganizerWebsite":"","_VenueAddress":"","_VenueCity":"","_VenueCountry":"","_VenueProvince":"","_VenueState":"","_VenueZip":"","_VenuePhone":"","_VenueURL":"","_VenueStateProvince":"","_VenueLat":"","_VenueLng":"","_VenueShowMap":false,"_VenueShowMapLink":false,"footnotes":""},"class_list":["post-31412","page","type-page","status-publish","hentry","cat_bibliometrie","cat_groupe-lecture"],"acf":[],"yoast_head":"<!-- This site is optimized with the Yoast SEO plugin v27.4 - https:\/\/yoast.com\/product\/yoast-seo-wordpress\/ -->\n<title>Groupe de lecture sur la bibliom\u00e9trie et l&#039;impact de la recherche - Association des biblioth\u00e8ques de recherche du Canada<\/title>\n<meta name=\"robots\" content=\"index, follow, max-snippet:-1, max-image-preview:large, max-video-preview:-1\" \/>\n<link rel=\"canonical\" href=\"https:\/\/www.carl-abrc.ca\/fr\/faire-avancer-la-recherche\/communication-savante\/bibliometrie-et-limpact-de-la-recherche\/groupe-de-lecture-sur-la-bibliometrie-et-limpact-de-la-recherche\/\" \/>\n<meta property=\"og:locale\" content=\"fr_FR\" \/>\n<meta property=\"og:type\" content=\"article\" \/>\n<meta property=\"og:title\" content=\"Groupe de lecture sur la bibliom\u00e9trie et l&#039;impact de la recherche - Association des biblioth\u00e8ques de recherche du Canada\" \/>\n<meta property=\"og:description\" content=\"Le groupe de lecture de la Communaut\u00e9 de pratique sur la bibliom\u00e9trie et l&rsquo;impact de la recherche se consacre \u00e0 l&rsquo;exploration d&rsquo;ouvrages cl\u00e9s dans les domaines de la bibliom\u00e9trie, de [&hellip;]\" \/>\n<meta property=\"og:url\" content=\"https:\/\/www.carl-abrc.ca\/fr\/faire-avancer-la-recherche\/communication-savante\/bibliometrie-et-limpact-de-la-recherche\/groupe-de-lecture-sur-la-bibliometrie-et-limpact-de-la-recherche\/\" \/>\n<meta property=\"og:site_name\" content=\"Association des biblioth\u00e8ques de recherche du Canada\" \/>\n<meta property=\"article:modified_time\" content=\"2026-02-03T17:08:03+00:00\" \/>\n<meta name=\"twitter:label1\" content=\"Dur\u00e9e de lecture estim\u00e9e\" \/>\n\t<meta name=\"twitter:data1\" content=\"3 minutes\" \/>\n<script type=\"application\/ld+json\" class=\"yoast-schema-graph\">{\"@context\":\"https:\\\/\\\/schema.org\",\"@graph\":[{\"@type\":\"WebPage\",\"@id\":\"https:\\\/\\\/www.carl-abrc.ca\\\/fr\\\/faire-avancer-la-recherche\\\/communication-savante\\\/bibliometrie-et-limpact-de-la-recherche\\\/groupe-de-lecture-sur-la-bibliometrie-et-limpact-de-la-recherche\\\/\",\"url\":\"https:\\\/\\\/www.carl-abrc.ca\\\/fr\\\/faire-avancer-la-recherche\\\/communication-savante\\\/bibliometrie-et-limpact-de-la-recherche\\\/groupe-de-lecture-sur-la-bibliometrie-et-limpact-de-la-recherche\\\/\",\"name\":\"Groupe de lecture sur la bibliom\u00e9trie et l'impact de la recherche - Association des biblioth\u00e8ques de recherche du Canada\",\"isPartOf\":{\"@id\":\"https:\\\/\\\/www.carl-abrc.ca\\\/fr\\\/#website\"},\"datePublished\":\"2023-05-03T18:47:35+00:00\",\"dateModified\":\"2026-02-03T17:08:03+00:00\",\"breadcrumb\":{\"@id\":\"https:\\\/\\\/www.carl-abrc.ca\\\/fr\\\/faire-avancer-la-recherche\\\/communication-savante\\\/bibliometrie-et-limpact-de-la-recherche\\\/groupe-de-lecture-sur-la-bibliometrie-et-limpact-de-la-recherche\\\/#breadcrumb\"},\"inLanguage\":\"fr-FR\",\"potentialAction\":[{\"@type\":\"ReadAction\",\"target\":[\"https:\\\/\\\/www.carl-abrc.ca\\\/fr\\\/faire-avancer-la-recherche\\\/communication-savante\\\/bibliometrie-et-limpact-de-la-recherche\\\/groupe-de-lecture-sur-la-bibliometrie-et-limpact-de-la-recherche\\\/\"]}]},{\"@type\":\"BreadcrumbList\",\"@id\":\"https:\\\/\\\/www.carl-abrc.ca\\\/fr\\\/faire-avancer-la-recherche\\\/communication-savante\\\/bibliometrie-et-limpact-de-la-recherche\\\/groupe-de-lecture-sur-la-bibliometrie-et-limpact-de-la-recherche\\\/#breadcrumb\",\"itemListElement\":[{\"@type\":\"ListItem\",\"position\":1,\"name\":\"Accueil\",\"item\":\"https:\\\/\\\/www.carl-abrc.ca\\\/fr\\\/home-3\\\/\"},{\"@type\":\"ListItem\",\"position\":2,\"name\":\"Faire avancer la recherche\",\"item\":\"https:\\\/\\\/www.carl-abrc.ca\\\/fr\\\/faire-avancer-la-recherche\\\/\"},{\"@type\":\"ListItem\",\"position\":3,\"name\":\"Communication savante\",\"item\":\"https:\\\/\\\/www.carl-abrc.ca\\\/fr\\\/faire-avancer-la-recherche\\\/communication-savante\\\/\"},{\"@type\":\"ListItem\",\"position\":4,\"name\":\"Communaut\u00e9 de pratique pour la bibliom\u00e9trie et l&#8217;impact de la recherche\",\"item\":\"https:\\\/\\\/www.carl-abrc.ca\\\/fr\\\/faire-avancer-la-recherche\\\/communication-savante\\\/bibliometrie-et-limpact-de-la-recherche\\\/\"},{\"@type\":\"ListItem\",\"position\":5,\"name\":\"Groupe de lecture sur la bibliom\u00e9trie et l&#8217;impact de la recherche\"}]},{\"@type\":\"WebSite\",\"@id\":\"https:\\\/\\\/www.carl-abrc.ca\\\/fr\\\/#website\",\"url\":\"https:\\\/\\\/www.carl-abrc.ca\\\/fr\\\/\",\"name\":\"Association des biblioth\u00e8ques de recherche du Canada\",\"description\":\"ABRC\",\"publisher\":{\"@id\":\"https:\\\/\\\/www.carl-abrc.ca\\\/fr\\\/#organization\"},\"potentialAction\":[{\"@type\":\"SearchAction\",\"target\":{\"@type\":\"EntryPoint\",\"urlTemplate\":\"https:\\\/\\\/www.carl-abrc.ca\\\/fr\\\/?s={search_term_string}\"},\"query-input\":{\"@type\":\"PropertyValueSpecification\",\"valueRequired\":true,\"valueName\":\"search_term_string\"}}],\"inLanguage\":\"fr-FR\"},{\"@type\":\"Organization\",\"@id\":\"https:\\\/\\\/www.carl-abrc.ca\\\/fr\\\/#organization\",\"name\":\"Association des biblioth\u00e8ques de recherche du Canada\",\"url\":\"https:\\\/\\\/www.carl-abrc.ca\\\/fr\\\/\",\"logo\":{\"@type\":\"ImageObject\",\"inLanguage\":\"fr-FR\",\"@id\":\"https:\\\/\\\/www.carl-abrc.ca\\\/fr\\\/#\\\/schema\\\/logo\\\/image\\\/\",\"url\":\"https:\\\/\\\/www.carl-abrc.ca\\\/wp-content\\\/uploads\\\/2024\\\/07\\\/cropped-Stacked_Colour_L.png\",\"contentUrl\":\"https:\\\/\\\/www.carl-abrc.ca\\\/wp-content\\\/uploads\\\/2024\\\/07\\\/cropped-Stacked_Colour_L.png\",\"width\":641,\"height\":250,\"caption\":\"Association des biblioth\u00e8ques de recherche du Canada\"},\"image\":{\"@id\":\"https:\\\/\\\/www.carl-abrc.ca\\\/fr\\\/#\\\/schema\\\/logo\\\/image\\\/\"},\"sameAs\":[\"https:\\\/\\\/x.com\\\/carlabrc\"]}]}<\/script>\n<!-- \/ Yoast SEO plugin. -->","yoast_head_json":{"title":"Groupe de lecture sur la bibliom\u00e9trie et l'impact de la recherche - Association des biblioth\u00e8ques de recherche du Canada","robots":{"index":"index","follow":"follow","max-snippet":"max-snippet:-1","max-image-preview":"max-image-preview:large","max-video-preview":"max-video-preview:-1"},"canonical":"https:\/\/www.carl-abrc.ca\/fr\/faire-avancer-la-recherche\/communication-savante\/bibliometrie-et-limpact-de-la-recherche\/groupe-de-lecture-sur-la-bibliometrie-et-limpact-de-la-recherche\/","og_locale":"fr_FR","og_type":"article","og_title":"Groupe de lecture sur la bibliom\u00e9trie et l'impact de la recherche - Association des biblioth\u00e8ques de recherche du Canada","og_description":"Le groupe de lecture de la Communaut\u00e9 de pratique sur la bibliom\u00e9trie et l&rsquo;impact de la recherche se consacre \u00e0 l&rsquo;exploration d&rsquo;ouvrages cl\u00e9s dans les domaines de la bibliom\u00e9trie, de [&hellip;]","og_url":"https:\/\/www.carl-abrc.ca\/fr\/faire-avancer-la-recherche\/communication-savante\/bibliometrie-et-limpact-de-la-recherche\/groupe-de-lecture-sur-la-bibliometrie-et-limpact-de-la-recherche\/","og_site_name":"Association des biblioth\u00e8ques de recherche du Canada","article_modified_time":"2026-02-03T17:08:03+00:00","twitter_misc":{"Dur\u00e9e de lecture estim\u00e9e":"3 minutes"},"schema":{"@context":"https:\/\/schema.org","@graph":[{"@type":"WebPage","@id":"https:\/\/www.carl-abrc.ca\/fr\/faire-avancer-la-recherche\/communication-savante\/bibliometrie-et-limpact-de-la-recherche\/groupe-de-lecture-sur-la-bibliometrie-et-limpact-de-la-recherche\/","url":"https:\/\/www.carl-abrc.ca\/fr\/faire-avancer-la-recherche\/communication-savante\/bibliometrie-et-limpact-de-la-recherche\/groupe-de-lecture-sur-la-bibliometrie-et-limpact-de-la-recherche\/","name":"Groupe de lecture sur la bibliom\u00e9trie et l'impact de la recherche - Association des biblioth\u00e8ques de recherche du Canada","isPartOf":{"@id":"https:\/\/www.carl-abrc.ca\/fr\/#website"},"datePublished":"2023-05-03T18:47:35+00:00","dateModified":"2026-02-03T17:08:03+00:00","breadcrumb":{"@id":"https:\/\/www.carl-abrc.ca\/fr\/faire-avancer-la-recherche\/communication-savante\/bibliometrie-et-limpact-de-la-recherche\/groupe-de-lecture-sur-la-bibliometrie-et-limpact-de-la-recherche\/#breadcrumb"},"inLanguage":"fr-FR","potentialAction":[{"@type":"ReadAction","target":["https:\/\/www.carl-abrc.ca\/fr\/faire-avancer-la-recherche\/communication-savante\/bibliometrie-et-limpact-de-la-recherche\/groupe-de-lecture-sur-la-bibliometrie-et-limpact-de-la-recherche\/"]}]},{"@type":"BreadcrumbList","@id":"https:\/\/www.carl-abrc.ca\/fr\/faire-avancer-la-recherche\/communication-savante\/bibliometrie-et-limpact-de-la-recherche\/groupe-de-lecture-sur-la-bibliometrie-et-limpact-de-la-recherche\/#breadcrumb","itemListElement":[{"@type":"ListItem","position":1,"name":"Accueil","item":"https:\/\/www.carl-abrc.ca\/fr\/home-3\/"},{"@type":"ListItem","position":2,"name":"Faire avancer la recherche","item":"https:\/\/www.carl-abrc.ca\/fr\/faire-avancer-la-recherche\/"},{"@type":"ListItem","position":3,"name":"Communication savante","item":"https:\/\/www.carl-abrc.ca\/fr\/faire-avancer-la-recherche\/communication-savante\/"},{"@type":"ListItem","position":4,"name":"Communaut\u00e9 de pratique pour la bibliom\u00e9trie et l&#8217;impact de la recherche","item":"https:\/\/www.carl-abrc.ca\/fr\/faire-avancer-la-recherche\/communication-savante\/bibliometrie-et-limpact-de-la-recherche\/"},{"@type":"ListItem","position":5,"name":"Groupe de lecture sur la bibliom\u00e9trie et l&#8217;impact de la recherche"}]},{"@type":"WebSite","@id":"https:\/\/www.carl-abrc.ca\/fr\/#website","url":"https:\/\/www.carl-abrc.ca\/fr\/","name":"Association des biblioth\u00e8ques de recherche du Canada","description":"ABRC","publisher":{"@id":"https:\/\/www.carl-abrc.ca\/fr\/#organization"},"potentialAction":[{"@type":"SearchAction","target":{"@type":"EntryPoint","urlTemplate":"https:\/\/www.carl-abrc.ca\/fr\/?s={search_term_string}"},"query-input":{"@type":"PropertyValueSpecification","valueRequired":true,"valueName":"search_term_string"}}],"inLanguage":"fr-FR"},{"@type":"Organization","@id":"https:\/\/www.carl-abrc.ca\/fr\/#organization","name":"Association des biblioth\u00e8ques de recherche du Canada","url":"https:\/\/www.carl-abrc.ca\/fr\/","logo":{"@type":"ImageObject","inLanguage":"fr-FR","@id":"https:\/\/www.carl-abrc.ca\/fr\/#\/schema\/logo\/image\/","url":"https:\/\/www.carl-abrc.ca\/wp-content\/uploads\/2024\/07\/cropped-Stacked_Colour_L.png","contentUrl":"https:\/\/www.carl-abrc.ca\/wp-content\/uploads\/2024\/07\/cropped-Stacked_Colour_L.png","width":641,"height":250,"caption":"Association des biblioth\u00e8ques de recherche du Canada"},"image":{"@id":"https:\/\/www.carl-abrc.ca\/fr\/#\/schema\/logo\/image\/"},"sameAs":["https:\/\/x.com\/carlabrc"]}]}},"_links":{"self":[{"href":"https:\/\/www.carl-abrc.ca\/fr\/wp-json\/wp\/v2\/pages\/31412","targetHints":{"allow":["GET"]}}],"collection":[{"href":"https:\/\/www.carl-abrc.ca\/fr\/wp-json\/wp\/v2\/pages"}],"about":[{"href":"https:\/\/www.carl-abrc.ca\/fr\/wp-json\/wp\/v2\/types\/page"}],"author":[{"embeddable":true,"href":"https:\/\/www.carl-abrc.ca\/fr\/wp-json\/wp\/v2\/users\/129"}],"replies":[{"embeddable":true,"href":"https:\/\/www.carl-abrc.ca\/fr\/wp-json\/wp\/v2\/comments?post=31412"}],"version-history":[{"count":15,"href":"https:\/\/www.carl-abrc.ca\/fr\/wp-json\/wp\/v2\/pages\/31412\/revisions"}],"predecessor-version":[{"id":39783,"href":"https:\/\/www.carl-abrc.ca\/fr\/wp-json\/wp\/v2\/pages\/31412\/revisions\/39783"}],"up":[{"embeddable":true,"href":"https:\/\/www.carl-abrc.ca\/fr\/wp-json\/wp\/v2\/pages\/31135"}],"wp:attachment":[{"href":"https:\/\/www.carl-abrc.ca\/fr\/wp-json\/wp\/v2\/media?parent=31412"}],"curies":[{"name":"wp","href":"https:\/\/api.w.org\/{rel}","templated":true}]}}