{"id":33865,"date":"2024-02-12T17:01:43","date_gmt":"2024-02-12T22:01:43","guid":{"rendered":"https:\/\/www.carl-abrc.ca\/?page_id=33865"},"modified":"2025-12-11T16:19:38","modified_gmt":"2025-12-11T21:19:38","slug":"codes-de-bonnes-pratiques","status":"publish","type":"page","link":"https:\/\/www.carl-abrc.ca\/fr\/influencer-les-politiques\/droit-dauteur\/codes-de-bonnes-pratiques\/","title":{"rendered":"Codes de bonnes pratiques"},"content":{"rendered":"\t\t<div data-elementor-type=\"wp-page\" data-elementor-id=\"33865\" class=\"elementor elementor-33865 elementor-33856\">\n\t\t\t\t<div class=\"elementor-element elementor-element-525acc2b e-flex e-con-boxed e-con e-parent\" data-id=\"525acc2b\" data-element_type=\"container\" data-e-type=\"container\">\n\t\t\t\t\t<div class=\"e-con-inner\">\n\t\t\t\t<div class=\"elementor-element elementor-element-c3fec78 elementor-widget elementor-widget-text-editor\" data-id=\"c3fec78\" data-element_type=\"widget\" data-e-type=\"widget\" data-widget_type=\"text-editor.default\">\n\t\t\t\t<div class=\"elementor-widget-container\">\n\t\t\t\t\t\t\t\t\t<p>Les codes de bonnes pratiques ont \u00e9t\u00e9 con\u00e7us pour fournir un cadre juridique aux biblioth\u00e8ques lorsqu\u2019elles utilisent des documents prot\u00e9g\u00e9s par le droit d\u2019auteur.\u00a0Bien que les codes aient fait l\u2019objet d\u2019un examen juridique et d\u2019un examen par les pairs et qu\u2019ils pr\u00e9sentent des mod\u00e8les d\u2019application juridiquement d\u00e9fendables et judicieux, ils n\u2019ont pas vocation \u00e0 se substituer \u00e0 un avis juridique.<\/p>\t\t\t\t\t\t\t\t<\/div>\n\t\t\t\t<\/div>\n\t\t\t\t<div class=\"elementor-element elementor-element-929ddb0 elementor-widget elementor-widget-heading\" data-id=\"929ddb0\" data-element_type=\"widget\" data-e-type=\"widget\" data-widget_type=\"heading.default\">\n\t\t\t\t<div class=\"elementor-widget-container\">\n\t\t\t\t\t<h2 class=\"elementor-heading-title elementor-size-default\">Renforcer les droits des utilisateurs canadiens <\/h2>\t\t\t\t<\/div>\n\t\t\t\t<\/div>\n\t\t\t\t<div class=\"elementor-element elementor-element-834ac55 elementor-widget elementor-widget-text-editor\" data-id=\"834ac55\" data-element_type=\"widget\" data-e-type=\"widget\" data-widget_type=\"text-editor.default\">\n\t\t\t\t<div class=\"elementor-widget-container\">\n\t\t\t\t\t\t\t\t\t<p>L&rsquo;utilisation \u00e9quitable au Canada est largement reconnue comme l&rsquo;une des exceptions au droit d&rsquo;auteur les mieux adapt\u00e9es et les plus solides au monde. Les tribunaux soulignent qu&rsquo;une interpr\u00e9tation restrictive compromettrait l&rsquo;\u00e9quilibre entre les droits des cr\u00e9ateurs et ceux des utilisateurs. Si l&rsquo;utilisation \u00e9quitable est couramment et efficacement appliqu\u00e9e dans le secteur de l&rsquo;\u00e9ducation gr\u00e2ce \u00e0 des lignes directrices \u00e9tablies, son application \u00e0 de nombreuses autres activit\u00e9s reste floue. Par cons\u00e9quent, de nombreuses communaut\u00e9s de pratique canadiennes \u00e9vitent de recourir \u00e0 cette exception, ce qui renforce les pratiques de demande d&rsquo;autorisation et freine les projets innovants.<\/p><p><em>Renforcer les droits des utilisateurs canadiens gr\u00e2ce \u00e0 une vision commune : Adapter les Codes of Best Practices in Fair Use au contexte canadien<\/em> soutient que, bien que le \u00ab fair dealing \u00bb ne soit pas identique au \u00ab fair use \u00bb aux \u00c9tats-Unis, elle est suffisamment similaire pour que les principes et les limites \u00e9nonc\u00e9s dans les codes de pratiques exemplaires am\u00e9ricains puissent servir de base \u00e0 un cadre canadien. Les auteurs proposent \u00e9galement de collaborer avec les communaut\u00e9s de pratique canadiennes afin de d\u00e9velopper un r\u00e9seau de codes de pratiques exemplaires nouveaux ou adapt\u00e9s en mati\u00e8re d&rsquo;utilisation \u00e9quitable.<\/p><ul><li><a href=\"https:\/\/www.carl-abrc.ca\/wp-content\/uploads\/2021\/02\/Renforcer_droits_utilisateurs_canadiens_vision_commune_Adapter_Codes_of_Best_Practices_Fair_Use_Canada.pdf\">Renforcer les droits des utilisateurs canadiens gr\u00e2ce \u00e0 une vision commune : Adapter les Codes of Best Practices in Fair Use au contexte canadien (PDF)<\/a><\/li><\/ul>\t\t\t\t\t\t\t\t<\/div>\n\t\t\t\t<\/div>\n\t\t\t\t<div class=\"elementor-element elementor-element-0877dd0 elementor-widget elementor-widget-heading\" data-id=\"0877dd0\" data-element_type=\"widget\" data-e-type=\"widget\" data-widget_type=\"heading.default\">\n\t\t\t\t<div class=\"elementor-widget-container\">\n\t\t\t\t\t<h2 class=\"elementor-heading-title elementor-size-default\">Utilisation \u00e9quitable pour les ressources \u00e9ducatives libres<\/h2>\t\t\t\t<\/div>\n\t\t\t\t<\/div>\n\t\t\t\t<div class=\"elementor-element elementor-element-d566709 elementor-widget elementor-widget-text-editor\" data-id=\"d566709\" data-element_type=\"widget\" data-e-type=\"widget\" data-widget_type=\"text-editor.default\">\n\t\t\t\t<div class=\"elementor-widget-container\">\n\t\t\t\t\t\t\t\t\t<p>Le\u00a0Code de bonnes pratiques en mati\u00e8re d\u2019utilisation \u00e9quitable pour les ressources \u00e9ducatives libres\u00a0traite de l\u2019application juridique et pratique de l\u2019utilisation \u00e9quitable dans le contexte de la cr\u00e9ation de ressources \u00e9ducatives libres (REL) au Canada. Le code canadien, adapt\u00e9 de son \u00e9quivalent am\u00e9ricain, le\u00a0<a href=\"https:\/\/cmsimpact.org\/code\/open-educational-resources\/#Code-of-Best-Practices-in-Fair-Use-for-Open-Educational-Resources\"><em>Code of Best Practices in Fair Use for Open Educational Resources<\/em><\/a>, a b\u00e9n\u00e9fici\u00e9 du processus rigoureux de consultation entrepris par les auteurs du code am\u00e9ricain, de leur cadre et de leurs exemples pratiques. Le code canadien s\u2019inspire fortement de l\u2019annexe\u00a03 du code am\u00e9ricain, r\u00e9dig\u00e9e par la juriste canadienne Carys Craig.<\/p><p>Bien que le code ne constitue pas un avis juridique, il fournit un mod\u00e8le raisonn\u00e9 et juridiquement d\u00e9fendable pour l\u2019application de l\u2019exception concernant l\u2019utilisation \u00e9quitable lors de la transposition dans les REL de contenus de tiers prot\u00e9g\u00e9s par le droit d\u2019auteur. Le code pr\u00e9cise le contexte l\u00e9gislatif et juridique canadien et fournit des exemples pratiques pertinents.<\/p><p>Le code vise \u00e0 donner aux cr\u00e9ateurs et aux utilisateurs canadiens de REL les moyens de recourir \u00e0 l\u2019utilisation \u00e9quitable, tout en favorisant le soutien institutionnel et juridique n\u00e9cessaire \u00e0 cet effet. Une bonne compr\u00e9hension de la port\u00e9e et de la souplesse de l\u2019exception concernant l\u2019utilisation \u00e9quitable facilitera l\u2019analyse des risques et des avantages et garantira que les REL remplissent leurs fonctions p\u00e9dagogiques, pragmatiques et sociales. De plus, des REL bien con\u00e7ues permettent aux \u00e9tablissements de remplir leurs obligations \u00e9thiques et parfois juridiques de rendre les ressources universellement accessibles \u00e0 leurs communaut\u00e9s.<\/p><p>Les apprenants et les enseignants du Canada b\u00e9n\u00e9ficieront de l\u2019adoption du code par les \u00e9tablissements d\u2019enseignement et les communaut\u00e9s \u0153uvrant dans le domaine des REL et du droit d\u2019auteur en g\u00e9n\u00e9ral en garantissant la qualit\u00e9 et l\u2019accessibilit\u00e9 des ressources \u00e9ducatives, en informant les parties prenantes sur le droit d\u2019auteur canadien et en renfor\u00e7ant l\u2019\u00e9quilibre entre les droits des utilisateurs et ceux des cr\u00e9ateurs.<\/p><p>L\u2019adaptation du code canadien a \u00e9t\u00e9 entreprise par un groupe de travail de l\u2019Association des biblioth\u00e8ques de recherche du Canada et a fait l\u2019objet d\u2019un examen juridique et d\u2019une r\u00e9troaction de la part des sp\u00e9cialistes canadiens du droit d\u2019auteur et des REL. Le code refl\u00e8te les bonnes pratiques \u00e0 la date de publication (2024) et il peut faire l\u2019objet d\u2019une r\u00e9vision et d\u2019une mise \u00e0 jour au besoin.<\/p><ul><li><a href=\"https:\/\/www.carl-abrc.ca\/wp-content\/uploads\/2024\/04\/ABRC_Code_Bonne_Practique_UE_REL_V1.6.pdf\">Code de bonnes pratiques en mati\u00e8re d\u2019utilisation \u00e9quitable des ressources \u00e9ducatives libres (PDF)<\/a><\/li><li><a href=\"https:\/\/pressbooks.library.torontomu.ca\/codedebonnespratiquesenmatiere\/\">Code de bonnes pratiques en mati\u00e8re d\u2019utilisation \u00e9quitable des ressources \u00e9ducatives libres (Pressbooks)<\/a><\/li><li><a href=\"https:\/\/www.carl-abrc.ca\/wp-content\/uploads\/2024\/03\/CARL_Code_Best_Practices_FD_OER-V1.6.pdf\">Fair Dealing for Open Educational Resources (PDF)<\/a><\/li><li><a href=\"https:\/\/pressbooks.library.torontomu.ca\/codeofbestpracticesinfairdealingoer\/\">Fair Dealing for Open Educational Resources (Pressbooks)<\/a><\/li><\/ul>\t\t\t\t\t\t\t\t<\/div>\n\t\t\t\t<\/div>\n\t\t\t\t<div class=\"elementor-element elementor-element-dc25cf8 elementor-widget elementor-widget-heading\" data-id=\"dc25cf8\" data-element_type=\"widget\" data-e-type=\"widget\" data-widget_type=\"heading.default\">\n\t\t\t\t<div class=\"elementor-widget-container\">\n\t\t\t\t\t<h2 class=\"elementor-heading-title elementor-size-default\">Droit d'auteur pour les oeuvres publi\u00e9es par la Couronne<\/h2>\t\t\t\t<\/div>\n\t\t\t\t<\/div>\n\t\t\t\t<div class=\"elementor-element elementor-element-b1fc511 elementor-widget elementor-widget-text-editor\" data-id=\"b1fc511\" data-element_type=\"widget\" data-e-type=\"widget\" data-widget_type=\"text-editor.default\">\n\t\t\t\t<div class=\"elementor-widget-container\">\n\t\t\t\t\t\t\t\t\t<p>L\u2019acc\u00e8s \u00e0 l\u2019information gouvernementale est un pilier fondamental d\u2019une d\u00e9mocratie qui fonctionne. Cet acc\u00e8s ne doit pas seulement \u00eatre ouvert, il doit \u00eatre perp\u00e9tuel. Les biblioth\u00e8ques ont assum\u00e9 la responsabilit\u00e9 de l\u2019intendance des publications gouvernementales imprim\u00e9es et num\u00e9riques par l\u2019entremise de leurs programmes de num\u00e9risation et de collecte Web.\u00a0\u00a0<\/p><p>Pour que les biblioth\u00e8ques puissent faire ce travail, leur personnel doit d\u2019abord naviguer dans les protections du droit d\u2019auteur de la Couronne. Ce code de bonnes pratiques fournit un cadre juridique pour ces activit\u00e9s, ainsi que des renseignements g\u00e9n\u00e9raux pertinents. Il pr\u00e9sente \u00e9galement quelques exemples qui documentent les pratiques actuelles utilis\u00e9es au sein de la communaut\u00e9 des biblioth\u00e8ques. La plupart de ces \u00e9tudes de cas portent sur l\u2019acc\u00e8s de longue date aux publications gouvernementales, en fonction de la solidit\u00e9 des \u00e9valuations des risques effectu\u00e9es par les biblioth\u00e8ques universitaires.<\/p><ul><li><a href=\"https:\/\/www.carl-abrc.ca\/wp-content\/uploads\/2024\/06\/Code_bonnes_pratiques_droit_dauteur_couronne-mai2024.pdf\">Naviguer dans le droit d\u2019auteur pour les \u0153uvres publi\u00e9es par la Couronne (PDF)<\/a><\/li><li><a href=\"https:\/\/www.carl-abrc.ca\/wp-content\/uploads\/2024\/06\/Resume_CDBP_droitdauteur_couronne-Juin2024.pdf\">Naviguer dans le droit d\u2019auteur pour les \u0153uvres publi\u00e9es par la Couronne (R\u00e9sum\u00e9)<\/a><\/li><li><a href=\"https:\/\/www.carl-abrc.ca\/wp-content\/uploads\/2024\/06\/Code_of_Best_Practice_Crown_Copyright-May2024.pdf\">Navigating Copyright for Crown-Published Works (PDF)<\/a><\/li><li><a href=\"https:\/\/www.carl-abrc.ca\/wp-content\/uploads\/2024\/06\/Summary_COBP_Crown_Copyright-June2024.pdf\">Navigating Copyright for Crown-Published Works (Summary)<\/a><\/li><\/ul>\t\t\t\t\t\t\t\t<\/div>\n\t\t\t\t<\/div>\n\t\t\t\t\t<\/div>\n\t\t\t\t<\/div>\n\t\t\t\t<\/div>\n\t\t","protected":false},"excerpt":{"rendered":"<p>Les codes de bonnes pratiques ont \u00e9t\u00e9 con\u00e7us pour fournir un cadre juridique aux biblioth\u00e8ques lorsqu\u2019elles utilisent des documents prot\u00e9g\u00e9s par le droit d\u2019auteur.\u00a0Bien que les codes aient fait l\u2019objet [&hellip;]<\/p>\n","protected":false},"author":5,"featured_media":0,"parent":1318,"menu_order":0,"comment_status":"closed","ping_status":"closed","template":"","meta":{"_acf_changed":false,"_EventAllDay":false,"_EventTimezone":"","_EventStartDate":"","_EventEndDate":"","_EventStartDateUTC":"","_EventEndDateUTC":"","_EventShowMap":false,"_EventShowMapLink":false,"_EventURL":"","_EventCost":"","_EventCostDescription":"","_EventCurrencySymbol":"","_EventCurrencyCode":"","_EventCurrencyPosition":"","_EventDateTimeSeparator":"","_EventTimeRangeSeparator":"","_EventOrganizerID":[],"_EventVenueID":[],"_OrganizerEmail":"","_OrganizerPhone":"","_OrganizerWebsite":"","_VenueAddress":"","_VenueCity":"","_VenueCountry":"","_VenueProvince":"","_VenueState":"","_VenueZip":"","_VenuePhone":"","_VenueURL":"","_VenueStateProvince":"","_VenueLat":"","_VenueLng":"","_VenueShowMap":false,"_VenueShowMapLink":false,"footnotes":""},"class_list":["post-33865","page","type-page","status-publish","hentry"],"acf":[],"yoast_head":"<!-- This site is optimized with the Yoast SEO plugin v27.4 - https:\/\/yoast.com\/product\/yoast-seo-wordpress\/ -->\n<title>Codes de bonnes pratiques - Association des biblioth\u00e8ques de recherche du Canada<\/title>\n<meta name=\"robots\" content=\"index, follow, max-snippet:-1, max-image-preview:large, max-video-preview:-1\" \/>\n<link rel=\"canonical\" href=\"https:\/\/www.carl-abrc.ca\/fr\/influencer-les-politiques\/droit-dauteur\/codes-de-bonnes-pratiques\/\" \/>\n<meta property=\"og:locale\" content=\"fr_FR\" \/>\n<meta property=\"og:type\" content=\"article\" \/>\n<meta property=\"og:title\" content=\"Codes de bonnes pratiques - Association des biblioth\u00e8ques de recherche du Canada\" \/>\n<meta property=\"og:description\" content=\"Les codes de bonnes pratiques ont \u00e9t\u00e9 con\u00e7us pour fournir un cadre juridique aux biblioth\u00e8ques lorsqu\u2019elles utilisent des documents prot\u00e9g\u00e9s par le droit d\u2019auteur.\u00a0Bien que les codes aient fait l\u2019objet [&hellip;]\" \/>\n<meta property=\"og:url\" content=\"https:\/\/www.carl-abrc.ca\/fr\/influencer-les-politiques\/droit-dauteur\/codes-de-bonnes-pratiques\/\" \/>\n<meta property=\"og:site_name\" content=\"Association des biblioth\u00e8ques de recherche du Canada\" \/>\n<meta property=\"article:modified_time\" content=\"2025-12-11T21:19:38+00:00\" \/>\n<meta name=\"twitter:label1\" content=\"Dur\u00e9e de lecture estim\u00e9e\" \/>\n\t<meta name=\"twitter:data1\" content=\"5 minutes\" \/>\n<script type=\"application\/ld+json\" class=\"yoast-schema-graph\">{\"@context\":\"https:\\\/\\\/schema.org\",\"@graph\":[{\"@type\":\"WebPage\",\"@id\":\"https:\\\/\\\/www.carl-abrc.ca\\\/fr\\\/influencer-les-politiques\\\/droit-dauteur\\\/codes-de-bonnes-pratiques\\\/\",\"url\":\"https:\\\/\\\/www.carl-abrc.ca\\\/fr\\\/influencer-les-politiques\\\/droit-dauteur\\\/codes-de-bonnes-pratiques\\\/\",\"name\":\"Codes de bonnes pratiques - Association des biblioth\u00e8ques de recherche du Canada\",\"isPartOf\":{\"@id\":\"https:\\\/\\\/www.carl-abrc.ca\\\/fr\\\/#website\"},\"datePublished\":\"2024-02-12T22:01:43+00:00\",\"dateModified\":\"2025-12-11T21:19:38+00:00\",\"breadcrumb\":{\"@id\":\"https:\\\/\\\/www.carl-abrc.ca\\\/fr\\\/influencer-les-politiques\\\/droit-dauteur\\\/codes-de-bonnes-pratiques\\\/#breadcrumb\"},\"inLanguage\":\"fr-FR\",\"potentialAction\":[{\"@type\":\"ReadAction\",\"target\":[\"https:\\\/\\\/www.carl-abrc.ca\\\/fr\\\/influencer-les-politiques\\\/droit-dauteur\\\/codes-de-bonnes-pratiques\\\/\"]}]},{\"@type\":\"BreadcrumbList\",\"@id\":\"https:\\\/\\\/www.carl-abrc.ca\\\/fr\\\/influencer-les-politiques\\\/droit-dauteur\\\/codes-de-bonnes-pratiques\\\/#breadcrumb\",\"itemListElement\":[{\"@type\":\"ListItem\",\"position\":1,\"name\":\"Accueil\",\"item\":\"https:\\\/\\\/www.carl-abrc.ca\\\/fr\\\/home-3\\\/\"},{\"@type\":\"ListItem\",\"position\":2,\"name\":\"Influencer les politiques\",\"item\":\"https:\\\/\\\/www.carl-abrc.ca\\\/fr\\\/influencer-les-politiques\\\/\"},{\"@type\":\"ListItem\",\"position\":3,\"name\":\"Droit d\u2019auteur\",\"item\":\"https:\\\/\\\/www.carl-abrc.ca\\\/fr\\\/influencer-les-politiques\\\/droit-dauteur\\\/\"},{\"@type\":\"ListItem\",\"position\":4,\"name\":\"Codes de bonnes pratiques\"}]},{\"@type\":\"WebSite\",\"@id\":\"https:\\\/\\\/www.carl-abrc.ca\\\/fr\\\/#website\",\"url\":\"https:\\\/\\\/www.carl-abrc.ca\\\/fr\\\/\",\"name\":\"Association des biblioth\u00e8ques de recherche du Canada\",\"description\":\"ABRC\",\"publisher\":{\"@id\":\"https:\\\/\\\/www.carl-abrc.ca\\\/fr\\\/#organization\"},\"potentialAction\":[{\"@type\":\"SearchAction\",\"target\":{\"@type\":\"EntryPoint\",\"urlTemplate\":\"https:\\\/\\\/www.carl-abrc.ca\\\/fr\\\/?s={search_term_string}\"},\"query-input\":{\"@type\":\"PropertyValueSpecification\",\"valueRequired\":true,\"valueName\":\"search_term_string\"}}],\"inLanguage\":\"fr-FR\"},{\"@type\":\"Organization\",\"@id\":\"https:\\\/\\\/www.carl-abrc.ca\\\/fr\\\/#organization\",\"name\":\"Association des biblioth\u00e8ques de recherche du Canada\",\"url\":\"https:\\\/\\\/www.carl-abrc.ca\\\/fr\\\/\",\"logo\":{\"@type\":\"ImageObject\",\"inLanguage\":\"fr-FR\",\"@id\":\"https:\\\/\\\/www.carl-abrc.ca\\\/fr\\\/#\\\/schema\\\/logo\\\/image\\\/\",\"url\":\"https:\\\/\\\/www.carl-abrc.ca\\\/wp-content\\\/uploads\\\/2024\\\/07\\\/cropped-Stacked_Colour_L.png\",\"contentUrl\":\"https:\\\/\\\/www.carl-abrc.ca\\\/wp-content\\\/uploads\\\/2024\\\/07\\\/cropped-Stacked_Colour_L.png\",\"width\":641,\"height\":250,\"caption\":\"Association des biblioth\u00e8ques de recherche du Canada\"},\"image\":{\"@id\":\"https:\\\/\\\/www.carl-abrc.ca\\\/fr\\\/#\\\/schema\\\/logo\\\/image\\\/\"},\"sameAs\":[\"https:\\\/\\\/x.com\\\/carlabrc\"]}]}<\/script>\n<!-- \/ Yoast SEO plugin. -->","yoast_head_json":{"title":"Codes de bonnes pratiques - Association des biblioth\u00e8ques de recherche du Canada","robots":{"index":"index","follow":"follow","max-snippet":"max-snippet:-1","max-image-preview":"max-image-preview:large","max-video-preview":"max-video-preview:-1"},"canonical":"https:\/\/www.carl-abrc.ca\/fr\/influencer-les-politiques\/droit-dauteur\/codes-de-bonnes-pratiques\/","og_locale":"fr_FR","og_type":"article","og_title":"Codes de bonnes pratiques - Association des biblioth\u00e8ques de recherche du Canada","og_description":"Les codes de bonnes pratiques ont \u00e9t\u00e9 con\u00e7us pour fournir un cadre juridique aux biblioth\u00e8ques lorsqu\u2019elles utilisent des documents prot\u00e9g\u00e9s par le droit d\u2019auteur.\u00a0Bien que les codes aient fait l\u2019objet [&hellip;]","og_url":"https:\/\/www.carl-abrc.ca\/fr\/influencer-les-politiques\/droit-dauteur\/codes-de-bonnes-pratiques\/","og_site_name":"Association des biblioth\u00e8ques de recherche du Canada","article_modified_time":"2025-12-11T21:19:38+00:00","twitter_misc":{"Dur\u00e9e de lecture estim\u00e9e":"5 minutes"},"schema":{"@context":"https:\/\/schema.org","@graph":[{"@type":"WebPage","@id":"https:\/\/www.carl-abrc.ca\/fr\/influencer-les-politiques\/droit-dauteur\/codes-de-bonnes-pratiques\/","url":"https:\/\/www.carl-abrc.ca\/fr\/influencer-les-politiques\/droit-dauteur\/codes-de-bonnes-pratiques\/","name":"Codes de bonnes pratiques - Association des biblioth\u00e8ques de recherche du Canada","isPartOf":{"@id":"https:\/\/www.carl-abrc.ca\/fr\/#website"},"datePublished":"2024-02-12T22:01:43+00:00","dateModified":"2025-12-11T21:19:38+00:00","breadcrumb":{"@id":"https:\/\/www.carl-abrc.ca\/fr\/influencer-les-politiques\/droit-dauteur\/codes-de-bonnes-pratiques\/#breadcrumb"},"inLanguage":"fr-FR","potentialAction":[{"@type":"ReadAction","target":["https:\/\/www.carl-abrc.ca\/fr\/influencer-les-politiques\/droit-dauteur\/codes-de-bonnes-pratiques\/"]}]},{"@type":"BreadcrumbList","@id":"https:\/\/www.carl-abrc.ca\/fr\/influencer-les-politiques\/droit-dauteur\/codes-de-bonnes-pratiques\/#breadcrumb","itemListElement":[{"@type":"ListItem","position":1,"name":"Accueil","item":"https:\/\/www.carl-abrc.ca\/fr\/home-3\/"},{"@type":"ListItem","position":2,"name":"Influencer les politiques","item":"https:\/\/www.carl-abrc.ca\/fr\/influencer-les-politiques\/"},{"@type":"ListItem","position":3,"name":"Droit d\u2019auteur","item":"https:\/\/www.carl-abrc.ca\/fr\/influencer-les-politiques\/droit-dauteur\/"},{"@type":"ListItem","position":4,"name":"Codes de bonnes pratiques"}]},{"@type":"WebSite","@id":"https:\/\/www.carl-abrc.ca\/fr\/#website","url":"https:\/\/www.carl-abrc.ca\/fr\/","name":"Association des biblioth\u00e8ques de recherche du Canada","description":"ABRC","publisher":{"@id":"https:\/\/www.carl-abrc.ca\/fr\/#organization"},"potentialAction":[{"@type":"SearchAction","target":{"@type":"EntryPoint","urlTemplate":"https:\/\/www.carl-abrc.ca\/fr\/?s={search_term_string}"},"query-input":{"@type":"PropertyValueSpecification","valueRequired":true,"valueName":"search_term_string"}}],"inLanguage":"fr-FR"},{"@type":"Organization","@id":"https:\/\/www.carl-abrc.ca\/fr\/#organization","name":"Association des biblioth\u00e8ques de recherche du Canada","url":"https:\/\/www.carl-abrc.ca\/fr\/","logo":{"@type":"ImageObject","inLanguage":"fr-FR","@id":"https:\/\/www.carl-abrc.ca\/fr\/#\/schema\/logo\/image\/","url":"https:\/\/www.carl-abrc.ca\/wp-content\/uploads\/2024\/07\/cropped-Stacked_Colour_L.png","contentUrl":"https:\/\/www.carl-abrc.ca\/wp-content\/uploads\/2024\/07\/cropped-Stacked_Colour_L.png","width":641,"height":250,"caption":"Association des biblioth\u00e8ques de recherche du Canada"},"image":{"@id":"https:\/\/www.carl-abrc.ca\/fr\/#\/schema\/logo\/image\/"},"sameAs":["https:\/\/x.com\/carlabrc"]}]}},"_links":{"self":[{"href":"https:\/\/www.carl-abrc.ca\/fr\/wp-json\/wp\/v2\/pages\/33865","targetHints":{"allow":["GET"]}}],"collection":[{"href":"https:\/\/www.carl-abrc.ca\/fr\/wp-json\/wp\/v2\/pages"}],"about":[{"href":"https:\/\/www.carl-abrc.ca\/fr\/wp-json\/wp\/v2\/types\/page"}],"author":[{"embeddable":true,"href":"https:\/\/www.carl-abrc.ca\/fr\/wp-json\/wp\/v2\/users\/5"}],"replies":[{"embeddable":true,"href":"https:\/\/www.carl-abrc.ca\/fr\/wp-json\/wp\/v2\/comments?post=33865"}],"version-history":[{"count":3,"href":"https:\/\/www.carl-abrc.ca\/fr\/wp-json\/wp\/v2\/pages\/33865\/revisions"}],"predecessor-version":[{"id":39214,"href":"https:\/\/www.carl-abrc.ca\/fr\/wp-json\/wp\/v2\/pages\/33865\/revisions\/39214"}],"up":[{"embeddable":true,"href":"https:\/\/www.carl-abrc.ca\/fr\/wp-json\/wp\/v2\/pages\/1318"}],"wp:attachment":[{"href":"https:\/\/www.carl-abrc.ca\/fr\/wp-json\/wp\/v2\/media?parent=33865"}],"curies":[{"name":"wp","href":"https:\/\/api.w.org\/{rel}","templated":true}]}}