{"id":37232,"date":"2025-07-29T16:21:27","date_gmt":"2025-07-29T20:21:27","guid":{"rendered":"https:\/\/www.carl-abrc.ca\/?page_id=37232"},"modified":"2025-11-20T09:40:38","modified_gmt":"2025-11-20T14:40:38","slug":"communaute-de-pratique-pour-lequite-la-diversite-et-linclusion","status":"publish","type":"page","link":"https:\/\/www.carl-abrc.ca\/fr\/accroitre-la-capacite\/edi\/communaute-de-pratique-pour-lequite-la-diversite-et-linclusion\/","title":{"rendered":"Communaut\u00e9 de pratique pour l&rsquo;\u00e9quit\u00e9, la diversit\u00e9 et l&rsquo;inclusion"},"content":{"rendered":"\t\t<div data-elementor-type=\"wp-page\" data-elementor-id=\"37232\" class=\"elementor elementor-37232 elementor-36747\">\n\t\t\t\t<div class=\"elementor-element elementor-element-c8d1dd5 e-con-full e-flex e-con e-parent\" data-id=\"c8d1dd5\" data-element_type=\"container\" data-e-type=\"container\">\n\t\t<div class=\"elementor-element elementor-element-d3eec61 e-con-full e-flex elementor-invisible e-con e-child\" data-id=\"d3eec61\" data-element_type=\"container\" data-e-type=\"container\" data-settings=\"{&quot;animation&quot;:&quot;slideInLeft&quot;,&quot;animation_tablet&quot;:&quot;none&quot;}\">\n\t\t\t\t<div class=\"elementor-element elementor-element-38d74e4 elementor-widget__width-initial elementor-widget elementor-widget-text-editor\" data-id=\"38d74e4\" data-element_type=\"widget\" data-e-type=\"widget\" data-widget_type=\"text-editor.default\">\n\t\t\t\t<div class=\"elementor-widget-container\">\n\t\t\t\t\t\t\t\t\t<p>Depuis 2024, la Communaut\u00e9 de pratique sur l\u2019\u00e9quit\u00e9, la diversit\u00e9 et l\u2019inclusion (CdP EDI) mobilise les professionnels des biblioth\u00e8ques bas\u00e9s dans les biblioth\u00e8ques membres ou non de l\u2019ABRC, qui ont un int\u00e9r\u00eat marqu\u00e9 ou des responsabilit\u00e9s fonctionnelles en mati\u00e8re d\u2019EDI, et fournit un forum pour discuter des questions, des initiatives, des d\u00e9fis et des possibilit\u00e9s de collaboration. La CdP est organis\u00e9e et g\u00e9r\u00e9e par un comit\u00e9 directeur qui se r\u00e9unit tous les mois pour organiser des appels communautaires trimestriels, des tables rondes, des ateliers et\/ou d\u2019autres formes d\u2019engagement communautaire. Il permet \u00e9galement \u00e0 la communaut\u00e9 d\u2019acc\u00e9der \u00e0 des ressources li\u00e9es \u00e0 ses activit\u00e9s,<\/p><p>Les membres de la communaut\u00e9 de pratique EDI doivent s\u2019engager activement dans les discussions et contribuer \u00e0 l\u2019apprentissage commun du groupe. Cela implique d\u2019assister aux r\u00e9unions en \u00e9tant pr\u00eat \u00e0 discuter des sujets abord\u00e9s et de participer aux conversations en cours. Afin de favoriser un espace de dialogue ouvert et honn\u00eate, les membres sont \u00e9galement tenus de respecter la confidentialit\u00e9 \u2013 en veillant \u00e0 ce que les discussions restent au sein de la CdP et ne soient pas partag\u00e9es \u00e0 l\u2019ext\u00e9rieur. Par cet engagement, la CdP vise \u00e0 cr\u00e9er un environnement favorable o\u00f9 les membres peuvent collaborer pour relever des d\u00e9fis communs et explorer des strat\u00e9gies significatives pour faire progresser l\u2019\u00e9quit\u00e9, la diversit\u00e9 et l\u2019inclusion dans les biblioth\u00e8ques de recherche.<\/p>\t\t\t\t\t\t\t\t<\/div>\n\t\t\t\t<\/div>\n\t\t\t\t<div class=\"elementor-element elementor-element-71c2e53 elementor-widget elementor-widget-heading\" data-id=\"71c2e53\" data-element_type=\"widget\" data-e-type=\"widget\" data-widget_type=\"heading.default\">\n\t\t\t\t<div class=\"elementor-widget-container\">\n\t\t\t\t\t<h2 class=\"elementor-heading-title elementor-size-default\">Rejoindre la communaut\u00e9 !<\/h2>\t\t\t\t<\/div>\n\t\t\t\t<\/div>\n\t\t\t\t<div class=\"elementor-element elementor-element-501dea3 elementor-widget elementor-widget-text-editor\" data-id=\"501dea3\" data-element_type=\"widget\" data-e-type=\"widget\" data-widget_type=\"text-editor.default\">\n\t\t\t\t<div class=\"elementor-widget-container\">\n\t\t\t\t\t\t\t\t\t<p>La communaut\u00e9 de pratique vise \u00e0 r\u00e9unir des professionnels et professionnelles des biblioth\u00e8ques de recherche membres ou non de l&rsquo;ABRC qui assument, de mani\u00e8re formelle ou informelle, des responsabilit\u00e9s importantes li\u00e9es \u00e0 l&rsquo;EDI dans le cadre de leurs fonctions actuelles ou pass\u00e9es. Elle sert de forum collaboratif pour explorer des questions, partager des initiatives, relever des d\u00e9fis et identifier des possibilit\u00e9s de collaboration.<br \/><br \/>Si vous travaillez actuellement dans une biblioth\u00e8que de recherche et souhaitez rejoindre cette communaut\u00e9 de pratique, veuillez contacter l&rsquo;une des copr\u00e9sidentes, Monique Flaccavanto \u00e0 <a href=\"mailto:monique.flaccavento@utoronto.ca\">monique.flaccavento@utoronto.ca<\/a> ou Naz Torabi \u00e0 <a href=\"mailto:naz.torabi@utoronto.ca\">naz.torabi@utoronto.ca<\/a>. Veuillez fournir un aper\u00e7u de vos exp\u00e9riences pass\u00e9es en mati\u00e8re d&rsquo;EDI et les raisons pour lesquelles vous souhaitez rejoindre le groupe.<\/p>\t\t\t\t\t\t\t\t<\/div>\n\t\t\t\t<\/div>\n\t\t\t\t<\/div>\n\t\t<div class=\"elementor-element elementor-element-60f0a08 e-con-full e-flex elementor-invisible e-con e-child\" data-id=\"60f0a08\" data-element_type=\"container\" data-e-type=\"container\" data-settings=\"{&quot;animation&quot;:&quot;slideInRight&quot;,&quot;animation_tablet&quot;:&quot;none&quot;}\">\n\t\t\t\t<div class=\"elementor-element elementor-element-d8a3abd elementor-align-justify elementor-widget elementor-widget-button\" data-id=\"d8a3abd\" data-element_type=\"widget\" data-e-type=\"widget\" data-widget_type=\"button.default\">\n\t\t\t\t<div class=\"elementor-widget-container\">\n\t\t\t\t\t\t\t\t\t<div class=\"elementor-button-wrapper\">\n\t\t\t\t\t<a class=\"elementor-button elementor-button-link elementor-size-sm\" href=\"https:\/\/docs.google.com\/document\/d\/e\/2PACX-1vSzWcDogqrJfESEOQ-v7_4tGaw3aEJmO_Nbv9WV-kUCEea6KtG8Pir_gD6rEGqUBJsnOMN8vBSxEC9P\/pub\">\n\t\t\t\t\t\t<span class=\"elementor-button-content-wrapper\">\n\t\t\t\t\t\t<span class=\"elementor-button-icon\">\n\t\t\t\t<svg aria-hidden=\"true\" class=\"e-font-icon-svg e-fas-file-download\" viewBox=\"0 0 384 512\" xmlns=\"http:\/\/www.w3.org\/2000\/svg\"><path d=\"M224 136V0H24C10.7 0 0 10.7 0 24v464c0 13.3 10.7 24 24 24h336c13.3 0 24-10.7 24-24V160H248c-13.2 0-24-10.8-24-24zm76.45 211.36l-96.42 95.7c-6.65 6.61-17.39 6.61-24.04 0l-96.42-95.7C73.42 337.29 80.54 320 94.82 320H160v-80c0-8.84 7.16-16 16-16h32c8.84 0 16 7.16 16 16v80h65.18c14.28 0 21.4 17.29 11.27 27.36zM377 105L279.1 7c-4.5-4.5-10.6-7-17-7H256v128h128v-6.1c0-6.3-2.5-12.4-7-16.9z\"><\/path><\/svg>\t\t\t<\/span>\n\t\t\t\t\t\t\t\t\t<span class=\"elementor-button-text\">Mandat<\/span>\n\t\t\t\t\t<\/span>\n\t\t\t\t\t<\/a>\n\t\t\t\t<\/div>\n\t\t\t\t\t\t\t\t<\/div>\n\t\t\t\t<\/div>\n\t\t<div class=\"elementor-element elementor-element-33f9771 e-con-full e-flex e-con e-child\" data-id=\"33f9771\" data-element_type=\"container\" data-e-type=\"container\" data-settings=\"{&quot;background_background&quot;:&quot;classic&quot;}\">\n\t\t\t\t<div class=\"elementor-element elementor-element-4f5c874 elementor-widget elementor-widget-towngov_hero_title\" data-id=\"4f5c874\" data-element_type=\"widget\" data-e-type=\"widget\" data-widget_type=\"towngov_hero_title.default\">\n\t\t\t\t<div class=\"elementor-widget-container\">\n\t\t\t\t\t    \r\n        <div class=\"section-title-box te-align \">\r\n        \t<div class=\"section-tagline te-subtitle\"><\/div>            <h2 class=\"section-title te-title towngov-size-default\">Comit\u00e9 directeur<\/h2>                        <div class=\"sec-title__text te-text\"><p>Monique Flaccavento (Toronto), copr\u00e9sidente<br \/>Naz Torabi (Toronto), copr\u00e9sidente<br \/>Vicki Jay Leung (Windsor)<br \/>Andrea Miller-Nesbitt (McGill)<br \/>Laura Banfield (McMaster)<br \/>Virginia Pow (Alberta)<br \/>Taleen Aktorosian (soutien de l'ABRC)<br \/>Julie Morin (liaison au CAC de l'ABRC)<\/p><\/div>\r\n                    <\/div><!-- section-title-box -->\r\n    \r\n    \t\t\t\t<\/div>\n\t\t\t\t<\/div>\n\t\t\t\t<\/div>\n\t\t\t\t<\/div>\n\t\t\t\t<\/div>\n\t\t\t\t<\/div>\n\t\t","protected":false},"excerpt":{"rendered":"<p>Depuis 2024, la Communaut\u00e9 de pratique sur l\u2019\u00e9quit\u00e9, la diversit\u00e9 et l\u2019inclusion (CdP EDI) mobilise les professionnels des biblioth\u00e8ques bas\u00e9s dans les biblioth\u00e8ques membres ou non de l\u2019ABRC, qui ont [&hellip;]<\/p>\n","protected":false},"author":131,"featured_media":0,"parent":28188,"menu_order":0,"comment_status":"closed","ping_status":"closed","template":"","meta":{"_acf_changed":false,"_EventAllDay":false,"_EventTimezone":"","_EventStartDate":"","_EventEndDate":"","_EventStartDateUTC":"","_EventEndDateUTC":"","_EventShowMap":false,"_EventShowMapLink":false,"_EventURL":"","_EventCost":"","_EventCostDescription":"","_EventCurrencySymbol":"","_EventCurrencyCode":"","_EventCurrencyPosition":"","_EventDateTimeSeparator":"","_EventTimeRangeSeparator":"","_EventOrganizerID":[],"_EventVenueID":[],"_OrganizerEmail":"","_OrganizerPhone":"","_OrganizerWebsite":"","_VenueAddress":"","_VenueCity":"","_VenueCountry":"","_VenueProvince":"","_VenueState":"","_VenueZip":"","_VenuePhone":"","_VenueURL":"","_VenueStateProvince":"","_VenueLat":"","_VenueLng":"","_VenueShowMap":false,"_VenueShowMapLink":false,"footnotes":""},"class_list":["post-37232","page","type-page","status-publish","hentry"],"acf":[],"yoast_head":"<!-- This site is optimized with the Yoast SEO plugin v27.4 - https:\/\/yoast.com\/product\/yoast-seo-wordpress\/ -->\n<title>Communaut\u00e9 de pratique pour l&#039;\u00e9quit\u00e9, la diversit\u00e9 et l&#039;inclusion - Association des biblioth\u00e8ques de recherche du Canada<\/title>\n<meta name=\"robots\" content=\"index, follow, max-snippet:-1, max-image-preview:large, max-video-preview:-1\" \/>\n<link rel=\"canonical\" href=\"https:\/\/www.carl-abrc.ca\/fr\/accroitre-la-capacite\/edi\/communaute-de-pratique-pour-lequite-la-diversite-et-linclusion\/\" \/>\n<meta property=\"og:locale\" content=\"fr_FR\" \/>\n<meta property=\"og:type\" content=\"article\" \/>\n<meta property=\"og:title\" content=\"Communaut\u00e9 de pratique pour l&#039;\u00e9quit\u00e9, la diversit\u00e9 et l&#039;inclusion - Association des biblioth\u00e8ques de recherche du Canada\" \/>\n<meta property=\"og:description\" content=\"Depuis 2024, la Communaut\u00e9 de pratique sur l\u2019\u00e9quit\u00e9, la diversit\u00e9 et l\u2019inclusion (CdP EDI) mobilise les professionnels des biblioth\u00e8ques bas\u00e9s dans les biblioth\u00e8ques membres ou non de l\u2019ABRC, qui ont [&hellip;]\" \/>\n<meta property=\"og:url\" content=\"https:\/\/www.carl-abrc.ca\/fr\/accroitre-la-capacite\/edi\/communaute-de-pratique-pour-lequite-la-diversite-et-linclusion\/\" \/>\n<meta property=\"og:site_name\" content=\"Association des biblioth\u00e8ques de recherche du Canada\" \/>\n<meta property=\"article:modified_time\" content=\"2025-11-20T14:40:38+00:00\" \/>\n<meta name=\"twitter:label1\" content=\"Dur\u00e9e de lecture estim\u00e9e\" \/>\n\t<meta name=\"twitter:data1\" content=\"2 minutes\" \/>\n<script type=\"application\/ld+json\" class=\"yoast-schema-graph\">{\"@context\":\"https:\\\/\\\/schema.org\",\"@graph\":[{\"@type\":\"WebPage\",\"@id\":\"https:\\\/\\\/www.carl-abrc.ca\\\/fr\\\/accroitre-la-capacite\\\/edi\\\/communaute-de-pratique-pour-lequite-la-diversite-et-linclusion\\\/\",\"url\":\"https:\\\/\\\/www.carl-abrc.ca\\\/fr\\\/accroitre-la-capacite\\\/edi\\\/communaute-de-pratique-pour-lequite-la-diversite-et-linclusion\\\/\",\"name\":\"Communaut\u00e9 de pratique pour l'\u00e9quit\u00e9, la diversit\u00e9 et l'inclusion - Association des biblioth\u00e8ques de recherche du Canada\",\"isPartOf\":{\"@id\":\"https:\\\/\\\/www.carl-abrc.ca\\\/fr\\\/#website\"},\"datePublished\":\"2025-07-29T20:21:27+00:00\",\"dateModified\":\"2025-11-20T14:40:38+00:00\",\"breadcrumb\":{\"@id\":\"https:\\\/\\\/www.carl-abrc.ca\\\/fr\\\/accroitre-la-capacite\\\/edi\\\/communaute-de-pratique-pour-lequite-la-diversite-et-linclusion\\\/#breadcrumb\"},\"inLanguage\":\"fr-FR\",\"potentialAction\":[{\"@type\":\"ReadAction\",\"target\":[\"https:\\\/\\\/www.carl-abrc.ca\\\/fr\\\/accroitre-la-capacite\\\/edi\\\/communaute-de-pratique-pour-lequite-la-diversite-et-linclusion\\\/\"]}]},{\"@type\":\"BreadcrumbList\",\"@id\":\"https:\\\/\\\/www.carl-abrc.ca\\\/fr\\\/accroitre-la-capacite\\\/edi\\\/communaute-de-pratique-pour-lequite-la-diversite-et-linclusion\\\/#breadcrumb\",\"itemListElement\":[{\"@type\":\"ListItem\",\"position\":1,\"name\":\"Accueil\",\"item\":\"https:\\\/\\\/www.carl-abrc.ca\\\/fr\\\/home-3\\\/\"},{\"@type\":\"ListItem\",\"position\":2,\"name\":\"Accro\u00eetre la capacit\u00e9\",\"item\":\"https:\\\/\\\/www.carl-abrc.ca\\\/fr\\\/accroitre-la-capacite\\\/\"},{\"@type\":\"ListItem\",\"position\":3,\"name\":\"\u00c9quit\u00e9, diversit\u00e9 et inclusion\",\"item\":\"https:\\\/\\\/www.carl-abrc.ca\\\/fr\\\/accroitre-la-capacite\\\/edi\\\/\"},{\"@type\":\"ListItem\",\"position\":4,\"name\":\"Communaut\u00e9 de pratique pour l&#8217;\u00e9quit\u00e9, la diversit\u00e9 et l&#8217;inclusion\"}]},{\"@type\":\"WebSite\",\"@id\":\"https:\\\/\\\/www.carl-abrc.ca\\\/fr\\\/#website\",\"url\":\"https:\\\/\\\/www.carl-abrc.ca\\\/fr\\\/\",\"name\":\"Association des biblioth\u00e8ques de recherche du Canada\",\"description\":\"ABRC\",\"publisher\":{\"@id\":\"https:\\\/\\\/www.carl-abrc.ca\\\/fr\\\/#organization\"},\"potentialAction\":[{\"@type\":\"SearchAction\",\"target\":{\"@type\":\"EntryPoint\",\"urlTemplate\":\"https:\\\/\\\/www.carl-abrc.ca\\\/fr\\\/?s={search_term_string}\"},\"query-input\":{\"@type\":\"PropertyValueSpecification\",\"valueRequired\":true,\"valueName\":\"search_term_string\"}}],\"inLanguage\":\"fr-FR\"},{\"@type\":\"Organization\",\"@id\":\"https:\\\/\\\/www.carl-abrc.ca\\\/fr\\\/#organization\",\"name\":\"Association des biblioth\u00e8ques de recherche du Canada\",\"url\":\"https:\\\/\\\/www.carl-abrc.ca\\\/fr\\\/\",\"logo\":{\"@type\":\"ImageObject\",\"inLanguage\":\"fr-FR\",\"@id\":\"https:\\\/\\\/www.carl-abrc.ca\\\/fr\\\/#\\\/schema\\\/logo\\\/image\\\/\",\"url\":\"https:\\\/\\\/www.carl-abrc.ca\\\/wp-content\\\/uploads\\\/2024\\\/07\\\/cropped-Stacked_Colour_L.png\",\"contentUrl\":\"https:\\\/\\\/www.carl-abrc.ca\\\/wp-content\\\/uploads\\\/2024\\\/07\\\/cropped-Stacked_Colour_L.png\",\"width\":641,\"height\":250,\"caption\":\"Association des biblioth\u00e8ques de recherche du Canada\"},\"image\":{\"@id\":\"https:\\\/\\\/www.carl-abrc.ca\\\/fr\\\/#\\\/schema\\\/logo\\\/image\\\/\"},\"sameAs\":[\"https:\\\/\\\/x.com\\\/carlabrc\"]}]}<\/script>\n<!-- \/ Yoast SEO plugin. -->","yoast_head_json":{"title":"Communaut\u00e9 de pratique pour l'\u00e9quit\u00e9, la diversit\u00e9 et l'inclusion - Association des biblioth\u00e8ques de recherche du Canada","robots":{"index":"index","follow":"follow","max-snippet":"max-snippet:-1","max-image-preview":"max-image-preview:large","max-video-preview":"max-video-preview:-1"},"canonical":"https:\/\/www.carl-abrc.ca\/fr\/accroitre-la-capacite\/edi\/communaute-de-pratique-pour-lequite-la-diversite-et-linclusion\/","og_locale":"fr_FR","og_type":"article","og_title":"Communaut\u00e9 de pratique pour l'\u00e9quit\u00e9, la diversit\u00e9 et l'inclusion - Association des biblioth\u00e8ques de recherche du Canada","og_description":"Depuis 2024, la Communaut\u00e9 de pratique sur l\u2019\u00e9quit\u00e9, la diversit\u00e9 et l\u2019inclusion (CdP EDI) mobilise les professionnels des biblioth\u00e8ques bas\u00e9s dans les biblioth\u00e8ques membres ou non de l\u2019ABRC, qui ont [&hellip;]","og_url":"https:\/\/www.carl-abrc.ca\/fr\/accroitre-la-capacite\/edi\/communaute-de-pratique-pour-lequite-la-diversite-et-linclusion\/","og_site_name":"Association des biblioth\u00e8ques de recherche du Canada","article_modified_time":"2025-11-20T14:40:38+00:00","twitter_misc":{"Dur\u00e9e de lecture estim\u00e9e":"2 minutes"},"schema":{"@context":"https:\/\/schema.org","@graph":[{"@type":"WebPage","@id":"https:\/\/www.carl-abrc.ca\/fr\/accroitre-la-capacite\/edi\/communaute-de-pratique-pour-lequite-la-diversite-et-linclusion\/","url":"https:\/\/www.carl-abrc.ca\/fr\/accroitre-la-capacite\/edi\/communaute-de-pratique-pour-lequite-la-diversite-et-linclusion\/","name":"Communaut\u00e9 de pratique pour l'\u00e9quit\u00e9, la diversit\u00e9 et l'inclusion - Association des biblioth\u00e8ques de recherche du Canada","isPartOf":{"@id":"https:\/\/www.carl-abrc.ca\/fr\/#website"},"datePublished":"2025-07-29T20:21:27+00:00","dateModified":"2025-11-20T14:40:38+00:00","breadcrumb":{"@id":"https:\/\/www.carl-abrc.ca\/fr\/accroitre-la-capacite\/edi\/communaute-de-pratique-pour-lequite-la-diversite-et-linclusion\/#breadcrumb"},"inLanguage":"fr-FR","potentialAction":[{"@type":"ReadAction","target":["https:\/\/www.carl-abrc.ca\/fr\/accroitre-la-capacite\/edi\/communaute-de-pratique-pour-lequite-la-diversite-et-linclusion\/"]}]},{"@type":"BreadcrumbList","@id":"https:\/\/www.carl-abrc.ca\/fr\/accroitre-la-capacite\/edi\/communaute-de-pratique-pour-lequite-la-diversite-et-linclusion\/#breadcrumb","itemListElement":[{"@type":"ListItem","position":1,"name":"Accueil","item":"https:\/\/www.carl-abrc.ca\/fr\/home-3\/"},{"@type":"ListItem","position":2,"name":"Accro\u00eetre la capacit\u00e9","item":"https:\/\/www.carl-abrc.ca\/fr\/accroitre-la-capacite\/"},{"@type":"ListItem","position":3,"name":"\u00c9quit\u00e9, diversit\u00e9 et inclusion","item":"https:\/\/www.carl-abrc.ca\/fr\/accroitre-la-capacite\/edi\/"},{"@type":"ListItem","position":4,"name":"Communaut\u00e9 de pratique pour l&#8217;\u00e9quit\u00e9, la diversit\u00e9 et l&#8217;inclusion"}]},{"@type":"WebSite","@id":"https:\/\/www.carl-abrc.ca\/fr\/#website","url":"https:\/\/www.carl-abrc.ca\/fr\/","name":"Association des biblioth\u00e8ques de recherche du Canada","description":"ABRC","publisher":{"@id":"https:\/\/www.carl-abrc.ca\/fr\/#organization"},"potentialAction":[{"@type":"SearchAction","target":{"@type":"EntryPoint","urlTemplate":"https:\/\/www.carl-abrc.ca\/fr\/?s={search_term_string}"},"query-input":{"@type":"PropertyValueSpecification","valueRequired":true,"valueName":"search_term_string"}}],"inLanguage":"fr-FR"},{"@type":"Organization","@id":"https:\/\/www.carl-abrc.ca\/fr\/#organization","name":"Association des biblioth\u00e8ques de recherche du Canada","url":"https:\/\/www.carl-abrc.ca\/fr\/","logo":{"@type":"ImageObject","inLanguage":"fr-FR","@id":"https:\/\/www.carl-abrc.ca\/fr\/#\/schema\/logo\/image\/","url":"https:\/\/www.carl-abrc.ca\/wp-content\/uploads\/2024\/07\/cropped-Stacked_Colour_L.png","contentUrl":"https:\/\/www.carl-abrc.ca\/wp-content\/uploads\/2024\/07\/cropped-Stacked_Colour_L.png","width":641,"height":250,"caption":"Association des biblioth\u00e8ques de recherche du Canada"},"image":{"@id":"https:\/\/www.carl-abrc.ca\/fr\/#\/schema\/logo\/image\/"},"sameAs":["https:\/\/x.com\/carlabrc"]}]}},"_links":{"self":[{"href":"https:\/\/www.carl-abrc.ca\/fr\/wp-json\/wp\/v2\/pages\/37232","targetHints":{"allow":["GET"]}}],"collection":[{"href":"https:\/\/www.carl-abrc.ca\/fr\/wp-json\/wp\/v2\/pages"}],"about":[{"href":"https:\/\/www.carl-abrc.ca\/fr\/wp-json\/wp\/v2\/types\/page"}],"author":[{"embeddable":true,"href":"https:\/\/www.carl-abrc.ca\/fr\/wp-json\/wp\/v2\/users\/131"}],"replies":[{"embeddable":true,"href":"https:\/\/www.carl-abrc.ca\/fr\/wp-json\/wp\/v2\/comments?post=37232"}],"version-history":[{"count":6,"href":"https:\/\/www.carl-abrc.ca\/fr\/wp-json\/wp\/v2\/pages\/37232\/revisions"}],"predecessor-version":[{"id":38990,"href":"https:\/\/www.carl-abrc.ca\/fr\/wp-json\/wp\/v2\/pages\/37232\/revisions\/38990"}],"up":[{"embeddable":true,"href":"https:\/\/www.carl-abrc.ca\/fr\/wp-json\/wp\/v2\/pages\/28188"}],"wp:attachment":[{"href":"https:\/\/www.carl-abrc.ca\/fr\/wp-json\/wp\/v2\/media?parent=37232"}],"curies":[{"name":"wp","href":"https:\/\/api.w.org\/{rel}","templated":true}]}}