{"id":37240,"date":"2025-07-29T17:34:31","date_gmt":"2025-07-29T21:34:31","guid":{"rendered":"https:\/\/www.carl-abrc.ca\/?page_id=37240"},"modified":"2025-11-04T20:03:36","modified_gmt":"2025-11-05T01:03:36","slug":"communaute-de-pratique-des-droits-dauteur","status":"publish","type":"page","link":"https:\/\/www.carl-abrc.ca\/fr\/influencer-les-politiques\/droit-dauteur\/communaute-de-pratique-des-droits-dauteur\/","title":{"rendered":"Communaut\u00e9 de pratique des droits d&rsquo;auteur"},"content":{"rendered":"\t\t<div data-elementor-type=\"wp-page\" data-elementor-id=\"37240\" class=\"elementor elementor-37240 elementor-36784\">\n\t\t\t\t<div class=\"elementor-element elementor-element-6fcd924 e-flex e-con-boxed e-con e-parent\" data-id=\"6fcd924\" data-element_type=\"container\" data-e-type=\"container\">\n\t\t\t\t\t<div class=\"e-con-inner\">\n\t\t<div class=\"elementor-element elementor-element-086ee4d e-con-full e-flex e-con e-child\" data-id=\"086ee4d\" data-element_type=\"container\" data-e-type=\"container\" data-settings=\"{&quot;animation&quot;:&quot;none&quot;}\">\n\t\t\t\t<div class=\"elementor-element elementor-element-c686ed4 elementor-widget__width-initial elementor-widget elementor-widget-text-editor\" data-id=\"c686ed4\" data-element_type=\"widget\" data-e-type=\"widget\" data-widget_type=\"text-editor.default\">\n\t\t\t\t<div class=\"elementor-widget-container\">\n\t\t\t\t\t\t\t\t\t<p>La communaut\u00e9 de pratique sur le droit d\u2019auteur, cr\u00e9\u00e9e en juillet 2017, permet au personnel des institutions membres et non membres de l\u2019ABRC de se connecter autour de sujets d\u2019int\u00e9r\u00eat commun li\u00e9s au droit d\u2019auteur. Avec plus de 50 membres, la communaut\u00e9 se r\u00e9unit environ deux fois par an en dehors d\u2019autres \u00e9v\u00e9nements sectoriels tels que ABC Copyright et le symposium sur le droit d\u2019auteur de l\u2019OLA. Bien que la communaut\u00e9 de pratique n\u2019ait pas de comit\u00e9 directeur officiel, les webinaires et les r\u00e9unions sont dirig\u00e9s par le personnel et fa\u00e7onn\u00e9s en consultation avec les agents de programme invit\u00e9s de l\u2019ABRC ou d\u2019autres membres de la communaut\u00e9, ce qui permet de s\u2019assurer que les discussions restent opportunes, pertinentes et fond\u00e9es sur les besoins des membres.<\/p>\t\t\t\t\t\t\t\t<\/div>\n\t\t\t\t<\/div>\n\t\t\t\t<div class=\"elementor-element elementor-element-8018289 elementor-widget elementor-widget-heading\" data-id=\"8018289\" data-element_type=\"widget\" data-e-type=\"widget\" data-widget_type=\"heading.default\">\n\t\t\t\t<div class=\"elementor-widget-container\">\n\t\t\t\t\t<h2 class=\"elementor-heading-title elementor-size-default\">Rejoindre la communaut\u00e9 !<\/h2>\t\t\t\t<\/div>\n\t\t\t\t<\/div>\n\t\t\t\t<div class=\"elementor-element elementor-element-ac6f21d elementor-widget elementor-widget-text-editor\" data-id=\"ac6f21d\" data-element_type=\"widget\" data-e-type=\"widget\" data-widget_type=\"text-editor.default\">\n\t\t\t\t<div class=\"elementor-widget-container\">\n\t\t\t\t\t\t\t\t\t<p style=\"text-align: left;\">Pour rejoindre cette communaut\u00e9 de pratique et rester inform\u00e9 des \u00e9v\u00e9nements \u00e0 venir et des activit\u00e9s en cours du groupe, inscrivez-vous \u00e0 <strong>PROJB-CARL-L<\/strong>, la liste de discussion sur le droit d\u2019auteur dans les biblioth\u00e8ques de recherche.<\/p><p style=\"text-align: left;\"><strong><a href=\"https:\/\/listserv.uottawa.ca\/scripts\/wa.exe?SUBED1=PROJB-CARL-L&amp;A=1\">-&gt; Rejoindre la communaut\u00e9 de pratique<\/a><\/strong><\/p>\t\t\t\t\t\t\t\t<\/div>\n\t\t\t\t<\/div>\n\t\t\t\t<\/div>\n\t\t\t\t\t<\/div>\n\t\t\t\t<\/div>\n\t\t\t\t<section class=\"elementor-section elementor-top-section elementor-element elementor-element-446644d elementor-section-content-middle elementor-section-stretched animated-slow elementor-section-boxed elementor-section-height-default elementor-section-height-default\" data-id=\"446644d\" data-element_type=\"section\" data-e-type=\"section\" data-settings=\"{&quot;background_background&quot;:&quot;classic&quot;,&quot;stretch_section&quot;:&quot;section-stretched&quot;,&quot;animation&quot;:&quot;none&quot;}\">\n\t\t\t\t\t\t\t<div class=\"elementor-background-overlay\"><\/div>\n\t\t\t\t\t\t\t<div class=\"elementor-container elementor-column-gap-custom\">\n\t\t\t\t\t<div class=\"elementor-column elementor-col-100 elementor-top-column elementor-element elementor-element-24a934c\" data-id=\"24a934c\" data-element_type=\"column\" data-e-type=\"column\">\n\t\t\t<div class=\"elementor-widget-wrap elementor-element-populated\">\n\t\t\t\t\t\t<div class=\"elementor-element elementor-element-d44b7f6 elementor-widget elementor-widget-towngov_hero_title\" data-id=\"d44b7f6\" data-element_type=\"widget\" data-e-type=\"widget\" data-widget_type=\"towngov_hero_title.default\">\n\t\t\t\t<div class=\"elementor-widget-container\">\n\t\t\t\t\t    \r\n        <div class=\"section-title-box te-align \">\r\n        \t<div class=\"section-tagline te-subtitle\"><\/div>            <h2 class=\"section-title te-title towngov-size-default\">\u00c9v\u00e8nements de la communaut\u00e9<\/h2>                    <\/div><!-- section-title-box -->\r\n    \r\n    \t\t\t\t<\/div>\n\t\t\t\t<\/div>\n\t\t\t\t<div class=\"elementor-element elementor-element-7865b32 elementor-widget elementor-widget-tecs_widget\" data-id=\"7865b32\" data-element_type=\"widget\" data-e-type=\"widget\" data-widget_type=\"tecs_widget.default\">\n\t\t\t\t<div class=\"elementor-widget-container\">\n\t\t\t\t\t<div class=\"ecs-no-events\">Aucun \u00e9v\u00e9nement \u00e0 venir.<\/div>\t\t\t\t<\/div>\n\t\t\t\t<\/div>\n\t\t\t\t<div class=\"elementor-element elementor-element-513e666 elementor-widget elementor-widget-heading\" data-id=\"513e666\" data-element_type=\"widget\" data-e-type=\"widget\" data-widget_type=\"heading.default\">\n\t\t\t\t<div class=\"elementor-widget-container\">\n\t\t\t\t\t<h3 class=\"elementor-heading-title elementor-size-default\">\u00c9v\u00e8nements pass\u00e9s<\/h3>\t\t\t\t<\/div>\n\t\t\t\t<\/div>\n\t\t\t\t<div class=\"elementor-element elementor-element-e30f900 elementor-widget elementor-widget-tecs_widget\" data-id=\"e30f900\" data-element_type=\"widget\" data-e-type=\"widget\" data-widget_type=\"tecs_widget.default\">\n\t\t\t\t<div class=\"elementor-widget-container\">\n\t\t\t\t\t<ul class=\"ecs-event-list\"><li class=\"ecs-event droits-dauteur_ecs_category intelligence-artificielle_ecs_category\"><h4 class=\"entry-title summary\"><a href=\"https:\/\/www.carl-abrc.ca\/fr\/evenement\/les-droits-des-utilisateurs-a-lere-de-lia-generative\/\" rel=\"bookmark\">W\u00e9binaire : Les droits des utilisateurs \u00e0 l\u2019\u00e8re de l\u2019IA g\u00e9n\u00e9rative<\/a><\/h4><span class=\"duration time\"><span class=\"tribe-event-date-start\">25 f\u00e9vrier \u2013  13:00<\/span><span class=\"tribe-event-time\"><\/span> <span class='timezone'> EST <\/span><\/span><\/li><li class=\"ecs-event droits-dauteur_ecs_category\"><h4 class=\"entry-title summary\"><a href=\"https:\/\/www.carl-abrc.ca\/fr\/evenement\/webinaire-de-labrc-au-dela-de-marrakech-utilisation-equitable-et-creation-doeuvres-accessibles-pour-les-personnes-handicapees\/\" rel=\"bookmark\">Webinaire de l\u2019ABRC &#8211; Au-del\u00e0 de Marrakech : utilisation \u00e9quitable et cr\u00e9ation d\u2019\u0153uvres accessibles pour les personnes handicap\u00e9es<\/a><\/h4><span class=\"duration time\"><span class=\"tribe-event-date-start\">26 f\u00e9vrier 2025 \u2013  14:00<\/span><span class=\"tribe-event-time\"><\/span> <span class='timezone'> EST <\/span><\/span><\/li><li class=\"ecs-event droits-dauteur_ecs_category\"><h4 class=\"entry-title summary\"><a href=\"https:\/\/www.carl-abrc.ca\/fr\/evenement\/appel-a-la-communaute-de-pratique-sur-le-droit-dauteur-de-septembre-2024\/\" rel=\"bookmark\">Appel \u00e0 la communaut\u00e9 de pratique sur le droit d&rsquo;auteur de septembre 2024<\/a><\/h4><span class=\"duration time\"><span class=\"tribe-event-date-start\">25 septembre 2024 \u2013  14:30<\/span><span class=\"tribe-event-time\"><\/span> <span class='timezone'> EDT <\/span><\/span><\/li><\/ul><script type=\"application\/ld+json\">\r\n[{\"@context\":\"http:\/\/schema.org\",\"@type\":\"Event\",\"name\":\"W\\u00e9binaire : Les droits des utilisateurs \\u00e0 l\\u2019\\u00e8re de l\\u2019IA g\\u00e9n\\u00e9rative\",\"description\":\"&lt;p&gt;Date : 25 f\\u00e9vrier 2026 Heure : 13h00 - 14h00 HE Inscription Depuis la d\\u00e9cision rendue par la Cour supr\\u00eame du Canada en 2004 dans l\\u2019affaire CCH Canada Ltd c. [&hellip;]&lt;\/p&gt;\\\\n\",\"image\":\"https:\/\/www.carl-abrc.ca\/wp-content\/uploads\/2026\/02\/CARL-Social-Media-Graphics-3.jpg\",\"url\":\"https:\/\/www.carl-abrc.ca\/fr\/evenement\/les-droits-des-utilisateurs-a-lere-de-lia-generative\/\",\"eventAttendanceMode\":\"https:\/\/schema.org\/OfflineEventAttendanceMode\",\"eventStatus\":\"https:\/\/schema.org\/EventScheduled\",\"startDate\":\"2026-02-25T13:00:00-05:00\",\"endDate\":\"2026-02-25T14:00:00-05:00\",\"location\":{\"@type\":\"Place\",\"name\":\"\\u00c9v\\u00e9nement virtuel\",\"description\":\"\",\"url\":\"\",\"address\":{\"@type\":\"PostalAddress\"},\"telephone\":\"\",\"sameAs\":\"\"},\"organizer\":{\"@type\":\"Person\",\"name\":\"Association des biblioth\\u00e8ques de recherche du Canada\",\"description\":\"\",\"url\":\"\",\"telephone\":\"613.895.0780\",\"email\":\"\",\"sameAs\":\"\"},\"performer\":\"Organization\"},{\"@context\":\"http:\/\/schema.org\",\"@type\":\"Event\",\"name\":\"Webinaire de l\\u2019ABRC &#8211; Au-del\\u00e0 de Marrakech : utilisation \\u00e9quitable et cr\\u00e9ation d\\u2019\\u0153uvres accessibles pour les personnes handicap\\u00e9es\",\"description\":\"&lt;p&gt;Date: Le mercredi 26 f\\u00e9vrier 2025 Heure: 14:00h \\u00e0 15:00h (HE) (11:00h \\u00e0 12:00h HP) Inscription requise Pr\\u00e9sentatrice : Rowan Meredith Doctorante en sciences juridiques (DSJ), University of Toronto La [&hellip;]&lt;\/p&gt;\\\\n\",\"image\":\"https:\/\/www.carl-abrc.ca\/wp-content\/uploads\/2024\/09\/NewsFeaturedImage-1.jpg\",\"url\":\"https:\/\/www.carl-abrc.ca\/fr\/evenement\/webinaire-de-labrc-au-dela-de-marrakech-utilisation-equitable-et-creation-doeuvres-accessibles-pour-les-personnes-handicapees\/\",\"eventAttendanceMode\":\"https:\/\/schema.org\/OfflineEventAttendanceMode\",\"eventStatus\":\"https:\/\/schema.org\/EventScheduled\",\"startDate\":\"2025-02-26T14:00:00-05:00\",\"endDate\":\"2025-02-26T15:00:00-05:00\",\"location\":{\"@type\":\"Place\",\"name\":\"\\u00c9v\\u00e9nement virtuel\",\"description\":\"\",\"url\":\"\",\"address\":{\"@type\":\"PostalAddress\"},\"telephone\":\"\",\"sameAs\":\"\"},\"organizer\":{\"@type\":\"Person\",\"name\":\"Association des biblioth\\u00e8ques de recherche du Canada\",\"description\":\"\",\"url\":\"\",\"telephone\":\"613.895.0780\",\"email\":\"\",\"sameAs\":\"\"},\"performer\":\"Organization\"},{\"@context\":\"http:\/\/schema.org\",\"@type\":\"Event\",\"name\":\"Appel \\u00e0 la communaut\\u00e9 de pratique sur le droit d&rsquo;auteur de septembre 2024\",\"description\":\"&lt;p&gt;La majorit\\u00e9 du mat\\u00e9riel d\\\\'enseignement et de recherche n\\\\'\\u00e9tant plus accessible que par le biais de plateformes \\u00e9lectroniques sous licence, les droits des utilisateurs sont souvent limit\\u00e9s par le contenu [&hellip;]&lt;\/p&gt;\\\\n\",\"image\":\"https:\/\/www.carl-abrc.ca\/wp-content\/uploads\/2024\/09\/NewsFeaturedImage-1.jpg\",\"url\":\"https:\/\/www.carl-abrc.ca\/fr\/evenement\/appel-a-la-communaute-de-pratique-sur-le-droit-dauteur-de-septembre-2024\/\",\"eventAttendanceMode\":\"https:\/\/schema.org\/OfflineEventAttendanceMode\",\"eventStatus\":\"https:\/\/schema.org\/EventScheduled\",\"startDate\":\"2024-09-25T14:30:00-04:00\",\"endDate\":\"2024-09-25T16:00:00-04:00\",\"location\":{\"@type\":\"Place\",\"name\":\"\\u00c9v\\u00e9nement virtuel\",\"description\":\"\",\"url\":\"\",\"address\":{\"@type\":\"PostalAddress\"},\"telephone\":\"\",\"sameAs\":\"\"},\"organizer\":{\"@type\":\"Person\",\"name\":\"Association des biblioth\\u00e8ques de recherche du Canada\",\"description\":\"\",\"url\":\"\",\"telephone\":\"613.895.0780\",\"email\":\"\",\"sameAs\":\"\"},\"performer\":\"Organization\"}]\r\n<\/script><!--\n Event listing powered by The Events Calendar Shortcode\n https:\/\/eventcalendarnewsletter.com\/the-events-calendar-shortcode\/ \n-->\t\t\t\t<\/div>\n\t\t\t\t<\/div>\n\t\t\t\t\t<\/div>\n\t\t<\/div>\n\t\t\t\t\t<\/div>\n\t\t<\/section>\n\t\t\t\t<\/div>\n\t\t","protected":false},"excerpt":{"rendered":"<p>La communaut\u00e9 de pratique sur le droit d\u2019auteur, cr\u00e9\u00e9e en juillet 2017, permet au personnel des institutions membres et non membres de l\u2019ABRC de se connecter autour de sujets d\u2019int\u00e9r\u00eat [&hellip;]<\/p>\n","protected":false},"author":131,"featured_media":0,"parent":1318,"menu_order":0,"comment_status":"closed","ping_status":"closed","template":"","meta":{"_acf_changed":false,"_EventAllDay":false,"_EventTimezone":"","_EventStartDate":"","_EventEndDate":"","_EventStartDateUTC":"","_EventEndDateUTC":"","_EventShowMap":false,"_EventShowMapLink":false,"_EventURL":"","_EventCost":"","_EventCostDescription":"","_EventCurrencySymbol":"","_EventCurrencyCode":"","_EventCurrencyPosition":"","_EventDateTimeSeparator":"","_EventTimeRangeSeparator":"","_EventOrganizerID":[],"_EventVenueID":[],"_OrganizerEmail":"","_OrganizerPhone":"","_OrganizerWebsite":"","_VenueAddress":"","_VenueCity":"","_VenueCountry":"","_VenueProvince":"","_VenueState":"","_VenueZip":"","_VenuePhone":"","_VenueURL":"","_VenueStateProvince":"","_VenueLat":"","_VenueLng":"","_VenueShowMap":false,"_VenueShowMapLink":false,"footnotes":""},"class_list":["post-37240","page","type-page","status-publish","hentry","cat_droits-dauteur"],"acf":[],"yoast_head":"<!-- This site is optimized with the Yoast SEO plugin v27.4 - https:\/\/yoast.com\/product\/yoast-seo-wordpress\/ -->\n<title>Communaut\u00e9 de pratique des droits d&#039;auteur - Association des biblioth\u00e8ques de recherche du Canada<\/title>\n<meta name=\"robots\" content=\"index, follow, max-snippet:-1, max-image-preview:large, max-video-preview:-1\" \/>\n<link rel=\"canonical\" href=\"https:\/\/www.carl-abrc.ca\/fr\/influencer-les-politiques\/droit-dauteur\/communaute-de-pratique-des-droits-dauteur\/\" \/>\n<meta property=\"og:locale\" content=\"fr_FR\" \/>\n<meta property=\"og:type\" content=\"article\" \/>\n<meta property=\"og:title\" content=\"Communaut\u00e9 de pratique des droits d&#039;auteur - Association des biblioth\u00e8ques de recherche du Canada\" \/>\n<meta property=\"og:description\" content=\"La communaut\u00e9 de pratique sur le droit d\u2019auteur, cr\u00e9\u00e9e en juillet 2017, permet au personnel des institutions membres et non membres de l\u2019ABRC de se connecter autour de sujets d\u2019int\u00e9r\u00eat [&hellip;]\" \/>\n<meta property=\"og:url\" content=\"https:\/\/www.carl-abrc.ca\/fr\/influencer-les-politiques\/droit-dauteur\/communaute-de-pratique-des-droits-dauteur\/\" \/>\n<meta property=\"og:site_name\" content=\"Association des biblioth\u00e8ques de recherche du Canada\" \/>\n<meta property=\"article:modified_time\" content=\"2025-11-05T01:03:36+00:00\" \/>\n<meta name=\"twitter:label1\" content=\"Dur\u00e9e de lecture estim\u00e9e\" \/>\n\t<meta name=\"twitter:data1\" content=\"2 minutes\" \/>\n<script type=\"application\/ld+json\" class=\"yoast-schema-graph\">{\"@context\":\"https:\\\/\\\/schema.org\",\"@graph\":[{\"@type\":\"WebPage\",\"@id\":\"https:\\\/\\\/www.carl-abrc.ca\\\/fr\\\/influencer-les-politiques\\\/droit-dauteur\\\/communaute-de-pratique-des-droits-dauteur\\\/\",\"url\":\"https:\\\/\\\/www.carl-abrc.ca\\\/fr\\\/influencer-les-politiques\\\/droit-dauteur\\\/communaute-de-pratique-des-droits-dauteur\\\/\",\"name\":\"Communaut\u00e9 de pratique des droits d'auteur - Association des biblioth\u00e8ques de recherche du Canada\",\"isPartOf\":{\"@id\":\"https:\\\/\\\/www.carl-abrc.ca\\\/fr\\\/#website\"},\"datePublished\":\"2025-07-29T21:34:31+00:00\",\"dateModified\":\"2025-11-05T01:03:36+00:00\",\"breadcrumb\":{\"@id\":\"https:\\\/\\\/www.carl-abrc.ca\\\/fr\\\/influencer-les-politiques\\\/droit-dauteur\\\/communaute-de-pratique-des-droits-dauteur\\\/#breadcrumb\"},\"inLanguage\":\"fr-FR\",\"potentialAction\":[{\"@type\":\"ReadAction\",\"target\":[\"https:\\\/\\\/www.carl-abrc.ca\\\/fr\\\/influencer-les-politiques\\\/droit-dauteur\\\/communaute-de-pratique-des-droits-dauteur\\\/\"]}]},{\"@type\":\"BreadcrumbList\",\"@id\":\"https:\\\/\\\/www.carl-abrc.ca\\\/fr\\\/influencer-les-politiques\\\/droit-dauteur\\\/communaute-de-pratique-des-droits-dauteur\\\/#breadcrumb\",\"itemListElement\":[{\"@type\":\"ListItem\",\"position\":1,\"name\":\"Accueil\",\"item\":\"https:\\\/\\\/www.carl-abrc.ca\\\/fr\\\/home-3\\\/\"},{\"@type\":\"ListItem\",\"position\":2,\"name\":\"Influencer les politiques\",\"item\":\"https:\\\/\\\/www.carl-abrc.ca\\\/fr\\\/influencer-les-politiques\\\/\"},{\"@type\":\"ListItem\",\"position\":3,\"name\":\"Droit d\u2019auteur\",\"item\":\"https:\\\/\\\/www.carl-abrc.ca\\\/fr\\\/influencer-les-politiques\\\/droit-dauteur\\\/\"},{\"@type\":\"ListItem\",\"position\":4,\"name\":\"Communaut\u00e9 de pratique des droits d&#8217;auteur\"}]},{\"@type\":\"WebSite\",\"@id\":\"https:\\\/\\\/www.carl-abrc.ca\\\/fr\\\/#website\",\"url\":\"https:\\\/\\\/www.carl-abrc.ca\\\/fr\\\/\",\"name\":\"Association des biblioth\u00e8ques de recherche du Canada\",\"description\":\"ABRC\",\"publisher\":{\"@id\":\"https:\\\/\\\/www.carl-abrc.ca\\\/fr\\\/#organization\"},\"potentialAction\":[{\"@type\":\"SearchAction\",\"target\":{\"@type\":\"EntryPoint\",\"urlTemplate\":\"https:\\\/\\\/www.carl-abrc.ca\\\/fr\\\/?s={search_term_string}\"},\"query-input\":{\"@type\":\"PropertyValueSpecification\",\"valueRequired\":true,\"valueName\":\"search_term_string\"}}],\"inLanguage\":\"fr-FR\"},{\"@type\":\"Organization\",\"@id\":\"https:\\\/\\\/www.carl-abrc.ca\\\/fr\\\/#organization\",\"name\":\"Association des biblioth\u00e8ques de recherche du Canada\",\"url\":\"https:\\\/\\\/www.carl-abrc.ca\\\/fr\\\/\",\"logo\":{\"@type\":\"ImageObject\",\"inLanguage\":\"fr-FR\",\"@id\":\"https:\\\/\\\/www.carl-abrc.ca\\\/fr\\\/#\\\/schema\\\/logo\\\/image\\\/\",\"url\":\"https:\\\/\\\/www.carl-abrc.ca\\\/wp-content\\\/uploads\\\/2024\\\/07\\\/cropped-Stacked_Colour_L.png\",\"contentUrl\":\"https:\\\/\\\/www.carl-abrc.ca\\\/wp-content\\\/uploads\\\/2024\\\/07\\\/cropped-Stacked_Colour_L.png\",\"width\":641,\"height\":250,\"caption\":\"Association des biblioth\u00e8ques de recherche du Canada\"},\"image\":{\"@id\":\"https:\\\/\\\/www.carl-abrc.ca\\\/fr\\\/#\\\/schema\\\/logo\\\/image\\\/\"},\"sameAs\":[\"https:\\\/\\\/x.com\\\/carlabrc\"]}]}<\/script>\n<!-- \/ Yoast SEO plugin. -->","yoast_head_json":{"title":"Communaut\u00e9 de pratique des droits d'auteur - Association des biblioth\u00e8ques de recherche du Canada","robots":{"index":"index","follow":"follow","max-snippet":"max-snippet:-1","max-image-preview":"max-image-preview:large","max-video-preview":"max-video-preview:-1"},"canonical":"https:\/\/www.carl-abrc.ca\/fr\/influencer-les-politiques\/droit-dauteur\/communaute-de-pratique-des-droits-dauteur\/","og_locale":"fr_FR","og_type":"article","og_title":"Communaut\u00e9 de pratique des droits d'auteur - Association des biblioth\u00e8ques de recherche du Canada","og_description":"La communaut\u00e9 de pratique sur le droit d\u2019auteur, cr\u00e9\u00e9e en juillet 2017, permet au personnel des institutions membres et non membres de l\u2019ABRC de se connecter autour de sujets d\u2019int\u00e9r\u00eat [&hellip;]","og_url":"https:\/\/www.carl-abrc.ca\/fr\/influencer-les-politiques\/droit-dauteur\/communaute-de-pratique-des-droits-dauteur\/","og_site_name":"Association des biblioth\u00e8ques de recherche du Canada","article_modified_time":"2025-11-05T01:03:36+00:00","twitter_misc":{"Dur\u00e9e de lecture estim\u00e9e":"2 minutes"},"schema":{"@context":"https:\/\/schema.org","@graph":[{"@type":"WebPage","@id":"https:\/\/www.carl-abrc.ca\/fr\/influencer-les-politiques\/droit-dauteur\/communaute-de-pratique-des-droits-dauteur\/","url":"https:\/\/www.carl-abrc.ca\/fr\/influencer-les-politiques\/droit-dauteur\/communaute-de-pratique-des-droits-dauteur\/","name":"Communaut\u00e9 de pratique des droits d'auteur - Association des biblioth\u00e8ques de recherche du Canada","isPartOf":{"@id":"https:\/\/www.carl-abrc.ca\/fr\/#website"},"datePublished":"2025-07-29T21:34:31+00:00","dateModified":"2025-11-05T01:03:36+00:00","breadcrumb":{"@id":"https:\/\/www.carl-abrc.ca\/fr\/influencer-les-politiques\/droit-dauteur\/communaute-de-pratique-des-droits-dauteur\/#breadcrumb"},"inLanguage":"fr-FR","potentialAction":[{"@type":"ReadAction","target":["https:\/\/www.carl-abrc.ca\/fr\/influencer-les-politiques\/droit-dauteur\/communaute-de-pratique-des-droits-dauteur\/"]}]},{"@type":"BreadcrumbList","@id":"https:\/\/www.carl-abrc.ca\/fr\/influencer-les-politiques\/droit-dauteur\/communaute-de-pratique-des-droits-dauteur\/#breadcrumb","itemListElement":[{"@type":"ListItem","position":1,"name":"Accueil","item":"https:\/\/www.carl-abrc.ca\/fr\/home-3\/"},{"@type":"ListItem","position":2,"name":"Influencer les politiques","item":"https:\/\/www.carl-abrc.ca\/fr\/influencer-les-politiques\/"},{"@type":"ListItem","position":3,"name":"Droit d\u2019auteur","item":"https:\/\/www.carl-abrc.ca\/fr\/influencer-les-politiques\/droit-dauteur\/"},{"@type":"ListItem","position":4,"name":"Communaut\u00e9 de pratique des droits d&#8217;auteur"}]},{"@type":"WebSite","@id":"https:\/\/www.carl-abrc.ca\/fr\/#website","url":"https:\/\/www.carl-abrc.ca\/fr\/","name":"Association des biblioth\u00e8ques de recherche du Canada","description":"ABRC","publisher":{"@id":"https:\/\/www.carl-abrc.ca\/fr\/#organization"},"potentialAction":[{"@type":"SearchAction","target":{"@type":"EntryPoint","urlTemplate":"https:\/\/www.carl-abrc.ca\/fr\/?s={search_term_string}"},"query-input":{"@type":"PropertyValueSpecification","valueRequired":true,"valueName":"search_term_string"}}],"inLanguage":"fr-FR"},{"@type":"Organization","@id":"https:\/\/www.carl-abrc.ca\/fr\/#organization","name":"Association des biblioth\u00e8ques de recherche du Canada","url":"https:\/\/www.carl-abrc.ca\/fr\/","logo":{"@type":"ImageObject","inLanguage":"fr-FR","@id":"https:\/\/www.carl-abrc.ca\/fr\/#\/schema\/logo\/image\/","url":"https:\/\/www.carl-abrc.ca\/wp-content\/uploads\/2024\/07\/cropped-Stacked_Colour_L.png","contentUrl":"https:\/\/www.carl-abrc.ca\/wp-content\/uploads\/2024\/07\/cropped-Stacked_Colour_L.png","width":641,"height":250,"caption":"Association des biblioth\u00e8ques de recherche du Canada"},"image":{"@id":"https:\/\/www.carl-abrc.ca\/fr\/#\/schema\/logo\/image\/"},"sameAs":["https:\/\/x.com\/carlabrc"]}]}},"_links":{"self":[{"href":"https:\/\/www.carl-abrc.ca\/fr\/wp-json\/wp\/v2\/pages\/37240","targetHints":{"allow":["GET"]}}],"collection":[{"href":"https:\/\/www.carl-abrc.ca\/fr\/wp-json\/wp\/v2\/pages"}],"about":[{"href":"https:\/\/www.carl-abrc.ca\/fr\/wp-json\/wp\/v2\/types\/page"}],"author":[{"embeddable":true,"href":"https:\/\/www.carl-abrc.ca\/fr\/wp-json\/wp\/v2\/users\/131"}],"replies":[{"embeddable":true,"href":"https:\/\/www.carl-abrc.ca\/fr\/wp-json\/wp\/v2\/comments?post=37240"}],"version-history":[{"count":0,"href":"https:\/\/www.carl-abrc.ca\/fr\/wp-json\/wp\/v2\/pages\/37240\/revisions"}],"up":[{"embeddable":true,"href":"https:\/\/www.carl-abrc.ca\/fr\/wp-json\/wp\/v2\/pages\/1318"}],"wp:attachment":[{"href":"https:\/\/www.carl-abrc.ca\/fr\/wp-json\/wp\/v2\/media?parent=37240"}],"curies":[{"name":"wp","href":"https:\/\/api.w.org\/{rel}","templated":true}]}}