{"id":7023,"date":"2018-05-24T12:06:30","date_gmt":"2018-05-24T16:06:30","guid":{"rendered":"http:\/\/www.carl-abrc.ca\/?page_id=7023"},"modified":"2026-05-04T11:49:32","modified_gmt":"2026-05-04T15:49:32","slug":"groupe-de-travail-depots-ouverts","status":"publish","type":"page","link":"https:\/\/www.carl-abrc.ca\/fr\/faire-avancer-la-recherche\/depots-institutionnels\/groupe-de-travail-depots-ouverts\/","title":{"rendered":"Groupe de travail sur les d\u00e9p\u00f4ts ouverts"},"content":{"rendered":"\t\t<div data-elementor-type=\"wp-page\" data-elementor-id=\"7023\" class=\"elementor elementor-7023 elementor-7019\">\n\t\t\t\t\t\t<section class=\"elementor-section elementor-top-section elementor-element elementor-element-bcf856c elementor-section-content-middle elementor-section-stretched elementor-section-boxed elementor-section-height-default elementor-section-height-default\" data-id=\"bcf856c\" data-element_type=\"section\" data-e-type=\"section\" data-settings=\"{&quot;background_background&quot;:&quot;classic&quot;,&quot;stretch_section&quot;:&quot;section-stretched&quot;}\">\n\t\t\t\t\t\t\t<div class=\"elementor-background-overlay\"><\/div>\n\t\t\t\t\t\t\t<div class=\"elementor-container elementor-column-gap-custom\">\n\t\t\t\t\t<div class=\"elementor-column elementor-col-100 elementor-top-column elementor-element elementor-element-21c23a3\" data-id=\"21c23a3\" data-element_type=\"column\" data-e-type=\"column\">\n\t\t\t<div class=\"elementor-widget-wrap elementor-element-populated\">\n\t\t\t\t\t\t<div class=\"elementor-element elementor-element-87afe33 elementor-widget elementor-widget-text-editor\" data-id=\"87afe33\" data-element_type=\"widget\" data-e-type=\"widget\" data-widget_type=\"text-editor.default\">\n\t\t\t\t<div class=\"elementor-widget-container\">\n\t\t\t\t\t\t\t\t\t<p><em>Ce groupe a achev\u00e9 son mandat et a mis fin \u00e0 ses activit\u00e9s.<\/em><\/p>\t\t\t\t\t\t\t\t<\/div>\n\t\t\t\t<\/div>\n\t\t\t\t\t<\/div>\n\t\t<\/div>\n\t\t\t\t\t<\/div>\n\t\t<\/section>\n\t\t<div class=\"elementor-element elementor-element-e2e82e9 e-flex e-con-boxed e-con e-parent\" data-id=\"e2e82e9\" data-element_type=\"container\" data-e-type=\"container\">\n\t\t\t\t\t<div class=\"e-con-inner\">\n\t\t<div class=\"elementor-element elementor-element-e971607 e-con-full e-flex e-con e-child\" data-id=\"e971607\" data-element_type=\"container\" data-e-type=\"container\">\n\t\t\t\t<div class=\"elementor-element elementor-element-6e70afac elementor-widget__width-initial elementor-widget elementor-widget-text-editor\" data-id=\"6e70afac\" data-element_type=\"widget\" data-e-type=\"widget\" data-widget_type=\"text-editor.default\">\n\t\t\t\t<div class=\"elementor-widget-container\">\n\t\t\t\t\t\t\t\t\t<p>Le groupe de travail sur les d\u00e9p\u00f4ts ouverts, actif de janvier 2018 jusqu\u2019en d\u00e9cembre 2022, oeuvrait en collaboration avec la communaut\u00e9 de d\u00e9p\u00f4t du Canada afin de d\u00e9finir une vision strat\u00e9gique pour les d\u00e9p\u00f4ts, en plus d\u2019aider \u00e0 faire progresser la communaut\u00e9 vers l\u2019atteinte de buts et objectifs communs. Il \u00e9tait compos\u00e9 de repr\u00e9sentants charg\u00e9s de la gestion des d\u00e9p\u00f4ts et de la communication avec les chercheurs, ainsi que de directeurs de biblioth\u00e8que qui encadrent et fa\u00e7onnent les priorit\u00e9s organisationnelles. Le groupe \u00e9tait \u00e9galement responsable du\u00a0<a href=\"https:\/\/www.carl-abrc.ca\/fr\/faire-avancer-la-recherche\/depots-institutionnels\/\">projet d\u2019inventaire de plateformes de d\u00e9p\u00f4t canadiennes<\/a>.<\/p><ul><li><a href=\"https:\/\/www.carl-abrc.ca\/wp-content\/uploads\/2020\/06\/GTDO_mandat_2020-2021_FR.pdf\">Mandat du groupe de travail<\/a>\u00a0(2020-2022)<\/li><li><a href=\"https:\/\/www.carl-abrc.ca\/wp-content\/uploads\/2020\/06\/Sousgroupes_GTDO_mandats_2020-2021_FR.pdf\">Mandats des sous-groupes du GTDO<\/a> (2020-2021)<\/li><\/ul>\t\t\t\t\t\t\t\t<\/div>\n\t\t\t\t<\/div>\n\t\t\t\t<div class=\"elementor-element elementor-element-1602903 elementor-widget elementor-widget-heading\" data-id=\"1602903\" data-element_type=\"widget\" data-e-type=\"widget\" data-widget_type=\"heading.default\">\n\t\t\t\t<div class=\"elementor-widget-container\">\n\t\t\t\t\t<h2 class=\"elementor-heading-title elementor-size-default\">Initiatives et ressources<\/h2>\t\t\t\t<\/div>\n\t\t\t\t<\/div>\n\t\t\t\t<div class=\"elementor-element elementor-element-b605a21 elementor-widget elementor-widget-text-editor\" data-id=\"b605a21\" data-element_type=\"widget\" data-e-type=\"widget\" data-widget_type=\"text-editor.default\">\n\t\t\t\t<div class=\"elementor-widget-container\">\n\t\t\t\t\t\t\t\t\t<ul><li><a href=\"https:\/\/www.carl-abrc.ca\/fr\/faire-avancer-la-recherche\/depots-institutionnels\/collaboration-avec-openaire\/\">D\u00e9tails sur la collaboration de l\u2019ABRC avec OpenAIRE<\/a><\/li><li><a href=\"https:\/\/www.carl-abrc.ca\/wp-content\/uploads\/2020\/04\/ORWG_report3_Advancing_open_EN.pdf\">Advancing Open : points de vue des spe\u0301cialistes de la communication savante<\/a>\u00a0(2020)<\/li><li><a href=\"https:\/\/www.carl-abrc.ca\/wp-content\/uploads\/2019\/12\/gtdo_rapport1_stats_depot_fr.pdf\">Statistiques des d\u00e9p\u00f4ts institutionnels : approches fiables et coh\u00e9rentes pour les d\u00e9p\u00f4ts canadiens<\/a>\u00a0(2019)<\/li><li><a href=\"https:\/\/www.carl-abrc.ca\/wp-content\/uploads\/2019\/12\/gtdo_rapport2_preservation_depot_fr.pdf\">La fonctionnalit\u00e9 de conservation num\u00e9rique des syst\u00e8mes de d\u00e9p\u00f4ts canadiens<\/a>\u00a0(2019)<\/li><li><a href=\"https:\/\/drive.google.com\/open?id=10l_0ZmJB2ArBCY1-wxAJHLl4NVpLd2d3\">Webinaire\u00a0<em>(en anglais)<\/em>\u00a0: Everything You Ever Wanted to Know about Next Generation Repositories But Were Afraid to Ask<\/a>\u00a0(18 avril 2018) present\u00e9 par le GTDO en collaboration avec la Confederation of Open Access Repositories (COAR)<\/li><\/ul>\t\t\t\t\t\t\t\t<\/div>\n\t\t\t\t<\/div>\n\t\t\t\t<\/div>\n\t\t\t\t\t<\/div>\n\t\t\t\t<\/div>\n\t\t<div class=\"elementor-element elementor-element-4ca53048 e-flex e-con-boxed e-con e-parent\" data-id=\"4ca53048\" data-element_type=\"container\" data-e-type=\"container\">\n\t\t\t\t\t<div class=\"e-con-inner\">\n\t\t\t\t\t<\/div>\n\t\t\t\t<\/div>\n\t\t\t\t<\/div>\n\t\t","protected":false},"excerpt":{"rendered":"<p>Ce groupe a achev\u00e9 son mandat et a mis fin \u00e0 ses activit\u00e9s. Le groupe de travail sur les d\u00e9p\u00f4ts ouverts, actif de janvier 2018 jusqu\u2019en d\u00e9cembre 2022, oeuvrait en [&hellip;]<\/p>\n","protected":false},"author":11,"featured_media":0,"parent":1070,"menu_order":0,"comment_status":"closed","ping_status":"closed","template":"","meta":{"_acf_changed":false,"_EventAllDay":false,"_EventTimezone":"","_EventStartDate":"","_EventEndDate":"","_EventStartDateUTC":"","_EventEndDateUTC":"","_EventShowMap":false,"_EventShowMapLink":false,"_EventURL":"","_EventCost":"","_EventCostDescription":"","_EventCurrencySymbol":"","_EventCurrencyCode":"","_EventCurrencyPosition":"","_EventDateTimeSeparator":"","_EventTimeRangeSeparator":"","_EventOrganizerID":[],"_EventVenueID":[],"_OrganizerEmail":"","_OrganizerPhone":"","_OrganizerWebsite":"","_VenueAddress":"","_VenueCity":"","_VenueCountry":"","_VenueProvince":"","_VenueState":"","_VenueZip":"","_VenuePhone":"","_VenueURL":"","_VenueStateProvince":"","_VenueLat":"","_VenueLng":"","_VenueShowMap":false,"_VenueShowMapLink":false,"footnotes":""},"class_list":["post-7023","page","type-page","status-publish","hentry"],"acf":[],"yoast_head":"<!-- This site is optimized with the Yoast SEO plugin v27.5 - https:\/\/yoast.com\/product\/yoast-seo-wordpress\/ -->\n<title>Groupe de travail sur les d\u00e9p\u00f4ts ouverts - Association des biblioth\u00e8ques de recherche du Canada<\/title>\n<meta name=\"robots\" content=\"index, follow, max-snippet:-1, max-image-preview:large, max-video-preview:-1\" \/>\n<link rel=\"canonical\" href=\"https:\/\/www.carl-abrc.ca\/fr\/faire-avancer-la-recherche\/depots-institutionnels\/groupe-de-travail-depots-ouverts\/\" \/>\n<meta property=\"og:locale\" content=\"fr_FR\" \/>\n<meta property=\"og:type\" content=\"article\" \/>\n<meta property=\"og:title\" content=\"Groupe de travail sur les d\u00e9p\u00f4ts ouverts - Association des biblioth\u00e8ques de recherche du Canada\" \/>\n<meta property=\"og:description\" content=\"Ce groupe a achev\u00e9 son mandat et a mis fin \u00e0 ses activit\u00e9s. Le groupe de travail sur les d\u00e9p\u00f4ts ouverts, actif de janvier 2018 jusqu\u2019en d\u00e9cembre 2022, oeuvrait en [&hellip;]\" \/>\n<meta property=\"og:url\" content=\"https:\/\/www.carl-abrc.ca\/fr\/faire-avancer-la-recherche\/depots-institutionnels\/groupe-de-travail-depots-ouverts\/\" \/>\n<meta property=\"og:site_name\" content=\"Association des biblioth\u00e8ques de recherche du Canada\" \/>\n<meta property=\"article:modified_time\" content=\"2026-05-04T15:49:32+00:00\" \/>\n<meta name=\"twitter:label1\" content=\"Dur\u00e9e de lecture estim\u00e9e\" \/>\n\t<meta name=\"twitter:data1\" content=\"2 minutes\" \/>\n<script type=\"application\/ld+json\" class=\"yoast-schema-graph\">{\"@context\":\"https:\\\/\\\/schema.org\",\"@graph\":[{\"@type\":\"WebPage\",\"@id\":\"https:\\\/\\\/www.carl-abrc.ca\\\/fr\\\/faire-avancer-la-recherche\\\/depots-institutionnels\\\/groupe-de-travail-depots-ouverts\\\/\",\"url\":\"https:\\\/\\\/www.carl-abrc.ca\\\/fr\\\/faire-avancer-la-recherche\\\/depots-institutionnels\\\/groupe-de-travail-depots-ouverts\\\/\",\"name\":\"Groupe de travail sur les d\u00e9p\u00f4ts ouverts - Association des biblioth\u00e8ques de recherche du Canada\",\"isPartOf\":{\"@id\":\"https:\\\/\\\/www.carl-abrc.ca\\\/fr\\\/#website\"},\"datePublished\":\"2018-05-24T16:06:30+00:00\",\"dateModified\":\"2026-05-04T15:49:32+00:00\",\"breadcrumb\":{\"@id\":\"https:\\\/\\\/www.carl-abrc.ca\\\/fr\\\/faire-avancer-la-recherche\\\/depots-institutionnels\\\/groupe-de-travail-depots-ouverts\\\/#breadcrumb\"},\"inLanguage\":\"fr-FR\",\"potentialAction\":[{\"@type\":\"ReadAction\",\"target\":[\"https:\\\/\\\/www.carl-abrc.ca\\\/fr\\\/faire-avancer-la-recherche\\\/depots-institutionnels\\\/groupe-de-travail-depots-ouverts\\\/\"]}]},{\"@type\":\"BreadcrumbList\",\"@id\":\"https:\\\/\\\/www.carl-abrc.ca\\\/fr\\\/faire-avancer-la-recherche\\\/depots-institutionnels\\\/groupe-de-travail-depots-ouverts\\\/#breadcrumb\",\"itemListElement\":[{\"@type\":\"ListItem\",\"position\":1,\"name\":\"Accueil\",\"item\":\"https:\\\/\\\/www.carl-abrc.ca\\\/fr\\\/home-3\\\/\"},{\"@type\":\"ListItem\",\"position\":2,\"name\":\"Faire avancer la recherche\",\"item\":\"https:\\\/\\\/www.carl-abrc.ca\\\/fr\\\/faire-avancer-la-recherche\\\/\"},{\"@type\":\"ListItem\",\"position\":3,\"name\":\"D\u00e9p\u00f4ts institutionnels\",\"item\":\"https:\\\/\\\/www.carl-abrc.ca\\\/fr\\\/faire-avancer-la-recherche\\\/depots-institutionnels\\\/\"},{\"@type\":\"ListItem\",\"position\":4,\"name\":\"Groupe de travail sur les d\u00e9p\u00f4ts ouverts\"}]},{\"@type\":\"WebSite\",\"@id\":\"https:\\\/\\\/www.carl-abrc.ca\\\/fr\\\/#website\",\"url\":\"https:\\\/\\\/www.carl-abrc.ca\\\/fr\\\/\",\"name\":\"Association des biblioth\u00e8ques de recherche du Canada\",\"description\":\"ABRC\",\"publisher\":{\"@id\":\"https:\\\/\\\/www.carl-abrc.ca\\\/fr\\\/#organization\"},\"potentialAction\":[{\"@type\":\"SearchAction\",\"target\":{\"@type\":\"EntryPoint\",\"urlTemplate\":\"https:\\\/\\\/www.carl-abrc.ca\\\/fr\\\/?s={search_term_string}\"},\"query-input\":{\"@type\":\"PropertyValueSpecification\",\"valueRequired\":true,\"valueName\":\"search_term_string\"}}],\"inLanguage\":\"fr-FR\"},{\"@type\":\"Organization\",\"@id\":\"https:\\\/\\\/www.carl-abrc.ca\\\/fr\\\/#organization\",\"name\":\"Association des biblioth\u00e8ques de recherche du Canada\",\"url\":\"https:\\\/\\\/www.carl-abrc.ca\\\/fr\\\/\",\"logo\":{\"@type\":\"ImageObject\",\"inLanguage\":\"fr-FR\",\"@id\":\"https:\\\/\\\/www.carl-abrc.ca\\\/fr\\\/#\\\/schema\\\/logo\\\/image\\\/\",\"url\":\"https:\\\/\\\/www.carl-abrc.ca\\\/wp-content\\\/uploads\\\/2024\\\/07\\\/cropped-Stacked_Colour_L.png\",\"contentUrl\":\"https:\\\/\\\/www.carl-abrc.ca\\\/wp-content\\\/uploads\\\/2024\\\/07\\\/cropped-Stacked_Colour_L.png\",\"width\":641,\"height\":250,\"caption\":\"Association des biblioth\u00e8ques de recherche du Canada\"},\"image\":{\"@id\":\"https:\\\/\\\/www.carl-abrc.ca\\\/fr\\\/#\\\/schema\\\/logo\\\/image\\\/\"},\"sameAs\":[\"https:\\\/\\\/x.com\\\/carlabrc\"]}]}<\/script>\n<!-- \/ Yoast SEO plugin. -->","yoast_head_json":{"title":"Groupe de travail sur les d\u00e9p\u00f4ts ouverts - Association des biblioth\u00e8ques de recherche du Canada","robots":{"index":"index","follow":"follow","max-snippet":"max-snippet:-1","max-image-preview":"max-image-preview:large","max-video-preview":"max-video-preview:-1"},"canonical":"https:\/\/www.carl-abrc.ca\/fr\/faire-avancer-la-recherche\/depots-institutionnels\/groupe-de-travail-depots-ouverts\/","og_locale":"fr_FR","og_type":"article","og_title":"Groupe de travail sur les d\u00e9p\u00f4ts ouverts - Association des biblioth\u00e8ques de recherche du Canada","og_description":"Ce groupe a achev\u00e9 son mandat et a mis fin \u00e0 ses activit\u00e9s. Le groupe de travail sur les d\u00e9p\u00f4ts ouverts, actif de janvier 2018 jusqu\u2019en d\u00e9cembre 2022, oeuvrait en [&hellip;]","og_url":"https:\/\/www.carl-abrc.ca\/fr\/faire-avancer-la-recherche\/depots-institutionnels\/groupe-de-travail-depots-ouverts\/","og_site_name":"Association des biblioth\u00e8ques de recherche du Canada","article_modified_time":"2026-05-04T15:49:32+00:00","twitter_misc":{"Dur\u00e9e de lecture estim\u00e9e":"2 minutes"},"schema":{"@context":"https:\/\/schema.org","@graph":[{"@type":"WebPage","@id":"https:\/\/www.carl-abrc.ca\/fr\/faire-avancer-la-recherche\/depots-institutionnels\/groupe-de-travail-depots-ouverts\/","url":"https:\/\/www.carl-abrc.ca\/fr\/faire-avancer-la-recherche\/depots-institutionnels\/groupe-de-travail-depots-ouverts\/","name":"Groupe de travail sur les d\u00e9p\u00f4ts ouverts - Association des biblioth\u00e8ques de recherche du Canada","isPartOf":{"@id":"https:\/\/www.carl-abrc.ca\/fr\/#website"},"datePublished":"2018-05-24T16:06:30+00:00","dateModified":"2026-05-04T15:49:32+00:00","breadcrumb":{"@id":"https:\/\/www.carl-abrc.ca\/fr\/faire-avancer-la-recherche\/depots-institutionnels\/groupe-de-travail-depots-ouverts\/#breadcrumb"},"inLanguage":"fr-FR","potentialAction":[{"@type":"ReadAction","target":["https:\/\/www.carl-abrc.ca\/fr\/faire-avancer-la-recherche\/depots-institutionnels\/groupe-de-travail-depots-ouverts\/"]}]},{"@type":"BreadcrumbList","@id":"https:\/\/www.carl-abrc.ca\/fr\/faire-avancer-la-recherche\/depots-institutionnels\/groupe-de-travail-depots-ouverts\/#breadcrumb","itemListElement":[{"@type":"ListItem","position":1,"name":"Accueil","item":"https:\/\/www.carl-abrc.ca\/fr\/home-3\/"},{"@type":"ListItem","position":2,"name":"Faire avancer la recherche","item":"https:\/\/www.carl-abrc.ca\/fr\/faire-avancer-la-recherche\/"},{"@type":"ListItem","position":3,"name":"D\u00e9p\u00f4ts institutionnels","item":"https:\/\/www.carl-abrc.ca\/fr\/faire-avancer-la-recherche\/depots-institutionnels\/"},{"@type":"ListItem","position":4,"name":"Groupe de travail sur les d\u00e9p\u00f4ts ouverts"}]},{"@type":"WebSite","@id":"https:\/\/www.carl-abrc.ca\/fr\/#website","url":"https:\/\/www.carl-abrc.ca\/fr\/","name":"Association des biblioth\u00e8ques de recherche du Canada","description":"ABRC","publisher":{"@id":"https:\/\/www.carl-abrc.ca\/fr\/#organization"},"potentialAction":[{"@type":"SearchAction","target":{"@type":"EntryPoint","urlTemplate":"https:\/\/www.carl-abrc.ca\/fr\/?s={search_term_string}"},"query-input":{"@type":"PropertyValueSpecification","valueRequired":true,"valueName":"search_term_string"}}],"inLanguage":"fr-FR"},{"@type":"Organization","@id":"https:\/\/www.carl-abrc.ca\/fr\/#organization","name":"Association des biblioth\u00e8ques de recherche du Canada","url":"https:\/\/www.carl-abrc.ca\/fr\/","logo":{"@type":"ImageObject","inLanguage":"fr-FR","@id":"https:\/\/www.carl-abrc.ca\/fr\/#\/schema\/logo\/image\/","url":"https:\/\/www.carl-abrc.ca\/wp-content\/uploads\/2024\/07\/cropped-Stacked_Colour_L.png","contentUrl":"https:\/\/www.carl-abrc.ca\/wp-content\/uploads\/2024\/07\/cropped-Stacked_Colour_L.png","width":641,"height":250,"caption":"Association des biblioth\u00e8ques de recherche du Canada"},"image":{"@id":"https:\/\/www.carl-abrc.ca\/fr\/#\/schema\/logo\/image\/"},"sameAs":["https:\/\/x.com\/carlabrc"]}]}},"_links":{"self":[{"href":"https:\/\/www.carl-abrc.ca\/fr\/wp-json\/wp\/v2\/pages\/7023","targetHints":{"allow":["GET"]}}],"collection":[{"href":"https:\/\/www.carl-abrc.ca\/fr\/wp-json\/wp\/v2\/pages"}],"about":[{"href":"https:\/\/www.carl-abrc.ca\/fr\/wp-json\/wp\/v2\/types\/page"}],"author":[{"embeddable":true,"href":"https:\/\/www.carl-abrc.ca\/fr\/wp-json\/wp\/v2\/users\/11"}],"replies":[{"embeddable":true,"href":"https:\/\/www.carl-abrc.ca\/fr\/wp-json\/wp\/v2\/comments?post=7023"}],"version-history":[{"count":6,"href":"https:\/\/www.carl-abrc.ca\/fr\/wp-json\/wp\/v2\/pages\/7023\/revisions"}],"predecessor-version":[{"id":41122,"href":"https:\/\/www.carl-abrc.ca\/fr\/wp-json\/wp\/v2\/pages\/7023\/revisions\/41122"}],"up":[{"embeddable":true,"href":"https:\/\/www.carl-abrc.ca\/fr\/wp-json\/wp\/v2\/pages\/1070"}],"wp:attachment":[{"href":"https:\/\/www.carl-abrc.ca\/fr\/wp-json\/wp\/v2\/media?parent=7023"}],"curies":[{"name":"wp","href":"https:\/\/api.w.org\/{rel}","templated":true}]}}